{"id":12175,"date":"2023-09-06T16:21:31","date_gmt":"2023-09-06T15:21:31","guid":{"rendered":"https:\/\/baralivres.ma\/?post_type=product&#038;p=12175"},"modified":"2024-04-03T13:57:23","modified_gmt":"2024-04-03T12:57:23","slug":"assassination-classroom-tome-5","status":"publish","type":"product","link":"https:\/\/baralivres.ma\/?product=assassination-classroom-tome-5","title":{"rendered":"Assassination Classroom Tome 5"},"content":{"rendered":"<p>La couverture de ce tome est on ne peut plus simple, mais n&rsquo;allez pas croire que c&rsquo;est parce que j&rsquo;ai b\u00e2cl\u00e9 mon travail, (rires). J&rsquo;ai d\u00e9termin\u00e9 la position de la bouche au millim\u00e8tre pr\u00e8s, j&rsquo;ai essay\u00e9 plusieurs blancs l\u00e9g\u00e8rement diff\u00e9rents, et ce n&rsquo;est qu&rsquo;apr\u00e8s avoir minutieusement analys\u00e9 plusieurs possibilit\u00e9s que je suis parvenu \u00e0 ce r\u00e9sultat. Et finalement, je me dis que le blanc est vraiment une belle couleur.<br \/>\nLe blanc est souvent utilis\u00e9 comme couleur de fond, aussi bien pour les dessins sur papier que pour ceux sur ordinateur, mais lorsque le blanc devient la couleur principale, je trouve que cela apporte une beaut\u00e9 d&rsquo;une grande fra\u00eecheur. J&rsquo;aimerais tant \u00eatre le genre d&rsquo;homme qui a tout de suite la classe lorsqu&rsquo;il porte une chemise blanche&#8230;<\/p>\n","protected":false},"excerpt":{"rendered":"<p>La couverture de ce tome est on ne peut plus simple, mais n&rsquo;allez pas croire que c&rsquo;est parce que j&rsquo;ai b\u00e2cl\u00e9 mon travail, (rires). J&rsquo;ai d\u00e9termin\u00e9 la position de la bouche au millim\u00e8tre pr\u00e8s, j&rsquo;ai essay\u00e9 plusieurs blancs l\u00e9g\u00e8rement diff\u00e9rents, et ce n&rsquo;est qu&rsquo;apr\u00e8s avoir minutieusement analys\u00e9 plusieurs possibilit\u00e9s que je suis parvenu \u00e0 ce [&hellip;]<\/p>\n","protected":false},"featured_media":12176,"comment_status":"open","ping_status":"closed","template":"","meta":{"inline_featured_image":false},"product_cat":[203,204,205,3687],"product_tag":[],"class_list":{"0":"post-12175","1":"product","2":"type-product","3":"status-publish","4":"has-post-thumbnail","6":"product_cat-adolescente","7":"product_cat-francais","8":"product_cat-enfant-adolescente-francais","9":"product_cat-assassination-classroom","11":"first","12":"instock","13":"shipping-taxable","14":"purchasable","15":"product-type-simple"},"_links":{"self":[{"href":"https:\/\/baralivres.ma\/index.php?rest_route=\/wp\/v2\/product\/12175","targetHints":{"allow":["GET"]}}],"collection":[{"href":"https:\/\/baralivres.ma\/index.php?rest_route=\/wp\/v2\/product"}],"about":[{"href":"https:\/\/baralivres.ma\/index.php?rest_route=\/wp\/v2\/types\/product"}],"replies":[{"embeddable":true,"href":"https:\/\/baralivres.ma\/index.php?rest_route=%2Fwp%2Fv2%2Fcomments&post=12175"}],"version-history":[{"count":1,"href":"https:\/\/baralivres.ma\/index.php?rest_route=\/wp\/v2\/product\/12175\/revisions"}],"predecessor-version":[{"id":12177,"href":"https:\/\/baralivres.ma\/index.php?rest_route=\/wp\/v2\/product\/12175\/revisions\/12177"}],"wp:featuredmedia":[{"embeddable":true,"href":"https:\/\/baralivres.ma\/index.php?rest_route=\/wp\/v2\/media\/12176"}],"wp:attachment":[{"href":"https:\/\/baralivres.ma\/index.php?rest_route=%2Fwp%2Fv2%2Fmedia&parent=12175"}],"wp:term":[{"taxonomy":"product_cat","embeddable":true,"href":"https:\/\/baralivres.ma\/index.php?rest_route=%2Fwp%2Fv2%2Fproduct_cat&post=12175"},{"taxonomy":"product_tag","embeddable":true,"href":"https:\/\/baralivres.ma\/index.php?rest_route=%2Fwp%2Fv2%2Fproduct_tag&post=12175"}],"curies":[{"name":"wp","href":"https:\/\/api.w.org\/{rel}","templated":true}]}}