{"id":12166,"date":"2023-09-06T14:45:25","date_gmt":"2023-09-06T13:45:25","guid":{"rendered":"https:\/\/baralivres.ma\/?post_type=product&#038;p=12166"},"modified":"2023-09-06T14:45:25","modified_gmt":"2023-09-06T13:45:25","slug":"dofus-volume-double-9","status":"publish","type":"product","link":"https:\/\/baralivres.ma\/?product=dofus-volume-double-9","title":{"rendered":"Dofus Volume double 9"},"content":{"rendered":"<p>Nos amis sont en bien mauvaise posture : le Cornu Mollu, a vaincu le plus puissant des Dieux, le Dieu Iop et s&rsquo;enfuit vers Br\u00e2kmar, dans le but de dominer le monde. Goultard, son fils, subit la m\u00eame humiliation. Heureusement pour eux et Arty, Dodge n&rsquo;est jamais loin. Mais cette fois, ils semblent \u00eatre confront\u00e9s \u00e0 la plus puissante des cr\u00e9atures&#8230; La fin serait-elle proche ?<\/p>\n","protected":false},"excerpt":{"rendered":"<p>Nos amis sont en bien mauvaise posture : le Cornu Mollu, a vaincu le plus puissant des Dieux, le Dieu Iop et s&rsquo;enfuit vers Br\u00e2kmar, dans le but de dominer le monde. Goultard, son fils, subit la m\u00eame humiliation. Heureusement pour eux et Arty, Dodge n&rsquo;est jamais loin. Mais cette fois, ils semblent \u00eatre confront\u00e9s \u00e0 la plus puissante des cr\u00e9atures&#8230; La fin serait-elle proche ?<\/p>\n","protected":false},"featured_media":12167,"comment_status":"open","ping_status":"closed","template":"","meta":{"inline_featured_image":false},"product_cat":[203,204,205],"product_tag":[],"class_list":{"0":"post-12166","1":"product","2":"type-product","3":"status-publish","4":"has-post-thumbnail","6":"product_cat-adolescente","7":"product_cat-francais","8":"product_cat-enfant-adolescente-francais","10":"first","11":"instock","12":"shipping-taxable","13":"purchasable","14":"product-type-simple"},"_links":{"self":[{"href":"https:\/\/baralivres.ma\/index.php?rest_route=\/wp\/v2\/product\/12166","targetHints":{"allow":["GET"]}}],"collection":[{"href":"https:\/\/baralivres.ma\/index.php?rest_route=\/wp\/v2\/product"}],"about":[{"href":"https:\/\/baralivres.ma\/index.php?rest_route=\/wp\/v2\/types\/product"}],"replies":[{"embeddable":true,"href":"https:\/\/baralivres.ma\/index.php?rest_route=%2Fwp%2Fv2%2Fcomments&post=12166"}],"version-history":[{"count":1,"href":"https:\/\/baralivres.ma\/index.php?rest_route=\/wp\/v2\/product\/12166\/revisions"}],"predecessor-version":[{"id":12168,"href":"https:\/\/baralivres.ma\/index.php?rest_route=\/wp\/v2\/product\/12166\/revisions\/12168"}],"wp:featuredmedia":[{"embeddable":true,"href":"https:\/\/baralivres.ma\/index.php?rest_route=\/wp\/v2\/media\/12167"}],"wp:attachment":[{"href":"https:\/\/baralivres.ma\/index.php?rest_route=%2Fwp%2Fv2%2Fmedia&parent=12166"}],"wp:term":[{"taxonomy":"product_cat","embeddable":true,"href":"https:\/\/baralivres.ma\/index.php?rest_route=%2Fwp%2Fv2%2Fproduct_cat&post=12166"},{"taxonomy":"product_tag","embeddable":true,"href":"https:\/\/baralivres.ma\/index.php?rest_route=%2Fwp%2Fv2%2Fproduct_tag&post=12166"}],"curies":[{"name":"wp","href":"https:\/\/api.w.org\/{rel}","templated":true}]}}