{"id":12163,"date":"2023-09-06T14:43:12","date_gmt":"2023-09-06T13:43:12","guid":{"rendered":"https:\/\/baralivres.ma\/?post_type=product&#038;p=12163"},"modified":"2023-09-06T14:43:13","modified_gmt":"2023-09-06T13:43:13","slug":"dofus-manga-edition-double-tome-4","status":"publish","type":"product","link":"https:\/\/baralivres.ma\/?product=dofus-manga-edition-double-tome-4","title":{"rendered":"DOFUS Manga &#8211; \u00e9dition double &#8211; Tome 4"},"content":{"rendered":"<p>Alors que le combat de titan entre le terrifiant Goultard et Arty fait rage sur la belle cit\u00e9 de Bonta, l\u2019inf\u00e2me Many, meurtrier du grand-p\u00e8re d\u2019Arty refait surface. Rep\u00e9r\u00e9 par notre h\u00e9ros bien d\u00e9cid\u00e9 \u00e0 lui r\u00e9gler son compte, le perfide X\u00e9lor tente de s\u2019\u00e9chapper en se t\u00e9l\u00e9portant \u00e0 Br\u00e2kmar. Il n\u2019en fallait pas plus pour que le terrible Djaul s\u2019en m\u00eale\u2026<\/p>\n","protected":false},"excerpt":{"rendered":"<p>Alors que le combat de titan entre le terrifiant Goultard et Arty fait rage sur la belle cit\u00e9 de Bonta, l\u2019inf\u00e2me Many, meurtrier du grand-p\u00e8re d\u2019Arty refait surface. Rep\u00e9r\u00e9 par notre h\u00e9ros bien d\u00e9cid\u00e9 \u00e0 lui r\u00e9gler son compte, le perfide X\u00e9lor tente de s\u2019\u00e9chapper en se t\u00e9l\u00e9portant \u00e0 Br\u00e2kmar. Il n\u2019en fallait pas plus pour que le terrible Djaul s\u2019en m\u00eale\u2026<\/p>\n","protected":false},"featured_media":12164,"comment_status":"open","ping_status":"closed","template":"","meta":{"inline_featured_image":false},"product_cat":[203,204,205],"product_tag":[],"class_list":{"0":"post-12163","1":"product","2":"type-product","3":"status-publish","4":"has-post-thumbnail","6":"product_cat-adolescente","7":"product_cat-francais","8":"product_cat-enfant-adolescente-francais","10":"first","11":"instock","12":"shipping-taxable","13":"purchasable","14":"product-type-simple"},"_links":{"self":[{"href":"https:\/\/baralivres.ma\/index.php?rest_route=\/wp\/v2\/product\/12163","targetHints":{"allow":["GET"]}}],"collection":[{"href":"https:\/\/baralivres.ma\/index.php?rest_route=\/wp\/v2\/product"}],"about":[{"href":"https:\/\/baralivres.ma\/index.php?rest_route=\/wp\/v2\/types\/product"}],"replies":[{"embeddable":true,"href":"https:\/\/baralivres.ma\/index.php?rest_route=%2Fwp%2Fv2%2Fcomments&post=12163"}],"version-history":[{"count":1,"href":"https:\/\/baralivres.ma\/index.php?rest_route=\/wp\/v2\/product\/12163\/revisions"}],"predecessor-version":[{"id":12165,"href":"https:\/\/baralivres.ma\/index.php?rest_route=\/wp\/v2\/product\/12163\/revisions\/12165"}],"wp:featuredmedia":[{"embeddable":true,"href":"https:\/\/baralivres.ma\/index.php?rest_route=\/wp\/v2\/media\/12164"}],"wp:attachment":[{"href":"https:\/\/baralivres.ma\/index.php?rest_route=%2Fwp%2Fv2%2Fmedia&parent=12163"}],"wp:term":[{"taxonomy":"product_cat","embeddable":true,"href":"https:\/\/baralivres.ma\/index.php?rest_route=%2Fwp%2Fv2%2Fproduct_cat&post=12163"},{"taxonomy":"product_tag","embeddable":true,"href":"https:\/\/baralivres.ma\/index.php?rest_route=%2Fwp%2Fv2%2Fproduct_tag&post=12163"}],"curies":[{"name":"wp","href":"https:\/\/api.w.org\/{rel}","templated":true}]}}