{"id":12160,"date":"2023-09-06T14:41:31","date_gmt":"2023-09-06T13:41:31","guid":{"rendered":"https:\/\/baralivres.ma\/?post_type=product&#038;p=12160"},"modified":"2023-09-06T14:41:32","modified_gmt":"2023-09-06T13:41:32","slug":"dofus-volume-double-11","status":"publish","type":"product","link":"https:\/\/baralivres.ma\/?product=dofus-volume-double-11","title":{"rendered":"Dofus Volume double 11"},"content":{"rendered":"<p>En qu\u00eate du Dofus Turquoise, Arty, Lily, Vil Smisse, Ejipe, Dodge et Goultard arrivent enfin dans les montagnes. Mais ils vont devoir faire face \u00e0 un village d&rsquo;humains-loups. Arriveront-ils \u00e0 s&rsquo;en sortir gr\u00e2ce aux m\u00e9thodes pacifistes de Lily ? Rien n&rsquo;est moins s\u00fbr&#8230;<\/p>\n","protected":false},"excerpt":{"rendered":"<p>En qu\u00eate du Dofus Turquoise, Arty, Lily, Vil Smisse, Ejipe, Dodge et Goultard arrivent enfin dans les montagnes. Mais ils vont devoir faire face \u00e0 un village d&rsquo;humains-loups. Arriveront-ils \u00e0 s&rsquo;en sortir gr\u00e2ce aux m\u00e9thodes pacifistes de Lily ? Rien n&rsquo;est moins s\u00fbr&#8230;<\/p>\n","protected":false},"featured_media":12161,"comment_status":"open","ping_status":"closed","template":"","meta":{"inline_featured_image":false},"product_cat":[203,204,205],"product_tag":[],"class_list":{"0":"post-12160","1":"product","2":"type-product","3":"status-publish","4":"has-post-thumbnail","6":"product_cat-adolescente","7":"product_cat-francais","8":"product_cat-enfant-adolescente-francais","10":"first","11":"instock","12":"shipping-taxable","13":"purchasable","14":"product-type-simple"},"_links":{"self":[{"href":"https:\/\/baralivres.ma\/index.php?rest_route=\/wp\/v2\/product\/12160","targetHints":{"allow":["GET"]}}],"collection":[{"href":"https:\/\/baralivres.ma\/index.php?rest_route=\/wp\/v2\/product"}],"about":[{"href":"https:\/\/baralivres.ma\/index.php?rest_route=\/wp\/v2\/types\/product"}],"replies":[{"embeddable":true,"href":"https:\/\/baralivres.ma\/index.php?rest_route=%2Fwp%2Fv2%2Fcomments&post=12160"}],"version-history":[{"count":1,"href":"https:\/\/baralivres.ma\/index.php?rest_route=\/wp\/v2\/product\/12160\/revisions"}],"predecessor-version":[{"id":12162,"href":"https:\/\/baralivres.ma\/index.php?rest_route=\/wp\/v2\/product\/12160\/revisions\/12162"}],"wp:featuredmedia":[{"embeddable":true,"href":"https:\/\/baralivres.ma\/index.php?rest_route=\/wp\/v2\/media\/12161"}],"wp:attachment":[{"href":"https:\/\/baralivres.ma\/index.php?rest_route=%2Fwp%2Fv2%2Fmedia&parent=12160"}],"wp:term":[{"taxonomy":"product_cat","embeddable":true,"href":"https:\/\/baralivres.ma\/index.php?rest_route=%2Fwp%2Fv2%2Fproduct_cat&post=12160"},{"taxonomy":"product_tag","embeddable":true,"href":"https:\/\/baralivres.ma\/index.php?rest_route=%2Fwp%2Fv2%2Fproduct_tag&post=12160"}],"curies":[{"name":"wp","href":"https:\/\/api.w.org\/{rel}","templated":true}]}}