{"id":12151,"date":"2023-09-06T14:37:20","date_gmt":"2023-09-06T13:37:20","guid":{"rendered":"https:\/\/baralivres.ma\/?post_type=product&#038;p=12151"},"modified":"2023-09-06T14:37:21","modified_gmt":"2023-09-06T13:37:21","slug":"dofus-volume-double-8","status":"publish","type":"product","link":"https:\/\/baralivres.ma\/?product=dofus-volume-double-8","title":{"rendered":"Dofus Volume double 8"},"content":{"rendered":"<p>D\u00e9cid\u00e9ment, la vie n&rsquo;est pas de tout repos pour Arty et Goultard ! Ils \u00e9copent d&rsquo;une nouvelle mission&#8230; bien plus difficile qu&rsquo;il n&rsquo;y para\u00eet ! Non seulement ils vont devoir affronter le terrible Yech&rsquo;ti, mais ils vont devoir faire face&#8230; \u00e0 un Dieu ! Un terrible ennemi qui menace tout le monde&#8230; y compris les dieux et les d\u00e9mons ! Tous aux abris !<\/p>\n","protected":false},"excerpt":{"rendered":"<p>D\u00e9cid\u00e9ment, la vie n&rsquo;est pas de tout repos pour Arty et Goultard ! Ils \u00e9copent d&rsquo;une nouvelle mission&#8230; bien plus difficile qu&rsquo;il n&rsquo;y para\u00eet ! Non seulement ils vont devoir affronter le terrible Yech&rsquo;ti, mais ils vont devoir faire face&#8230; \u00e0 un Dieu ! Un terrible ennemi qui menace tout le monde&#8230; y compris les dieux et les d\u00e9mons ! Tous aux abris !<\/p>\n","protected":false},"featured_media":12152,"comment_status":"open","ping_status":"closed","template":"","meta":{"inline_featured_image":false},"product_cat":[203,204,205],"product_tag":[],"class_list":{"0":"post-12151","1":"product","2":"type-product","3":"status-publish","4":"has-post-thumbnail","6":"product_cat-adolescente","7":"product_cat-francais","8":"product_cat-enfant-adolescente-francais","10":"first","11":"instock","12":"shipping-taxable","13":"purchasable","14":"product-type-simple"},"_links":{"self":[{"href":"https:\/\/baralivres.ma\/index.php?rest_route=\/wp\/v2\/product\/12151","targetHints":{"allow":["GET"]}}],"collection":[{"href":"https:\/\/baralivres.ma\/index.php?rest_route=\/wp\/v2\/product"}],"about":[{"href":"https:\/\/baralivres.ma\/index.php?rest_route=\/wp\/v2\/types\/product"}],"replies":[{"embeddable":true,"href":"https:\/\/baralivres.ma\/index.php?rest_route=%2Fwp%2Fv2%2Fcomments&post=12151"}],"version-history":[{"count":1,"href":"https:\/\/baralivres.ma\/index.php?rest_route=\/wp\/v2\/product\/12151\/revisions"}],"predecessor-version":[{"id":12153,"href":"https:\/\/baralivres.ma\/index.php?rest_route=\/wp\/v2\/product\/12151\/revisions\/12153"}],"wp:featuredmedia":[{"embeddable":true,"href":"https:\/\/baralivres.ma\/index.php?rest_route=\/wp\/v2\/media\/12152"}],"wp:attachment":[{"href":"https:\/\/baralivres.ma\/index.php?rest_route=%2Fwp%2Fv2%2Fmedia&parent=12151"}],"wp:term":[{"taxonomy":"product_cat","embeddable":true,"href":"https:\/\/baralivres.ma\/index.php?rest_route=%2Fwp%2Fv2%2Fproduct_cat&post=12151"},{"taxonomy":"product_tag","embeddable":true,"href":"https:\/\/baralivres.ma\/index.php?rest_route=%2Fwp%2Fv2%2Fproduct_tag&post=12151"}],"curies":[{"name":"wp","href":"https:\/\/api.w.org\/{rel}","templated":true}]}}