{"id":12148,"date":"2023-09-06T14:35:52","date_gmt":"2023-09-06T13:35:52","guid":{"rendered":"https:\/\/baralivres.ma\/?post_type=product&#038;p=12148"},"modified":"2023-09-06T14:35:53","modified_gmt":"2023-09-06T13:35:53","slug":"dofus-volume-double-1","status":"publish","type":"product","link":"https:\/\/baralivres.ma\/?product=dofus-volume-double-1","title":{"rendered":"Dofus Volume double 1"},"content":{"rendered":"<p>DOFUS Manga met en sc\u00e8ne les tribulations d&rsquo;Arty et de ses amis dans l&rsquo;univers du Monde des Douze. Une s\u00e9rie initi\u00e9e et sc\u00e9naris\u00e9e par Tot, le concepteur de l&rsquo;univers DOFUS. Souvent loufoque, toujours dr\u00f4le, cette nouvelle \u00e9dition au format double (tomes 1+2) est l&rsquo;occasion de f\u00eater les 10 ans de la s\u00e9rie avec des planches revues et corrig\u00e9es, des pages couleurs in\u00e9dites et en prime, une nouvelle carte pour le jeu DOFUS ! De bonnes raisons pour (re)d\u00e9couvrir cette s\u00e9rie.<\/p>\n","protected":false},"excerpt":{"rendered":"<p>DOFUS Manga met en sc\u00e8ne les tribulations d&rsquo;Arty et de ses amis dans l&rsquo;univers du Monde des Douze. Une s\u00e9rie initi\u00e9e et sc\u00e9naris\u00e9e par Tot, le concepteur de l&rsquo;univers DOFUS. Souvent loufoque, toujours dr\u00f4le, cette nouvelle \u00e9dition au format double (tomes 1+2) est l&rsquo;occasion de f\u00eater les 10 ans de la s\u00e9rie avec des planches revues et corrig\u00e9es, des pages couleurs in\u00e9dites et en prime, une nouvelle carte pour le jeu DOFUS ! De bonnes raisons pour (re)d\u00e9couvrir cette s\u00e9rie.<\/p>\n","protected":false},"featured_media":12149,"comment_status":"open","ping_status":"closed","template":"","meta":{"inline_featured_image":false},"product_cat":[203,204,205],"product_tag":[],"class_list":{"0":"post-12148","1":"product","2":"type-product","3":"status-publish","4":"has-post-thumbnail","6":"product_cat-adolescente","7":"product_cat-francais","8":"product_cat-enfant-adolescente-francais","10":"first","11":"instock","12":"shipping-taxable","13":"purchasable","14":"product-type-simple"},"_links":{"self":[{"href":"https:\/\/baralivres.ma\/index.php?rest_route=\/wp\/v2\/product\/12148","targetHints":{"allow":["GET"]}}],"collection":[{"href":"https:\/\/baralivres.ma\/index.php?rest_route=\/wp\/v2\/product"}],"about":[{"href":"https:\/\/baralivres.ma\/index.php?rest_route=\/wp\/v2\/types\/product"}],"replies":[{"embeddable":true,"href":"https:\/\/baralivres.ma\/index.php?rest_route=%2Fwp%2Fv2%2Fcomments&post=12148"}],"version-history":[{"count":1,"href":"https:\/\/baralivres.ma\/index.php?rest_route=\/wp\/v2\/product\/12148\/revisions"}],"predecessor-version":[{"id":12150,"href":"https:\/\/baralivres.ma\/index.php?rest_route=\/wp\/v2\/product\/12148\/revisions\/12150"}],"wp:featuredmedia":[{"embeddable":true,"href":"https:\/\/baralivres.ma\/index.php?rest_route=\/wp\/v2\/media\/12149"}],"wp:attachment":[{"href":"https:\/\/baralivres.ma\/index.php?rest_route=%2Fwp%2Fv2%2Fmedia&parent=12148"}],"wp:term":[{"taxonomy":"product_cat","embeddable":true,"href":"https:\/\/baralivres.ma\/index.php?rest_route=%2Fwp%2Fv2%2Fproduct_cat&post=12148"},{"taxonomy":"product_tag","embeddable":true,"href":"https:\/\/baralivres.ma\/index.php?rest_route=%2Fwp%2Fv2%2Fproduct_tag&post=12148"}],"curies":[{"name":"wp","href":"https:\/\/api.w.org\/{rel}","templated":true}]}}