{"id":12139,"date":"2023-09-06T14:31:44","date_gmt":"2023-09-06T13:31:44","guid":{"rendered":"https:\/\/baralivres.ma\/?post_type=product&#038;p=12139"},"modified":"2023-09-06T14:31:44","modified_gmt":"2023-09-06T13:31:44","slug":"dofus-volume-double-2","status":"publish","type":"product","link":"https:\/\/baralivres.ma\/?product=dofus-volume-double-2","title":{"rendered":"Dofus Volume double 2"},"content":{"rendered":"<p>Re)d\u00e9couvrez maintenant la s\u00e9rie DOFUS Manga en \u00e9dition double ! Apr\u00e8s avoir battu le Craqueleur et s&rsquo;\u00eatre d\u00e9barrass\u00e9 des pr\u00eatresses de l&rsquo;amour, notre fine \u00e9quipe doit partir d&rsquo;urgence \u00e0 Bonta pour soigner Arty, bien mal en point. A Bonta, Vald fait la connaissance de Dodge, un pilote de kart qui n&rsquo;a rien \u00e0 perdre. Ensemble, ils participent \u00e0 la plus grande course de Dragokart jamais organis\u00e9e, o\u00f9 ils feront face \u00e0 des adversaires peu scrupuleux et \u00e0 un parcours sem\u00e9 d&#8217;embuches&#8230;<br \/>\nA vos marques ? Pr\u00eats ? Partez !<\/p>\n","protected":false},"excerpt":{"rendered":"<p>Re)d\u00e9couvrez maintenant la s\u00e9rie DOFUS Manga en \u00e9dition double ! Apr\u00e8s avoir battu le Craqueleur et s&rsquo;\u00eatre d\u00e9barrass\u00e9 des pr\u00eatresses de l&rsquo;amour, notre fine \u00e9quipe doit partir d&rsquo;urgence \u00e0 Bonta pour soigner Arty, bien mal en point. A Bonta, Vald fait la connaissance de Dodge, un pilote de kart qui n&rsquo;a rien \u00e0 perdre. Ensemble, ils participent \u00e0 la plus grande course de Dragokart jamais organis\u00e9e, o\u00f9 ils feront face \u00e0 des adversaires peu scrupuleux et \u00e0 un parcours sem\u00e9 d&#8217;embuches&#8230;<br \/>\nA vos marques ? Pr\u00eats ? Partez !<\/p>\n","protected":false},"featured_media":12140,"comment_status":"open","ping_status":"closed","template":"","meta":{"inline_featured_image":false},"product_cat":[203,204,205],"product_tag":[],"class_list":{"0":"post-12139","1":"product","2":"type-product","3":"status-publish","4":"has-post-thumbnail","6":"product_cat-adolescente","7":"product_cat-francais","8":"product_cat-enfant-adolescente-francais","10":"first","11":"instock","12":"shipping-taxable","13":"purchasable","14":"product-type-simple"},"_links":{"self":[{"href":"https:\/\/baralivres.ma\/index.php?rest_route=\/wp\/v2\/product\/12139","targetHints":{"allow":["GET"]}}],"collection":[{"href":"https:\/\/baralivres.ma\/index.php?rest_route=\/wp\/v2\/product"}],"about":[{"href":"https:\/\/baralivres.ma\/index.php?rest_route=\/wp\/v2\/types\/product"}],"replies":[{"embeddable":true,"href":"https:\/\/baralivres.ma\/index.php?rest_route=%2Fwp%2Fv2%2Fcomments&post=12139"}],"version-history":[{"count":1,"href":"https:\/\/baralivres.ma\/index.php?rest_route=\/wp\/v2\/product\/12139\/revisions"}],"predecessor-version":[{"id":12141,"href":"https:\/\/baralivres.ma\/index.php?rest_route=\/wp\/v2\/product\/12139\/revisions\/12141"}],"wp:featuredmedia":[{"embeddable":true,"href":"https:\/\/baralivres.ma\/index.php?rest_route=\/wp\/v2\/media\/12140"}],"wp:attachment":[{"href":"https:\/\/baralivres.ma\/index.php?rest_route=%2Fwp%2Fv2%2Fmedia&parent=12139"}],"wp:term":[{"taxonomy":"product_cat","embeddable":true,"href":"https:\/\/baralivres.ma\/index.php?rest_route=%2Fwp%2Fv2%2Fproduct_cat&post=12139"},{"taxonomy":"product_tag","embeddable":true,"href":"https:\/\/baralivres.ma\/index.php?rest_route=%2Fwp%2Fv2%2Fproduct_tag&post=12139"}],"curies":[{"name":"wp","href":"https:\/\/api.w.org\/{rel}","templated":true}]}}