{"id":12071,"date":"2023-09-02T13:49:54","date_gmt":"2023-09-02T12:49:54","guid":{"rendered":"https:\/\/baralivres.ma\/?post_type=product&#038;p=12071"},"modified":"2023-09-02T13:49:55","modified_gmt":"2023-09-02T12:49:55","slug":"vinland-saga-tome-4","status":"publish","type":"product","link":"https:\/\/baralivres.ma\/?product=vinland-saga-tome-4","title":{"rendered":"Vinland Saga Tome 4"},"content":{"rendered":"<p>Angleterre 1013, l&rsquo;arm\u00e9e danoise du roi Sven \u00e0 la Barbe Fourchue continue sa campagne d&rsquo;invasion. Malgr\u00e9 la sup\u00e9riorit\u00e9 de son arm\u00e9e, sa progression est bloqu\u00e9e \u00e0 Londres, ville imprenable. prot\u00e9g\u00e9e par Thorkell le Grand, un Viking pass\u00e9 \u00e0 l&rsquo;Anglais par simple ennui. Sven d\u00e9cide alors de confier la responsabilit\u00e9 du si\u00e8ge \u00e0 son fils Knut. \u00e0 la t\u00eate d&rsquo;une arm\u00e9e de quatre mille hommes. Mais l&rsquo;arm\u00e9e de Knut se fait d\u00e9cimer et le prince est pris en otage par Thorkell, bien d\u00e9cid\u00e9 \u00e0 attirer l&rsquo;attention du roi du Danemark.<br \/>\nSur un coup de t\u00eate, Askeladd part avec sa seule troupe \u00e0 la rescousse de Knut. un pari extr\u00eamement dangereux. pour gagner argent et gloire&#8230;<\/p>\n","protected":false},"excerpt":{"rendered":"<p>Angleterre 1013, l&rsquo;arm\u00e9e danoise du roi Sven \u00e0 la Barbe Fourchue continue sa campagne d&rsquo;invasion. Malgr\u00e9 la sup\u00e9riorit\u00e9 de son arm\u00e9e, sa progression est bloqu\u00e9e \u00e0 Londres, ville imprenable. prot\u00e9g\u00e9e par Thorkell le Grand, un Viking pass\u00e9 \u00e0 l&rsquo;Anglais par simple ennui. Sven d\u00e9cide alors de confier la responsabilit\u00e9 du si\u00e8ge \u00e0 son fils Knut. \u00e0 la t\u00eate d&rsquo;une arm\u00e9e de quatre mille hommes. Mais l&rsquo;arm\u00e9e de Knut se fait d\u00e9cimer et le prince est pris en otage par Thorkell, bien d\u00e9cid\u00e9 \u00e0 attirer l&rsquo;attention du roi du Danemark.<br \/>\nSur un coup de t\u00eate, Askeladd part avec sa seule troupe \u00e0 la rescousse de Knut. un pari extr\u00eamement dangereux. pour gagner argent et gloire&#8230;<\/p>\n","protected":false},"featured_media":12072,"comment_status":"open","ping_status":"closed","template":"","meta":{"inline_featured_image":false},"product_cat":[203,204,205],"product_tag":[],"class_list":{"0":"post-12071","1":"product","2":"type-product","3":"status-publish","4":"has-post-thumbnail","6":"product_cat-adolescente","7":"product_cat-francais","8":"product_cat-enfant-adolescente-francais","10":"first","11":"instock","12":"shipping-taxable","13":"purchasable","14":"product-type-simple"},"_links":{"self":[{"href":"https:\/\/baralivres.ma\/index.php?rest_route=\/wp\/v2\/product\/12071","targetHints":{"allow":["GET"]}}],"collection":[{"href":"https:\/\/baralivres.ma\/index.php?rest_route=\/wp\/v2\/product"}],"about":[{"href":"https:\/\/baralivres.ma\/index.php?rest_route=\/wp\/v2\/types\/product"}],"replies":[{"embeddable":true,"href":"https:\/\/baralivres.ma\/index.php?rest_route=%2Fwp%2Fv2%2Fcomments&post=12071"}],"version-history":[{"count":1,"href":"https:\/\/baralivres.ma\/index.php?rest_route=\/wp\/v2\/product\/12071\/revisions"}],"predecessor-version":[{"id":12073,"href":"https:\/\/baralivres.ma\/index.php?rest_route=\/wp\/v2\/product\/12071\/revisions\/12073"}],"wp:featuredmedia":[{"embeddable":true,"href":"https:\/\/baralivres.ma\/index.php?rest_route=\/wp\/v2\/media\/12072"}],"wp:attachment":[{"href":"https:\/\/baralivres.ma\/index.php?rest_route=%2Fwp%2Fv2%2Fmedia&parent=12071"}],"wp:term":[{"taxonomy":"product_cat","embeddable":true,"href":"https:\/\/baralivres.ma\/index.php?rest_route=%2Fwp%2Fv2%2Fproduct_cat&post=12071"},{"taxonomy":"product_tag","embeddable":true,"href":"https:\/\/baralivres.ma\/index.php?rest_route=%2Fwp%2Fv2%2Fproduct_tag&post=12071"}],"curies":[{"name":"wp","href":"https:\/\/api.w.org\/{rel}","templated":true}]}}