{"id":12068,"date":"2023-09-02T13:48:10","date_gmt":"2023-09-02T12:48:10","guid":{"rendered":"https:\/\/baralivres.ma\/?post_type=product&#038;p=12068"},"modified":"2023-09-02T13:48:11","modified_gmt":"2023-09-02T12:48:11","slug":"vinland-saga-tome-3","status":"publish","type":"product","link":"https:\/\/baralivres.ma\/?product=vinland-saga-tome-3","title":{"rendered":"Vinland Saga Tome 3"},"content":{"rendered":"<p>Ao\u00fbt 1013, suite au massacre des camps vikings de Northumbrie, l&rsquo;arm\u00e9e danoise se fait de plus en plus agressive en Angleterre. D&rsquo;exp\u00e9dition en exp\u00e9dition, l&rsquo;arm\u00e9e dirig\u00e9e par Floki, rejointe par celle d&rsquo;Askeladd, arrive enfin \u00e0 Londres. Mais apr\u00e8s des d\u00e9cennies d&rsquo;attaques. Londres est plus que par\u00e9e contre les Vikings. Pour l&rsquo;arm\u00e9e danoise, le combat s&rsquo;annonce d&rsquo;autant plus rude que Torkell, le fr\u00e8re cadet du g\u00e9n\u00e9ral des lomsvikings Sigvald, lass\u00e9 de combattre des Anglais qu&rsquo;il juge trop faibles, a d\u00e9cid\u00e9 de changer de camp pour s&rsquo;amuser un peu.<br \/>\nFace \u00e0 cet impr\u00e9vu de taille, Askeladd a, comme toujours, une id\u00e9e de g\u00e9nie : envoyer le jeune Thorfinn lui rapporter la t\u00eate de Torkell en \u00e9change d&rsquo;une promesse de duel&#8230;<\/p>\n","protected":false},"excerpt":{"rendered":"<p>Ao\u00fbt 1013, suite au massacre des camps vikings de Northumbrie, l&rsquo;arm\u00e9e danoise se fait de plus en plus agressive en Angleterre. D&rsquo;exp\u00e9dition en exp\u00e9dition, l&rsquo;arm\u00e9e dirig\u00e9e par Floki, rejointe par celle d&rsquo;Askeladd, arrive enfin \u00e0 Londres. Mais apr\u00e8s des d\u00e9cennies d&rsquo;attaques. Londres est plus que par\u00e9e contre les Vikings. Pour l&rsquo;arm\u00e9e danoise, le combat s&rsquo;annonce d&rsquo;autant plus rude que Torkell, le fr\u00e8re cadet du g\u00e9n\u00e9ral des lomsvikings Sigvald, lass\u00e9 de combattre des Anglais qu&rsquo;il juge trop faibles, a d\u00e9cid\u00e9 de changer de camp pour s&rsquo;amuser un peu.<br \/>\nFace \u00e0 cet impr\u00e9vu de taille, Askeladd a, comme toujours, une id\u00e9e de g\u00e9nie : envoyer le jeune Thorfinn lui rapporter la t\u00eate de Torkell en \u00e9change d&rsquo;une promesse de duel&#8230;<\/p>\n","protected":false},"featured_media":12069,"comment_status":"open","ping_status":"closed","template":"","meta":{"inline_featured_image":false},"product_cat":[203,204,205],"product_tag":[],"class_list":{"0":"post-12068","1":"product","2":"type-product","3":"status-publish","4":"has-post-thumbnail","6":"product_cat-adolescente","7":"product_cat-francais","8":"product_cat-enfant-adolescente-francais","10":"first","11":"instock","12":"shipping-taxable","13":"purchasable","14":"product-type-simple"},"_links":{"self":[{"href":"https:\/\/baralivres.ma\/index.php?rest_route=\/wp\/v2\/product\/12068","targetHints":{"allow":["GET"]}}],"collection":[{"href":"https:\/\/baralivres.ma\/index.php?rest_route=\/wp\/v2\/product"}],"about":[{"href":"https:\/\/baralivres.ma\/index.php?rest_route=\/wp\/v2\/types\/product"}],"replies":[{"embeddable":true,"href":"https:\/\/baralivres.ma\/index.php?rest_route=%2Fwp%2Fv2%2Fcomments&post=12068"}],"version-history":[{"count":1,"href":"https:\/\/baralivres.ma\/index.php?rest_route=\/wp\/v2\/product\/12068\/revisions"}],"predecessor-version":[{"id":12070,"href":"https:\/\/baralivres.ma\/index.php?rest_route=\/wp\/v2\/product\/12068\/revisions\/12070"}],"wp:featuredmedia":[{"embeddable":true,"href":"https:\/\/baralivres.ma\/index.php?rest_route=\/wp\/v2\/media\/12069"}],"wp:attachment":[{"href":"https:\/\/baralivres.ma\/index.php?rest_route=%2Fwp%2Fv2%2Fmedia&parent=12068"}],"wp:term":[{"taxonomy":"product_cat","embeddable":true,"href":"https:\/\/baralivres.ma\/index.php?rest_route=%2Fwp%2Fv2%2Fproduct_cat&post=12068"},{"taxonomy":"product_tag","embeddable":true,"href":"https:\/\/baralivres.ma\/index.php?rest_route=%2Fwp%2Fv2%2Fproduct_tag&post=12068"}],"curies":[{"name":"wp","href":"https:\/\/api.w.org\/{rel}","templated":true}]}}