{"id":12065,"date":"2023-09-02T13:46:49","date_gmt":"2023-09-02T12:46:49","guid":{"rendered":"https:\/\/baralivres.ma\/?post_type=product&#038;p=12065"},"modified":"2023-09-02T13:46:49","modified_gmt":"2023-09-02T12:46:49","slug":"vinland-saga-tome-2","status":"publish","type":"product","link":"https:\/\/baralivres.ma\/?product=vinland-saga-tome-2","title":{"rendered":"Vinland Saga Tome 2"},"content":{"rendered":"<p>Thors et sa famille menaient une vie paisible dans un petit village d&rsquo;Islande&#8230; Jusqu&rsquo;\u00e0 ce jour terrible o\u00f9 un navire des Vikings de Jom entra dans le port avec \u00e0 leur t\u00eate, le redoutable Floki, oiseau de mauvais augure porteur d&rsquo;un message sans \u00e9quivoque pour Thors, le \u00a0\u00bb Troll de Jom \u00ab\u00a0. Si celui-ci accepte de rejoindre les rangs des Jomsvikings dans leur campagne contre l&rsquo;Angleterre, sa d\u00e9sertion quinze ans plus t\u00f4t sera pardonn\u00e9e.<br \/>\nSinon, tout ce \u00e0 quoi il tient sera d\u00e9truit. Le voile est enfin lev\u00e9 sur le pass\u00e9 de Thorfinn et l&rsquo;origine de sa haine envers Askeladd.<\/p>\n","protected":false},"excerpt":{"rendered":"<p>Thors et sa famille menaient une vie paisible dans un petit village d&rsquo;Islande&#8230; Jusqu&rsquo;\u00e0 ce jour terrible o\u00f9 un navire des Vikings de Jom entra dans le port avec \u00e0 leur t\u00eate, le redoutable Floki, oiseau de mauvais augure porteur d&rsquo;un message sans \u00e9quivoque pour Thors, le \u00a0\u00bb Troll de Jom \u00ab\u00a0. Si celui-ci accepte de rejoindre les rangs des Jomsvikings dans leur campagne contre l&rsquo;Angleterre, sa d\u00e9sertion quinze ans plus t\u00f4t sera pardonn\u00e9e.<br \/>\nSinon, tout ce \u00e0 quoi il tient sera d\u00e9truit. Le voile est enfin lev\u00e9 sur le pass\u00e9 de Thorfinn et l&rsquo;origine de sa haine envers Askeladd.<\/p>\n","protected":false},"featured_media":12066,"comment_status":"open","ping_status":"closed","template":"","meta":{"inline_featured_image":false},"product_cat":[203,204,205],"product_tag":[],"class_list":{"0":"post-12065","1":"product","2":"type-product","3":"status-publish","4":"has-post-thumbnail","6":"product_cat-adolescente","7":"product_cat-francais","8":"product_cat-enfant-adolescente-francais","10":"first","11":"instock","12":"shipping-taxable","13":"purchasable","14":"product-type-simple"},"_links":{"self":[{"href":"https:\/\/baralivres.ma\/index.php?rest_route=\/wp\/v2\/product\/12065","targetHints":{"allow":["GET"]}}],"collection":[{"href":"https:\/\/baralivres.ma\/index.php?rest_route=\/wp\/v2\/product"}],"about":[{"href":"https:\/\/baralivres.ma\/index.php?rest_route=\/wp\/v2\/types\/product"}],"replies":[{"embeddable":true,"href":"https:\/\/baralivres.ma\/index.php?rest_route=%2Fwp%2Fv2%2Fcomments&post=12065"}],"version-history":[{"count":1,"href":"https:\/\/baralivres.ma\/index.php?rest_route=\/wp\/v2\/product\/12065\/revisions"}],"predecessor-version":[{"id":12067,"href":"https:\/\/baralivres.ma\/index.php?rest_route=\/wp\/v2\/product\/12065\/revisions\/12067"}],"wp:featuredmedia":[{"embeddable":true,"href":"https:\/\/baralivres.ma\/index.php?rest_route=\/wp\/v2\/media\/12066"}],"wp:attachment":[{"href":"https:\/\/baralivres.ma\/index.php?rest_route=%2Fwp%2Fv2%2Fmedia&parent=12065"}],"wp:term":[{"taxonomy":"product_cat","embeddable":true,"href":"https:\/\/baralivres.ma\/index.php?rest_route=%2Fwp%2Fv2%2Fproduct_cat&post=12065"},{"taxonomy":"product_tag","embeddable":true,"href":"https:\/\/baralivres.ma\/index.php?rest_route=%2Fwp%2Fv2%2Fproduct_tag&post=12065"}],"curies":[{"name":"wp","href":"https:\/\/api.w.org\/{rel}","templated":true}]}}