{"id":12062,"date":"2023-09-02T13:44:56","date_gmt":"2023-09-02T12:44:56","guid":{"rendered":"https:\/\/baralivres.ma\/?post_type=product&#038;p=12062"},"modified":"2024-11-18T14:31:07","modified_gmt":"2024-11-18T13:31:07","slug":"undead-unluck-tome-7","status":"publish","type":"product","link":"https:\/\/baralivres.ma\/?product=undead-unluck-tome-7","title":{"rendered":"Undead Unluck Tome 7"},"content":{"rendered":"<p>L&rsquo;univers n&rsquo;est pas pr\u00eat \u00e0 \u00e7a !<\/p>\n","protected":false},"excerpt":{"rendered":"<p>L&rsquo;univers n&rsquo;est pas pr\u00eat \u00e0 \u00e7a !<\/p>\n","protected":false},"featured_media":12063,"comment_status":"open","ping_status":"closed","template":"","meta":{"inline_featured_image":false},"product_cat":[203,204],"product_tag":[],"class_list":{"0":"post-12062","1":"product","2":"type-product","3":"status-publish","4":"has-post-thumbnail","6":"product_cat-adolescente","7":"product_cat-francais","9":"first","10":"instock","11":"shipping-taxable","12":"purchasable","13":"product-type-simple"},"_links":{"self":[{"href":"https:\/\/baralivres.ma\/index.php?rest_route=\/wp\/v2\/product\/12062","targetHints":{"allow":["GET"]}}],"collection":[{"href":"https:\/\/baralivres.ma\/index.php?rest_route=\/wp\/v2\/product"}],"about":[{"href":"https:\/\/baralivres.ma\/index.php?rest_route=\/wp\/v2\/types\/product"}],"replies":[{"embeddable":true,"href":"https:\/\/baralivres.ma\/index.php?rest_route=%2Fwp%2Fv2%2Fcomments&post=12062"}],"version-history":[{"count":1,"href":"https:\/\/baralivres.ma\/index.php?rest_route=\/wp\/v2\/product\/12062\/revisions"}],"predecessor-version":[{"id":12064,"href":"https:\/\/baralivres.ma\/index.php?rest_route=\/wp\/v2\/product\/12062\/revisions\/12064"}],"wp:featuredmedia":[{"embeddable":true,"href":"https:\/\/baralivres.ma\/index.php?rest_route=\/wp\/v2\/media\/12063"}],"wp:attachment":[{"href":"https:\/\/baralivres.ma\/index.php?rest_route=%2Fwp%2Fv2%2Fmedia&parent=12062"}],"wp:term":[{"taxonomy":"product_cat","embeddable":true,"href":"https:\/\/baralivres.ma\/index.php?rest_route=%2Fwp%2Fv2%2Fproduct_cat&post=12062"},{"taxonomy":"product_tag","embeddable":true,"href":"https:\/\/baralivres.ma\/index.php?rest_route=%2Fwp%2Fv2%2Fproduct_tag&post=12062"}],"curies":[{"name":"wp","href":"https:\/\/api.w.org\/{rel}","templated":true}]}}