{"id":12059,"date":"2023-09-02T13:43:47","date_gmt":"2023-09-02T12:43:47","guid":{"rendered":"https:\/\/baralivres.ma\/?post_type=product&#038;p=12059"},"modified":"2023-09-02T13:43:48","modified_gmt":"2023-09-02T12:43:48","slug":"undead-unluck-tome-6","status":"publish","type":"product","link":"https:\/\/baralivres.ma\/?product=undead-unluck-tome-6","title":{"rendered":"Undead Unluck Tome 6"},"content":{"rendered":"<p>En remontant dans le pass\u00e9 d&rsquo;Andy, F\u00fbko tombe sur Victor qui cherche \u00e0 la faire dispara\u00eetre. Heureusement, Andy intervient pour la sauver. C&rsquo;est ainsi que tous deux affrontent Victor. Pendant ce temps, dans le monde r\u00e9el, Rip et ses alli\u00e9s retrouvent Anno Un et cherchent \u00e0 tuer F\u00fbko&#8230;<\/p>\n","protected":false},"excerpt":{"rendered":"<p>En remontant dans le pass\u00e9 d&rsquo;Andy, F\u00fbko tombe sur Victor qui cherche \u00e0 la faire dispara\u00eetre. Heureusement, Andy intervient pour la sauver. C&rsquo;est ainsi que tous deux affrontent Victor. Pendant ce temps, dans le monde r\u00e9el, Rip et ses alli\u00e9s retrouvent Anno Un et cherchent \u00e0 tuer F\u00fbko&#8230;<\/p>\n","protected":false},"featured_media":12060,"comment_status":"open","ping_status":"closed","template":"","meta":{"inline_featured_image":false},"product_cat":[203,204,205],"product_tag":[],"class_list":{"0":"post-12059","1":"product","2":"type-product","3":"status-publish","4":"has-post-thumbnail","6":"product_cat-adolescente","7":"product_cat-francais","8":"product_cat-enfant-adolescente-francais","10":"first","11":"instock","12":"shipping-taxable","13":"purchasable","14":"product-type-simple"},"_links":{"self":[{"href":"https:\/\/baralivres.ma\/index.php?rest_route=\/wp\/v2\/product\/12059","targetHints":{"allow":["GET"]}}],"collection":[{"href":"https:\/\/baralivres.ma\/index.php?rest_route=\/wp\/v2\/product"}],"about":[{"href":"https:\/\/baralivres.ma\/index.php?rest_route=\/wp\/v2\/types\/product"}],"replies":[{"embeddable":true,"href":"https:\/\/baralivres.ma\/index.php?rest_route=%2Fwp%2Fv2%2Fcomments&post=12059"}],"version-history":[{"count":1,"href":"https:\/\/baralivres.ma\/index.php?rest_route=\/wp\/v2\/product\/12059\/revisions"}],"predecessor-version":[{"id":12061,"href":"https:\/\/baralivres.ma\/index.php?rest_route=\/wp\/v2\/product\/12059\/revisions\/12061"}],"wp:featuredmedia":[{"embeddable":true,"href":"https:\/\/baralivres.ma\/index.php?rest_route=\/wp\/v2\/media\/12060"}],"wp:attachment":[{"href":"https:\/\/baralivres.ma\/index.php?rest_route=%2Fwp%2Fv2%2Fmedia&parent=12059"}],"wp:term":[{"taxonomy":"product_cat","embeddable":true,"href":"https:\/\/baralivres.ma\/index.php?rest_route=%2Fwp%2Fv2%2Fproduct_cat&post=12059"},{"taxonomy":"product_tag","embeddable":true,"href":"https:\/\/baralivres.ma\/index.php?rest_route=%2Fwp%2Fv2%2Fproduct_tag&post=12059"}],"curies":[{"name":"wp","href":"https:\/\/api.w.org\/{rel}","templated":true}]}}