{"id":12056,"date":"2023-09-02T13:42:42","date_gmt":"2023-09-02T12:42:42","guid":{"rendered":"https:\/\/baralivres.ma\/?post_type=product&#038;p=12056"},"modified":"2023-09-02T13:42:43","modified_gmt":"2023-09-02T12:42:43","slug":"undead-unluck-tome-5","status":"publish","type":"product","link":"https:\/\/baralivres.ma\/?product=undead-unluck-tome-5","title":{"rendered":"Undead Unluck Tome 5"},"content":{"rendered":"<p>Apr\u00e8s la trahison de Billy, Juis raconte \u00e0 tout le monde le d\u00e9but et la fin du monde. Face \u00e0 cette nouvelle situation, Undead et Unluck se retrouvent charg\u00e9s d&rsquo;une nouvelle t\u00e2che qui permettra \u00e0 l&rsquo;Union d&rsquo;accomplir ses missions. F\u00fbko va devoir v\u00e9rifier le manuscrit de son manga pr\u00e9f\u00e9r\u00e9&#8230;<\/p>\n","protected":false},"excerpt":{"rendered":"<p>Apr\u00e8s la trahison de Billy, Juis raconte \u00e0 tout le monde le d\u00e9but et la fin du monde. Face \u00e0 cette nouvelle situation, Undead et Unluck se retrouvent charg\u00e9s d&rsquo;une nouvelle t\u00e2che qui permettra \u00e0 l&rsquo;Union d&rsquo;accomplir ses missions. F\u00fbko va devoir v\u00e9rifier le manuscrit de son manga pr\u00e9f\u00e9r\u00e9&#8230;<\/p>\n","protected":false},"featured_media":12057,"comment_status":"open","ping_status":"closed","template":"","meta":{"inline_featured_image":false},"product_cat":[203,204,205],"product_tag":[],"class_list":{"0":"post-12056","1":"product","2":"type-product","3":"status-publish","4":"has-post-thumbnail","6":"product_cat-adolescente","7":"product_cat-francais","8":"product_cat-enfant-adolescente-francais","10":"first","11":"instock","12":"shipping-taxable","13":"purchasable","14":"product-type-simple"},"_links":{"self":[{"href":"https:\/\/baralivres.ma\/index.php?rest_route=\/wp\/v2\/product\/12056","targetHints":{"allow":["GET"]}}],"collection":[{"href":"https:\/\/baralivres.ma\/index.php?rest_route=\/wp\/v2\/product"}],"about":[{"href":"https:\/\/baralivres.ma\/index.php?rest_route=\/wp\/v2\/types\/product"}],"replies":[{"embeddable":true,"href":"https:\/\/baralivres.ma\/index.php?rest_route=%2Fwp%2Fv2%2Fcomments&post=12056"}],"version-history":[{"count":1,"href":"https:\/\/baralivres.ma\/index.php?rest_route=\/wp\/v2\/product\/12056\/revisions"}],"predecessor-version":[{"id":12058,"href":"https:\/\/baralivres.ma\/index.php?rest_route=\/wp\/v2\/product\/12056\/revisions\/12058"}],"wp:featuredmedia":[{"embeddable":true,"href":"https:\/\/baralivres.ma\/index.php?rest_route=\/wp\/v2\/media\/12057"}],"wp:attachment":[{"href":"https:\/\/baralivres.ma\/index.php?rest_route=%2Fwp%2Fv2%2Fmedia&parent=12056"}],"wp:term":[{"taxonomy":"product_cat","embeddable":true,"href":"https:\/\/baralivres.ma\/index.php?rest_route=%2Fwp%2Fv2%2Fproduct_cat&post=12056"},{"taxonomy":"product_tag","embeddable":true,"href":"https:\/\/baralivres.ma\/index.php?rest_route=%2Fwp%2Fv2%2Fproduct_tag&post=12056"}],"curies":[{"name":"wp","href":"https:\/\/api.w.org\/{rel}","templated":true}]}}