{"id":12053,"date":"2023-09-02T13:41:11","date_gmt":"2023-09-02T12:41:11","guid":{"rendered":"https:\/\/baralivres.ma\/?post_type=product&#038;p=12053"},"modified":"2023-09-02T13:41:11","modified_gmt":"2023-09-02T12:41:11","slug":"undead-unluck-tome-4","status":"publish","type":"product","link":"https:\/\/baralivres.ma\/?product=undead-unluck-tome-4","title":{"rendered":"Undead Unluck Tome 4"},"content":{"rendered":"<p>Alors qu&rsquo;ils \u00e9taient \u00e0 la recherche d&rsquo;un onzi\u00e8me annulateur pour lui faire rejoindre l&rsquo;Union, Andy et ses compagnons ont d\u00fb affronter Rip, l&rsquo;Unrepair. Gr\u00e2ce \u00e0 la puissance de Tatiana, ils ont pu rattraper leur ennemi qui \u00e9tait sur le point de s&rsquo;\u00e9chapper. Plus tard, alors que les onze membres de l&rsquo;Union sont assis autour de la table ronde et que les nouvelles missions leur sont annonc\u00e9es, l&rsquo;impensable va se produire&#8230;<\/p>\n","protected":false},"excerpt":{"rendered":"<p>Alors qu&rsquo;ils \u00e9taient \u00e0 la recherche d&rsquo;un onzi\u00e8me annulateur pour lui faire rejoindre l&rsquo;Union, Andy et ses compagnons ont d\u00fb affronter Rip, l&rsquo;Unrepair. Gr\u00e2ce \u00e0 la puissance de Tatiana, ils ont pu rattraper leur ennemi qui \u00e9tait sur le point de s&rsquo;\u00e9chapper. Plus tard, alors que les onze membres de l&rsquo;Union sont assis autour de la table ronde et que les nouvelles missions leur sont annonc\u00e9es, l&rsquo;impensable va se produire&#8230;<\/p>\n","protected":false},"featured_media":12054,"comment_status":"open","ping_status":"closed","template":"","meta":{"inline_featured_image":false},"product_cat":[203,204,205],"product_tag":[],"class_list":{"0":"post-12053","1":"product","2":"type-product","3":"status-publish","4":"has-post-thumbnail","6":"product_cat-adolescente","7":"product_cat-francais","8":"product_cat-enfant-adolescente-francais","10":"first","11":"instock","12":"shipping-taxable","13":"purchasable","14":"product-type-simple"},"_links":{"self":[{"href":"https:\/\/baralivres.ma\/index.php?rest_route=\/wp\/v2\/product\/12053","targetHints":{"allow":["GET"]}}],"collection":[{"href":"https:\/\/baralivres.ma\/index.php?rest_route=\/wp\/v2\/product"}],"about":[{"href":"https:\/\/baralivres.ma\/index.php?rest_route=\/wp\/v2\/types\/product"}],"replies":[{"embeddable":true,"href":"https:\/\/baralivres.ma\/index.php?rest_route=%2Fwp%2Fv2%2Fcomments&post=12053"}],"version-history":[{"count":1,"href":"https:\/\/baralivres.ma\/index.php?rest_route=\/wp\/v2\/product\/12053\/revisions"}],"predecessor-version":[{"id":12055,"href":"https:\/\/baralivres.ma\/index.php?rest_route=\/wp\/v2\/product\/12053\/revisions\/12055"}],"wp:featuredmedia":[{"embeddable":true,"href":"https:\/\/baralivres.ma\/index.php?rest_route=\/wp\/v2\/media\/12054"}],"wp:attachment":[{"href":"https:\/\/baralivres.ma\/index.php?rest_route=%2Fwp%2Fv2%2Fmedia&parent=12053"}],"wp:term":[{"taxonomy":"product_cat","embeddable":true,"href":"https:\/\/baralivres.ma\/index.php?rest_route=%2Fwp%2Fv2%2Fproduct_cat&post=12053"},{"taxonomy":"product_tag","embeddable":true,"href":"https:\/\/baralivres.ma\/index.php?rest_route=%2Fwp%2Fv2%2Fproduct_tag&post=12053"}],"curies":[{"name":"wp","href":"https:\/\/api.w.org\/{rel}","templated":true}]}}