{"id":12050,"date":"2023-09-02T13:39:49","date_gmt":"2023-09-02T12:39:49","guid":{"rendered":"https:\/\/baralivres.ma\/?post_type=product&#038;p=12050"},"modified":"2023-09-02T13:39:50","modified_gmt":"2023-09-02T12:39:50","slug":"undead-unluck-tome-3","status":"publish","type":"product","link":"https:\/\/baralivres.ma\/?product=undead-unluck-tome-3","title":{"rendered":"Undead Unluck Tome 3"},"content":{"rendered":"<p>L&rsquo;univers n&rsquo;est pas pr\u00eat \u00e0 \u00e7a ! Tous les membres de l&rsquo;Union font face \u00e0 Andy qui s&rsquo;est transform\u00e9 en Victor. Afin de ramener son compagnon, F\u00fbko d\u00e9cide de prendre part \u00e0 cette lutte violente. Elle se jette alors sur Victor afin de l&rsquo;attaquer \u00e0 l&rsquo;aide d&rsquo;une grosse catastrophe..<\/p>\n","protected":false},"excerpt":{"rendered":"<p>L&rsquo;univers n&rsquo;est pas pr\u00eat \u00e0 \u00e7a ! Tous les membres de l&rsquo;Union font face \u00e0 Andy qui s&rsquo;est transform\u00e9 en Victor. Afin de ramener son compagnon, F\u00fbko d\u00e9cide de prendre part \u00e0 cette lutte violente. Elle se jette alors sur Victor afin de l&rsquo;attaquer \u00e0 l&rsquo;aide d&rsquo;une grosse catastrophe..<\/p>\n","protected":false},"featured_media":12051,"comment_status":"open","ping_status":"closed","template":"","meta":{"inline_featured_image":false},"product_cat":[203,204,205],"product_tag":[],"class_list":{"0":"post-12050","1":"product","2":"type-product","3":"status-publish","4":"has-post-thumbnail","6":"product_cat-adolescente","7":"product_cat-francais","8":"product_cat-enfant-adolescente-francais","10":"first","11":"instock","12":"shipping-taxable","13":"purchasable","14":"product-type-simple"},"_links":{"self":[{"href":"https:\/\/baralivres.ma\/index.php?rest_route=\/wp\/v2\/product\/12050","targetHints":{"allow":["GET"]}}],"collection":[{"href":"https:\/\/baralivres.ma\/index.php?rest_route=\/wp\/v2\/product"}],"about":[{"href":"https:\/\/baralivres.ma\/index.php?rest_route=\/wp\/v2\/types\/product"}],"replies":[{"embeddable":true,"href":"https:\/\/baralivres.ma\/index.php?rest_route=%2Fwp%2Fv2%2Fcomments&post=12050"}],"version-history":[{"count":1,"href":"https:\/\/baralivres.ma\/index.php?rest_route=\/wp\/v2\/product\/12050\/revisions"}],"predecessor-version":[{"id":12052,"href":"https:\/\/baralivres.ma\/index.php?rest_route=\/wp\/v2\/product\/12050\/revisions\/12052"}],"wp:featuredmedia":[{"embeddable":true,"href":"https:\/\/baralivres.ma\/index.php?rest_route=\/wp\/v2\/media\/12051"}],"wp:attachment":[{"href":"https:\/\/baralivres.ma\/index.php?rest_route=%2Fwp%2Fv2%2Fmedia&parent=12050"}],"wp:term":[{"taxonomy":"product_cat","embeddable":true,"href":"https:\/\/baralivres.ma\/index.php?rest_route=%2Fwp%2Fv2%2Fproduct_cat&post=12050"},{"taxonomy":"product_tag","embeddable":true,"href":"https:\/\/baralivres.ma\/index.php?rest_route=%2Fwp%2Fv2%2Fproduct_tag&post=12050"}],"curies":[{"name":"wp","href":"https:\/\/api.w.org\/{rel}","templated":true}]}}