{"id":12047,"date":"2023-09-02T13:38:40","date_gmt":"2023-09-02T12:38:40","guid":{"rendered":"https:\/\/baralivres.ma\/?post_type=product&#038;p=12047"},"modified":"2023-09-02T13:38:41","modified_gmt":"2023-09-02T12:38:41","slug":"undead-unluck-tome-2","status":"publish","type":"product","link":"https:\/\/baralivres.ma\/?product=undead-unluck-tome-2","title":{"rendered":"Undead Unluck Tome 2"},"content":{"rendered":"<p>Ne voulant plus \u00eatre pourchass\u00e9s, Andy et F\u00fbko d\u00e9cident d&rsquo;int\u00e9grer l&rsquo;\u00e9quipe de leurs poursuivants. Pour ce faire, ils doivent supprimer leurs agresseurs afin de prendre leur place au sein d&rsquo;une myst\u00e9rieuse organisation dans laquelle tes attend une bien cruelle r\u00e9alit\u00e9&#8230;<\/p>\n","protected":false},"excerpt":{"rendered":"<p>Ne voulant plus \u00eatre pourchass\u00e9s, Andy et F\u00fbko d\u00e9cident d&rsquo;int\u00e9grer l&rsquo;\u00e9quipe de leurs poursuivants. Pour ce faire, ils doivent supprimer leurs agresseurs afin de prendre leur place au sein d&rsquo;une myst\u00e9rieuse organisation dans laquelle tes attend une bien cruelle r\u00e9alit\u00e9&#8230;<\/p>\n","protected":false},"featured_media":12048,"comment_status":"open","ping_status":"closed","template":"","meta":{"inline_featured_image":false},"product_cat":[203,204,205],"product_tag":[],"class_list":{"0":"post-12047","1":"product","2":"type-product","3":"status-publish","4":"has-post-thumbnail","6":"product_cat-adolescente","7":"product_cat-francais","8":"product_cat-enfant-adolescente-francais","10":"first","11":"instock","12":"shipping-taxable","13":"purchasable","14":"product-type-simple"},"_links":{"self":[{"href":"https:\/\/baralivres.ma\/index.php?rest_route=\/wp\/v2\/product\/12047","targetHints":{"allow":["GET"]}}],"collection":[{"href":"https:\/\/baralivres.ma\/index.php?rest_route=\/wp\/v2\/product"}],"about":[{"href":"https:\/\/baralivres.ma\/index.php?rest_route=\/wp\/v2\/types\/product"}],"replies":[{"embeddable":true,"href":"https:\/\/baralivres.ma\/index.php?rest_route=%2Fwp%2Fv2%2Fcomments&post=12047"}],"version-history":[{"count":1,"href":"https:\/\/baralivres.ma\/index.php?rest_route=\/wp\/v2\/product\/12047\/revisions"}],"predecessor-version":[{"id":12049,"href":"https:\/\/baralivres.ma\/index.php?rest_route=\/wp\/v2\/product\/12047\/revisions\/12049"}],"wp:featuredmedia":[{"embeddable":true,"href":"https:\/\/baralivres.ma\/index.php?rest_route=\/wp\/v2\/media\/12048"}],"wp:attachment":[{"href":"https:\/\/baralivres.ma\/index.php?rest_route=%2Fwp%2Fv2%2Fmedia&parent=12047"}],"wp:term":[{"taxonomy":"product_cat","embeddable":true,"href":"https:\/\/baralivres.ma\/index.php?rest_route=%2Fwp%2Fv2%2Fproduct_cat&post=12047"},{"taxonomy":"product_tag","embeddable":true,"href":"https:\/\/baralivres.ma\/index.php?rest_route=%2Fwp%2Fv2%2Fproduct_tag&post=12047"}],"curies":[{"name":"wp","href":"https:\/\/api.w.org\/{rel}","templated":true}]}}