{"id":12044,"date":"2023-09-02T13:37:28","date_gmt":"2023-09-02T12:37:28","guid":{"rendered":"https:\/\/baralivres.ma\/?post_type=product&#038;p=12044"},"modified":"2023-09-02T13:37:29","modified_gmt":"2023-09-02T12:37:29","slug":"undead-unluck-tome-1","status":"publish","type":"product","link":"https:\/\/baralivres.ma\/?product=undead-unluck-tome-1","title":{"rendered":"Undead Unluck Tome 1"},"content":{"rendered":"<p>Un immortel cherchant \u00e0 mettre fin \u00e0 ses jours rencontre la fille la plus mal- chanceuse au monde. Y a-t-il meilleur point de d\u00e9part que ce pitch extravagant ? D\u00e9jant\u00e9, picaresque, avec des pouvoirs insoup\u00e7onn\u00e9s pour des combats inventifs, bouillonnants, \u00ab\u00a0Undead Unluck\u00a0\u00bb va, pour leur grand plaisir, bousculer les lecteurs de shonen.<\/p>\n","protected":false},"excerpt":{"rendered":"<p>Un immortel cherchant \u00e0 mettre fin \u00e0 ses jours rencontre la fille la plus mal- chanceuse au monde. Y a-t-il meilleur point de d\u00e9part que ce pitch extravagant ? D\u00e9jant\u00e9, picaresque, avec des pouvoirs insoup\u00e7onn\u00e9s pour des combats inventifs, bouillonnants, \u00ab\u00a0Undead Unluck\u00a0\u00bb va, pour leur grand plaisir, bousculer les lecteurs de shonen.<\/p>\n","protected":false},"featured_media":12045,"comment_status":"open","ping_status":"closed","template":"","meta":{"inline_featured_image":false},"product_cat":[203,204,205],"product_tag":[],"class_list":{"0":"post-12044","1":"product","2":"type-product","3":"status-publish","4":"has-post-thumbnail","6":"product_cat-adolescente","7":"product_cat-francais","8":"product_cat-enfant-adolescente-francais","10":"first","11":"instock","12":"shipping-taxable","13":"purchasable","14":"product-type-simple"},"_links":{"self":[{"href":"https:\/\/baralivres.ma\/index.php?rest_route=\/wp\/v2\/product\/12044","targetHints":{"allow":["GET"]}}],"collection":[{"href":"https:\/\/baralivres.ma\/index.php?rest_route=\/wp\/v2\/product"}],"about":[{"href":"https:\/\/baralivres.ma\/index.php?rest_route=\/wp\/v2\/types\/product"}],"replies":[{"embeddable":true,"href":"https:\/\/baralivres.ma\/index.php?rest_route=%2Fwp%2Fv2%2Fcomments&post=12044"}],"version-history":[{"count":1,"href":"https:\/\/baralivres.ma\/index.php?rest_route=\/wp\/v2\/product\/12044\/revisions"}],"predecessor-version":[{"id":12046,"href":"https:\/\/baralivres.ma\/index.php?rest_route=\/wp\/v2\/product\/12044\/revisions\/12046"}],"wp:featuredmedia":[{"embeddable":true,"href":"https:\/\/baralivres.ma\/index.php?rest_route=\/wp\/v2\/media\/12045"}],"wp:attachment":[{"href":"https:\/\/baralivres.ma\/index.php?rest_route=%2Fwp%2Fv2%2Fmedia&parent=12044"}],"wp:term":[{"taxonomy":"product_cat","embeddable":true,"href":"https:\/\/baralivres.ma\/index.php?rest_route=%2Fwp%2Fv2%2Fproduct_cat&post=12044"},{"taxonomy":"product_tag","embeddable":true,"href":"https:\/\/baralivres.ma\/index.php?rest_route=%2Fwp%2Fv2%2Fproduct_tag&post=12044"}],"curies":[{"name":"wp","href":"https:\/\/api.w.org\/{rel}","templated":true}]}}