{"id":12040,"date":"2023-09-02T13:35:46","date_gmt":"2023-09-02T12:35:46","guid":{"rendered":"https:\/\/baralivres.ma\/?post_type=product&#038;p=12040"},"modified":"2023-11-07T13:02:31","modified_gmt":"2023-11-07T12:02:31","slug":"batman-the-justice-league-tome-1","status":"publish","type":"product","link":"https:\/\/baralivres.ma\/?product=batman-the-justice-league-tome-1","title":{"rendered":"Batman &amp; the Justice League Tome 1"},"content":{"rendered":"<p>Gotham City est la ville avec le plus haut taux de criminalit\u00e9 du pays. Cela n&#8217;emp\u00eache pas Rui, un jeune japonais, de s&rsquo;y rendre dans l&rsquo;espoir de retrouver ses parents disparus. Mais \u00e0 peine arriv\u00e9, il est attaqu\u00e9 par un policier devenu compl\u00e8tement fou. Malgr\u00e9 son talent pour le combat, Rui ne s&rsquo;en serait pas sorti sans l&rsquo;intervention de Batman. Le Chevalier Noir le met en garde&#8230; La ville est trop dangereuse pour lui&#8230;<br \/>\nSans compter que celui qui tire les ficelles n&rsquo;est autre que le Joker ! Batman devra se faire aider pour faire revenir la paix sur Gotham City&#8230;<\/p>\n","protected":false},"excerpt":{"rendered":"<p>Gotham City est la ville avec le plus haut taux de criminalit\u00e9 du pays. Cela n&#8217;emp\u00eache pas Rui, un jeune japonais, de s&rsquo;y rendre dans l&rsquo;espoir de retrouver ses parents disparus. Mais \u00e0 peine arriv\u00e9, il est attaqu\u00e9 par un policier devenu compl\u00e8tement fou. Malgr\u00e9 son talent pour le combat, Rui ne s&rsquo;en serait pas sorti sans l&rsquo;intervention de Batman. Le Chevalier Noir le met en garde&#8230; La ville est trop dangereuse pour lui&#8230;<br \/>\nSans compter que celui qui tire les ficelles n&rsquo;est autre que le Joker ! Batman devra se faire aider pour faire revenir la paix sur Gotham City&#8230;<\/p>\n","protected":false},"featured_media":12041,"comment_status":"open","ping_status":"closed","template":"","meta":{"inline_featured_image":false},"product_cat":[203,204,205],"product_tag":[],"class_list":{"0":"post-12040","1":"product","2":"type-product","3":"status-publish","4":"has-post-thumbnail","6":"product_cat-adolescente","7":"product_cat-francais","8":"product_cat-enfant-adolescente-francais","10":"first","11":"instock","12":"shipping-taxable","13":"purchasable","14":"product-type-simple"},"_links":{"self":[{"href":"https:\/\/baralivres.ma\/index.php?rest_route=\/wp\/v2\/product\/12040","targetHints":{"allow":["GET"]}}],"collection":[{"href":"https:\/\/baralivres.ma\/index.php?rest_route=\/wp\/v2\/product"}],"about":[{"href":"https:\/\/baralivres.ma\/index.php?rest_route=\/wp\/v2\/types\/product"}],"replies":[{"embeddable":true,"href":"https:\/\/baralivres.ma\/index.php?rest_route=%2Fwp%2Fv2%2Fcomments&post=12040"}],"version-history":[{"count":3,"href":"https:\/\/baralivres.ma\/index.php?rest_route=\/wp\/v2\/product\/12040\/revisions"}],"predecessor-version":[{"id":18742,"href":"https:\/\/baralivres.ma\/index.php?rest_route=\/wp\/v2\/product\/12040\/revisions\/18742"}],"wp:featuredmedia":[{"embeddable":true,"href":"https:\/\/baralivres.ma\/index.php?rest_route=\/wp\/v2\/media\/12041"}],"wp:attachment":[{"href":"https:\/\/baralivres.ma\/index.php?rest_route=%2Fwp%2Fv2%2Fmedia&parent=12040"}],"wp:term":[{"taxonomy":"product_cat","embeddable":true,"href":"https:\/\/baralivres.ma\/index.php?rest_route=%2Fwp%2Fv2%2Fproduct_cat&post=12040"},{"taxonomy":"product_tag","embeddable":true,"href":"https:\/\/baralivres.ma\/index.php?rest_route=%2Fwp%2Fv2%2Fproduct_tag&post=12040"}],"curies":[{"name":"wp","href":"https:\/\/api.w.org\/{rel}","templated":true}]}}