{"id":12037,"date":"2023-09-02T13:34:11","date_gmt":"2023-09-02T12:34:11","guid":{"rendered":"https:\/\/baralivres.ma\/?post_type=product&#038;p=12037"},"modified":"2023-09-02T13:34:12","modified_gmt":"2023-09-02T12:34:12","slug":"batman-the-justice-league-tome-2","status":"publish","type":"product","link":"https:\/\/baralivres.ma\/?product=batman-the-justice-league-tome-2","title":{"rendered":"Batman &amp; the Justice League Tome 2"},"content":{"rendered":"<p>Gotham City est la ville avec le plus haut taux de criminalit\u00e9 du pays. Ocean Master s&rsquo;est \u00e9chapp\u00e9 de la prison de Belle Reve. Il est rapidement rattrap\u00e9 par Batman qui l&#8217;emp\u00eache de faire des d\u00e9g\u00e2ts mais ne parvient pas \u00e0 le capturer car le combat est interrompu par le Joker ! Batman ne peut plus reculer, il va avoir besoin de la Justice League pour faire revenir la paix sur Gotham City&#8230;<\/p>\n","protected":false},"excerpt":{"rendered":"<p>Gotham City est la ville avec le plus haut taux de criminalit\u00e9 du pays. Ocean Master s&rsquo;est \u00e9chapp\u00e9 de la prison de Belle Reve. Il est rapidement rattrap\u00e9 par Batman qui l&#8217;emp\u00eache de faire des d\u00e9g\u00e2ts mais ne parvient pas \u00e0 le capturer car le combat est interrompu par le Joker ! Batman ne peut plus reculer, il va avoir besoin de la Justice League pour faire revenir la paix sur Gotham City&#8230;<\/p>\n","protected":false},"featured_media":12038,"comment_status":"open","ping_status":"closed","template":"","meta":{"inline_featured_image":false},"product_cat":[203,204,205],"product_tag":[],"class_list":{"0":"post-12037","1":"product","2":"type-product","3":"status-publish","4":"has-post-thumbnail","6":"product_cat-adolescente","7":"product_cat-francais","8":"product_cat-enfant-adolescente-francais","10":"first","11":"instock","12":"shipping-taxable","13":"purchasable","14":"product-type-simple"},"_links":{"self":[{"href":"https:\/\/baralivres.ma\/index.php?rest_route=\/wp\/v2\/product\/12037","targetHints":{"allow":["GET"]}}],"collection":[{"href":"https:\/\/baralivres.ma\/index.php?rest_route=\/wp\/v2\/product"}],"about":[{"href":"https:\/\/baralivres.ma\/index.php?rest_route=\/wp\/v2\/types\/product"}],"replies":[{"embeddable":true,"href":"https:\/\/baralivres.ma\/index.php?rest_route=%2Fwp%2Fv2%2Fcomments&post=12037"}],"version-history":[{"count":1,"href":"https:\/\/baralivres.ma\/index.php?rest_route=\/wp\/v2\/product\/12037\/revisions"}],"predecessor-version":[{"id":12039,"href":"https:\/\/baralivres.ma\/index.php?rest_route=\/wp\/v2\/product\/12037\/revisions\/12039"}],"wp:featuredmedia":[{"embeddable":true,"href":"https:\/\/baralivres.ma\/index.php?rest_route=\/wp\/v2\/media\/12038"}],"wp:attachment":[{"href":"https:\/\/baralivres.ma\/index.php?rest_route=%2Fwp%2Fv2%2Fmedia&parent=12037"}],"wp:term":[{"taxonomy":"product_cat","embeddable":true,"href":"https:\/\/baralivres.ma\/index.php?rest_route=%2Fwp%2Fv2%2Fproduct_cat&post=12037"},{"taxonomy":"product_tag","embeddable":true,"href":"https:\/\/baralivres.ma\/index.php?rest_route=%2Fwp%2Fv2%2Fproduct_tag&post=12037"}],"curies":[{"name":"wp","href":"https:\/\/api.w.org\/{rel}","templated":true}]}}