{"id":12034,"date":"2023-09-02T13:32:59","date_gmt":"2023-09-02T12:32:59","guid":{"rendered":"https:\/\/baralivres.ma\/?post_type=product&#038;p=12034"},"modified":"2023-09-02T13:32:59","modified_gmt":"2023-09-02T12:32:59","slug":"batman-the-justice-league-tome-3","status":"publish","type":"product","link":"https:\/\/baralivres.ma\/?product=batman-the-justice-league-tome-3","title":{"rendered":"Batman &amp; the Justice League Tome 3"},"content":{"rendered":"<p>Gotham City est la ville avec le plus haut taux de criminalit\u00e9 du pays. Ocean Master est sous l&#8217;emprise des Ley Lines. II affronte son fr\u00e8re. Aquaman, qui tente de le ramener \u00e0 la raison. Alors que la situation semble \u00eatre r\u00e9tablie. Akurou d\u00e9voile toute sa puissance ! Qui est-il et pourquoi s&rsquo;est-il associ\u00e9 au Joker et \u00e0 Luthor ? Le combat est loin d&rsquo;\u00eatre termin\u00e9 pour Batman et la Justice League !<\/p>\n","protected":false},"excerpt":{"rendered":"<p>Gotham City est la ville avec le plus haut taux de criminalit\u00e9 du pays. Ocean Master est sous l&#8217;emprise des Ley Lines. II affronte son fr\u00e8re. Aquaman, qui tente de le ramener \u00e0 la raison. Alors que la situation semble \u00eatre r\u00e9tablie. Akurou d\u00e9voile toute sa puissance ! Qui est-il et pourquoi s&rsquo;est-il associ\u00e9 au Joker et \u00e0 Luthor ? Le combat est loin d&rsquo;\u00eatre termin\u00e9 pour Batman et la Justice League !<\/p>\n","protected":false},"featured_media":12035,"comment_status":"open","ping_status":"closed","template":"","meta":{"inline_featured_image":false},"product_cat":[203,204,205],"product_tag":[],"class_list":{"0":"post-12034","1":"product","2":"type-product","3":"status-publish","4":"has-post-thumbnail","6":"product_cat-adolescente","7":"product_cat-francais","8":"product_cat-enfant-adolescente-francais","10":"first","11":"instock","12":"shipping-taxable","13":"purchasable","14":"product-type-simple"},"_links":{"self":[{"href":"https:\/\/baralivres.ma\/index.php?rest_route=\/wp\/v2\/product\/12034","targetHints":{"allow":["GET"]}}],"collection":[{"href":"https:\/\/baralivres.ma\/index.php?rest_route=\/wp\/v2\/product"}],"about":[{"href":"https:\/\/baralivres.ma\/index.php?rest_route=\/wp\/v2\/types\/product"}],"replies":[{"embeddable":true,"href":"https:\/\/baralivres.ma\/index.php?rest_route=%2Fwp%2Fv2%2Fcomments&post=12034"}],"version-history":[{"count":1,"href":"https:\/\/baralivres.ma\/index.php?rest_route=\/wp\/v2\/product\/12034\/revisions"}],"predecessor-version":[{"id":12036,"href":"https:\/\/baralivres.ma\/index.php?rest_route=\/wp\/v2\/product\/12034\/revisions\/12036"}],"wp:featuredmedia":[{"embeddable":true,"href":"https:\/\/baralivres.ma\/index.php?rest_route=\/wp\/v2\/media\/12035"}],"wp:attachment":[{"href":"https:\/\/baralivres.ma\/index.php?rest_route=%2Fwp%2Fv2%2Fmedia&parent=12034"}],"wp:term":[{"taxonomy":"product_cat","embeddable":true,"href":"https:\/\/baralivres.ma\/index.php?rest_route=%2Fwp%2Fv2%2Fproduct_cat&post=12034"},{"taxonomy":"product_tag","embeddable":true,"href":"https:\/\/baralivres.ma\/index.php?rest_route=%2Fwp%2Fv2%2Fproduct_tag&post=12034"}],"curies":[{"name":"wp","href":"https:\/\/api.w.org\/{rel}","templated":true}]}}