{"id":12031,"date":"2023-09-02T13:31:49","date_gmt":"2023-09-02T12:31:49","guid":{"rendered":"https:\/\/baralivres.ma\/?post_type=product&#038;p=12031"},"modified":"2023-09-02T13:31:50","modified_gmt":"2023-09-02T12:31:50","slug":"batman-the-justice-league-tome-4","status":"publish","type":"product","link":"https:\/\/baralivres.ma\/?product=batman-the-justice-league-tome-4","title":{"rendered":"Batman &amp; the Justice League Tome 4"},"content":{"rendered":"<p>Gotham City est la ville avec le plus haut taux de criminalit\u00e9 du pays. Cela n&#8217;emp\u00eache pas Rui, un jeune japonais, de s&rsquo;y rendre dans l&rsquo;espoir de retrouver ses parents disparus. Mais \u00e0 peine arriv\u00e9, il est attaqu\u00e9 par un policier devenu compl\u00e8tement fou. Malgr\u00e9 son talent pour le combat, Rui ne s&rsquo;en serait pas sorti sans l&rsquo;intervention de Batman. Le Chevalier Noir le met en garde&#8230; La ville est trop dangereuse pour lui&#8230;<br \/>\nSans compter que celui qui tire les ficelles n&rsquo;est autre que le Joker ! Batman devra se faire aider pour faire revenir la paix sur Gotham City&#8230; Rui est le seul \u00e0 pouvoir sceller la force des Ley Lines et ainsi r\u00e9tablir l&rsquo;ordre \u00e0 Gotham City. Mais pour cela, il doit accomplir un rituel shamanique. Et si, pendant ce rituel, celui que l&rsquo;on pensait \u00eatre le meilleur alli\u00e9 de la Justice League se transformait en ennemi&#8230;<br \/>\n?<\/p>\n","protected":false},"excerpt":{"rendered":"<p>Gotham City est la ville avec le plus haut taux de criminalit\u00e9 du pays. Cela n&#8217;emp\u00eache pas Rui, un jeune japonais, de s&rsquo;y rendre dans l&rsquo;espoir de retrouver ses parents disparus. Mais \u00e0 peine arriv\u00e9, il est attaqu\u00e9 par un policier devenu compl\u00e8tement fou. Malgr\u00e9 son talent pour le combat, Rui ne s&rsquo;en serait pas sorti sans l&rsquo;intervention de Batman. Le Chevalier Noir le met en garde&#8230; La ville est trop dangereuse pour lui&#8230;<br \/>\nSans compter que celui qui tire les ficelles n&rsquo;est autre que le Joker ! Batman devra se faire aider pour faire revenir la paix sur Gotham City&#8230; Rui est le seul \u00e0 pouvoir sceller la force des Ley Lines et ainsi r\u00e9tablir l&rsquo;ordre \u00e0 Gotham City. Mais pour cela, il doit accomplir un rituel shamanique. Et si, pendant ce rituel, celui que l&rsquo;on pensait \u00eatre le meilleur alli\u00e9 de la Justice League se transformait en ennemi&#8230;<br \/>\n?<\/p>\n","protected":false},"featured_media":12032,"comment_status":"open","ping_status":"closed","template":"","meta":{"inline_featured_image":false},"product_cat":[203,204,205],"product_tag":[],"class_list":{"0":"post-12031","1":"product","2":"type-product","3":"status-publish","4":"has-post-thumbnail","6":"product_cat-adolescente","7":"product_cat-francais","8":"product_cat-enfant-adolescente-francais","10":"first","11":"instock","12":"shipping-taxable","13":"purchasable","14":"product-type-simple"},"_links":{"self":[{"href":"https:\/\/baralivres.ma\/index.php?rest_route=\/wp\/v2\/product\/12031","targetHints":{"allow":["GET"]}}],"collection":[{"href":"https:\/\/baralivres.ma\/index.php?rest_route=\/wp\/v2\/product"}],"about":[{"href":"https:\/\/baralivres.ma\/index.php?rest_route=\/wp\/v2\/types\/product"}],"replies":[{"embeddable":true,"href":"https:\/\/baralivres.ma\/index.php?rest_route=%2Fwp%2Fv2%2Fcomments&post=12031"}],"version-history":[{"count":1,"href":"https:\/\/baralivres.ma\/index.php?rest_route=\/wp\/v2\/product\/12031\/revisions"}],"predecessor-version":[{"id":12033,"href":"https:\/\/baralivres.ma\/index.php?rest_route=\/wp\/v2\/product\/12031\/revisions\/12033"}],"wp:featuredmedia":[{"embeddable":true,"href":"https:\/\/baralivres.ma\/index.php?rest_route=\/wp\/v2\/media\/12032"}],"wp:attachment":[{"href":"https:\/\/baralivres.ma\/index.php?rest_route=%2Fwp%2Fv2%2Fmedia&parent=12031"}],"wp:term":[{"taxonomy":"product_cat","embeddable":true,"href":"https:\/\/baralivres.ma\/index.php?rest_route=%2Fwp%2Fv2%2Fproduct_cat&post=12031"},{"taxonomy":"product_tag","embeddable":true,"href":"https:\/\/baralivres.ma\/index.php?rest_route=%2Fwp%2Fv2%2Fproduct_tag&post=12031"}],"curies":[{"name":"wp","href":"https:\/\/api.w.org\/{rel}","templated":true}]}}