{"id":12028,"date":"2023-09-02T13:30:10","date_gmt":"2023-09-02T12:30:10","guid":{"rendered":"https:\/\/baralivres.ma\/?post_type=product&#038;p=12028"},"modified":"2023-09-02T13:30:13","modified_gmt":"2023-09-02T12:30:13","slug":"les-heros-de-la-galaxie-tome-1","status":"publish","type":"product","link":"https:\/\/baralivres.ma\/?product=les-heros-de-la-galaxie-tome-1","title":{"rendered":"Les h\u00e9ros de la galaxie Tome 1"},"content":{"rendered":"<div id=\"resume\" class=\"\n        fp-wide--block\n        fp-wide--block-resume                \"><\/p>\n<div class=\"fp-wide--block--header\">\n<h2 class=\"primary-title\"><\/h2>\n<\/div>\n<div class=\"content\">Voici la saga h\u00e9ro\u00efque contant le destin de deux hommes d&rsquo;exception, \u00e0 qui reviendra la t\u00e2che de mettre fin \u00e0 une interminable guerre galactique !! Dans un avenir tr\u00e8s lointain, deux grands h\u00e9ros vont na\u00eetre : Reinhard Von M\u00fcsel, surnomm\u00e9 \u00ab\u00a0le G\u00e9nie de la Victoire\u00a0\u00bb, et Yang Wen-li, surnomm\u00e9 \u00ab\u00a0Le Magicien Invaincu\u00a0\u00bb. Tels deux \u00e9toiles scintillant dans les t\u00e9n\u00e8bres d&rsquo;une \u00e9poque tourment\u00e9e, ils vont s&rsquo;affronter \u00e0 travers la galaxie et changer le destin de l&rsquo;humanit\u00e9.<\/div>\n<\/div>\n<div id=\"specification\" class=\"\n        fp-wide--block\n        fp-wide--block-specification                \"><\/p>\n<div class=\"fp-wide--block--header\"><\/div>\n<\/div>\n","protected":false},"excerpt":{"rendered":"<div id=\"resume\" class=\"\n        fp-wide--block\n        fp-wide--block-resume                \"><\/p>\n<div class=\"fp-wide--block--header\">\n<p class=\"primary-title\">Voici la saga h\u00e9ro\u00efque contant le destin de deux hommes d&rsquo;exception, \u00e0 qui reviendra la t\u00e2che de mettre fin \u00e0 une interminable guerre galactique !! Dans un avenir tr\u00e8s lointain, deux grands h\u00e9ros vont na\u00eetre : Reinhard Von M\u00fcsel, surnomm\u00e9 \u00ab\u00a0le G\u00e9nie de la Victoire\u00a0\u00bb, et Yang Wen-li, surnomm\u00e9 \u00ab\u00a0Le Magicien Invaincu\u00a0\u00bb. Tels deux \u00e9toiles scintillant dans les t\u00e9n\u00e8bres d&rsquo;une \u00e9poque tourment\u00e9e, ils vont s&rsquo;affronter \u00e0 travers la galaxie et changer le destin de l&rsquo;humanit\u00e9.<\/p>\n<\/div>\n<\/div>\n<div id=\"specification\" class=\"\n        fp-wide--block\n        fp-wide--block-specification                \"><\/p>\n<div class=\"fp-wide--block--header\"><\/div>\n<\/div>\n","protected":false},"featured_media":12029,"comment_status":"open","ping_status":"closed","template":"","meta":{"inline_featured_image":false},"product_cat":[203,204,205],"product_tag":[],"class_list":{"0":"post-12028","1":"product","2":"type-product","3":"status-publish","4":"has-post-thumbnail","6":"product_cat-adolescente","7":"product_cat-francais","8":"product_cat-enfant-adolescente-francais","10":"first","11":"instock","12":"shipping-taxable","13":"purchasable","14":"product-type-simple"},"_links":{"self":[{"href":"https:\/\/baralivres.ma\/index.php?rest_route=\/wp\/v2\/product\/12028","targetHints":{"allow":["GET"]}}],"collection":[{"href":"https:\/\/baralivres.ma\/index.php?rest_route=\/wp\/v2\/product"}],"about":[{"href":"https:\/\/baralivres.ma\/index.php?rest_route=\/wp\/v2\/types\/product"}],"replies":[{"embeddable":true,"href":"https:\/\/baralivres.ma\/index.php?rest_route=%2Fwp%2Fv2%2Fcomments&post=12028"}],"version-history":[{"count":1,"href":"https:\/\/baralivres.ma\/index.php?rest_route=\/wp\/v2\/product\/12028\/revisions"}],"predecessor-version":[{"id":12030,"href":"https:\/\/baralivres.ma\/index.php?rest_route=\/wp\/v2\/product\/12028\/revisions\/12030"}],"wp:featuredmedia":[{"embeddable":true,"href":"https:\/\/baralivres.ma\/index.php?rest_route=\/wp\/v2\/media\/12029"}],"wp:attachment":[{"href":"https:\/\/baralivres.ma\/index.php?rest_route=%2Fwp%2Fv2%2Fmedia&parent=12028"}],"wp:term":[{"taxonomy":"product_cat","embeddable":true,"href":"https:\/\/baralivres.ma\/index.php?rest_route=%2Fwp%2Fv2%2Fproduct_cat&post=12028"},{"taxonomy":"product_tag","embeddable":true,"href":"https:\/\/baralivres.ma\/index.php?rest_route=%2Fwp%2Fv2%2Fproduct_tag&post=12028"}],"curies":[{"name":"wp","href":"https:\/\/api.w.org\/{rel}","templated":true}]}}