{"id":12022,"date":"2023-09-02T13:25:25","date_gmt":"2023-09-02T12:25:25","guid":{"rendered":"https:\/\/baralivres.ma\/?post_type=product&#038;p=12022"},"modified":"2023-09-02T13:27:44","modified_gmt":"2023-09-02T12:27:44","slug":"les-heros-de-la-galaxie-tome-3","status":"publish","type":"product","link":"https:\/\/baralivres.ma\/?product=les-heros-de-la-galaxie-tome-3","title":{"rendered":"Les h\u00e9ros de la galaxie Tome 3"},"content":{"rendered":"<p>Profitant d&rsquo;une conjoncture politique favorable, l&rsquo;Alliance des Plan\u00e8tes Libres a entrepris de conqu\u00e9rir la forteresse d&rsquo;Iserlohn, une forteresse imp\u00e9riale r\u00e9put\u00e9e imprenable. Yang participe \u00e9galement \u00e0 l&rsquo;op\u00e9ration mais avec scepticisme. De son c\u00f4t\u00e9, la flotte imp\u00e9riale attend l&rsquo;ennemi de pied ferme. Reinhard remporte les victoires les unes apr\u00e8s les autres, plongeant la flotte alli\u00e9e dans le d\u00e9sarroi.<br \/>\nYang Wen-Li. Reinhard von M\u00fcsel. Ces deux figures embl\u00e9matiques vont-elles \u00e9merger des profondeurs de l&rsquo;espace pour s&rsquo;affronter enfin sur le champ de bataille ?<\/p>\n","protected":false},"excerpt":{"rendered":"<p>Profitant d&rsquo;une conjoncture politique favorable, l&rsquo;Alliance des Plan\u00e8tes Libres a entrepris de conqu\u00e9rir la forteresse d&rsquo;Iserlohn, une forteresse imp\u00e9riale r\u00e9put\u00e9e imprenable. Yang participe \u00e9galement \u00e0 l&rsquo;op\u00e9ration mais avec scepticisme. De son c\u00f4t\u00e9, la flotte imp\u00e9riale attend l&rsquo;ennemi de pied ferme. Reinhard remporte les victoires les unes apr\u00e8s les autres, plongeant la flotte alli\u00e9e dans le d\u00e9sarroi.<br \/>\nYang Wen-Li. Reinhard von M\u00fcsel. Ces deux figures embl\u00e9matiques vont-elles \u00e9merger des profondeurs de l&rsquo;espace pour s&rsquo;affronter enfin sur le champ de bataille ?<\/p>\n","protected":false},"featured_media":12023,"comment_status":"open","ping_status":"closed","template":"","meta":{"inline_featured_image":false},"product_cat":[203,204,205],"product_tag":[],"class_list":{"0":"post-12022","1":"product","2":"type-product","3":"status-publish","4":"has-post-thumbnail","6":"product_cat-adolescente","7":"product_cat-francais","8":"product_cat-enfant-adolescente-francais","10":"first","11":"instock","12":"shipping-taxable","13":"purchasable","14":"product-type-simple"},"_links":{"self":[{"href":"https:\/\/baralivres.ma\/index.php?rest_route=\/wp\/v2\/product\/12022","targetHints":{"allow":["GET"]}}],"collection":[{"href":"https:\/\/baralivres.ma\/index.php?rest_route=\/wp\/v2\/product"}],"about":[{"href":"https:\/\/baralivres.ma\/index.php?rest_route=\/wp\/v2\/types\/product"}],"replies":[{"embeddable":true,"href":"https:\/\/baralivres.ma\/index.php?rest_route=%2Fwp%2Fv2%2Fcomments&post=12022"}],"version-history":[{"count":1,"href":"https:\/\/baralivres.ma\/index.php?rest_route=\/wp\/v2\/product\/12022\/revisions"}],"predecessor-version":[{"id":12024,"href":"https:\/\/baralivres.ma\/index.php?rest_route=\/wp\/v2\/product\/12022\/revisions\/12024"}],"wp:featuredmedia":[{"embeddable":true,"href":"https:\/\/baralivres.ma\/index.php?rest_route=\/wp\/v2\/media\/12023"}],"wp:attachment":[{"href":"https:\/\/baralivres.ma\/index.php?rest_route=%2Fwp%2Fv2%2Fmedia&parent=12022"}],"wp:term":[{"taxonomy":"product_cat","embeddable":true,"href":"https:\/\/baralivres.ma\/index.php?rest_route=%2Fwp%2Fv2%2Fproduct_cat&post=12022"},{"taxonomy":"product_tag","embeddable":true,"href":"https:\/\/baralivres.ma\/index.php?rest_route=%2Fwp%2Fv2%2Fproduct_tag&post=12022"}],"curies":[{"name":"wp","href":"https:\/\/api.w.org\/{rel}","templated":true}]}}