{"id":12019,"date":"2023-09-02T13:23:40","date_gmt":"2023-09-02T12:23:40","guid":{"rendered":"https:\/\/baralivres.ma\/?post_type=product&#038;p=12019"},"modified":"2023-09-02T13:23:40","modified_gmt":"2023-09-02T12:23:40","slug":"boss-renoma-tome-1","status":"publish","type":"product","link":"https:\/\/baralivres.ma\/?product=boss-renoma-tome-1","title":{"rendered":"Boss Renoma Tome 1"},"content":{"rendered":"<p>TOKYO, DANS UN FUTUR PROCHE&#8230; UNE METEORITE S&rsquo;EST ECRASEE SUR LA MEGALOPOLE, LA SEPARANT EN DEUX. D&rsquo;un c\u00f4t\u00e9, des quartiers r\u00e9serv\u00e9s aux riches, de l&rsquo;autre, un terrible bidonville, v\u00e9ritable zone sinistr\u00e9e et de non-droit. C&rsquo;est l\u00e0 que vit le jeune R\u00e9noma, boss du gang du Double Dragon Cross. Inculp\u00e9 pour meurtres, il est envoy\u00e9 sur l&rsquo;\u00eele du Paradis, prison de haute s\u00e9curit\u00e9 o\u00f9 il devra purger une peine de vingt-huit ans.<br \/>\nPour survivre dans cet enfer, son objectif est clair : il lui faudra devenir le boss de la 27e menuiserie&#8230;<\/p>\n","protected":false},"excerpt":{"rendered":"<p>TOKYO, DANS UN FUTUR PROCHE&#8230; UNE METEORITE S&rsquo;EST ECRASEE SUR LA MEGALOPOLE, LA SEPARANT EN DEUX. D&rsquo;un c\u00f4t\u00e9, des quartiers r\u00e9serv\u00e9s aux riches, de l&rsquo;autre, un terrible bidonville, v\u00e9ritable zone sinistr\u00e9e et de non-droit. C&rsquo;est l\u00e0 que vit le jeune R\u00e9noma, boss du gang du Double Dragon Cross. Inculp\u00e9 pour meurtres, il est envoy\u00e9 sur l&rsquo;\u00eele du Paradis, prison de haute s\u00e9curit\u00e9 o\u00f9 il devra purger une peine de vingt-huit ans.<br \/>\nPour survivre dans cet enfer, son objectif est clair : il lui faudra devenir le boss de la 27e menuiserie&#8230;<\/p>\n","protected":false},"featured_media":12020,"comment_status":"open","ping_status":"closed","template":"","meta":{"inline_featured_image":false},"product_cat":[203,204,205],"product_tag":[],"class_list":{"0":"post-12019","1":"product","2":"type-product","3":"status-publish","4":"has-post-thumbnail","6":"product_cat-adolescente","7":"product_cat-francais","8":"product_cat-enfant-adolescente-francais","10":"first","11":"instock","12":"shipping-taxable","13":"purchasable","14":"product-type-simple"},"_links":{"self":[{"href":"https:\/\/baralivres.ma\/index.php?rest_route=\/wp\/v2\/product\/12019","targetHints":{"allow":["GET"]}}],"collection":[{"href":"https:\/\/baralivres.ma\/index.php?rest_route=\/wp\/v2\/product"}],"about":[{"href":"https:\/\/baralivres.ma\/index.php?rest_route=\/wp\/v2\/types\/product"}],"replies":[{"embeddable":true,"href":"https:\/\/baralivres.ma\/index.php?rest_route=%2Fwp%2Fv2%2Fcomments&post=12019"}],"version-history":[{"count":1,"href":"https:\/\/baralivres.ma\/index.php?rest_route=\/wp\/v2\/product\/12019\/revisions"}],"predecessor-version":[{"id":12021,"href":"https:\/\/baralivres.ma\/index.php?rest_route=\/wp\/v2\/product\/12019\/revisions\/12021"}],"wp:featuredmedia":[{"embeddable":true,"href":"https:\/\/baralivres.ma\/index.php?rest_route=\/wp\/v2\/media\/12020"}],"wp:attachment":[{"href":"https:\/\/baralivres.ma\/index.php?rest_route=%2Fwp%2Fv2%2Fmedia&parent=12019"}],"wp:term":[{"taxonomy":"product_cat","embeddable":true,"href":"https:\/\/baralivres.ma\/index.php?rest_route=%2Fwp%2Fv2%2Fproduct_cat&post=12019"},{"taxonomy":"product_tag","embeddable":true,"href":"https:\/\/baralivres.ma\/index.php?rest_route=%2Fwp%2Fv2%2Fproduct_tag&post=12019"}],"curies":[{"name":"wp","href":"https:\/\/api.w.org\/{rel}","templated":true}]}}