{"id":12016,"date":"2023-09-02T13:12:56","date_gmt":"2023-09-02T12:12:56","guid":{"rendered":"https:\/\/baralivres.ma\/?post_type=product&#038;p=12016"},"modified":"2023-09-02T13:12:58","modified_gmt":"2023-09-02T12:12:58","slug":"the-elusive-samurai-tome-1","status":"publish","type":"product","link":"https:\/\/baralivres.ma\/?product=the-elusive-samurai-tome-1","title":{"rendered":"The Elusive Samurai Tome 1"},"content":{"rendered":"<p>L&rsquo;esquive est parfais la meilleure attaque ! 1333, Kamakura. Au terme d&rsquo;une insurrection, H\u00f4j\u00f4 Tokiyuki, jeune gar\u00e7on dont le destin \u00e9tait d&rsquo;h\u00e9riter du shogunat, perd tout : sa famille, sa ville natale, les partisans de son clan&#8230; Dernier survivant de sa lign\u00e9e, il devient alors le fugitif le plus recherch\u00e9 de la r\u00e9gion. Mais heureusement, Tokiyuki a un don particulier pour survivre : la fuite. Son histoire est celle de l&rsquo;errance, de la dissimulation et de la reconqu\u00eate.<br \/>\nAinsi commence la vie tumultueuse de l&rsquo;insaisissable prince samoura\u00ef !<\/p>\n","protected":false},"excerpt":{"rendered":"<p>L&rsquo;esquive est parfais la meilleure attaque ! 1333, Kamakura. Au terme d&rsquo;une insurrection, H\u00f4j\u00f4 Tokiyuki, jeune gar\u00e7on dont le destin \u00e9tait d&rsquo;h\u00e9riter du shogunat, perd tout : sa famille, sa ville natale, les partisans de son clan&#8230; Dernier survivant de sa lign\u00e9e, il devient alors le fugitif le plus recherch\u00e9 de la r\u00e9gion. Mais heureusement, Tokiyuki a un don particulier pour survivre : la fuite. Son histoire est celle de l&rsquo;errance, de la dissimulation et de la reconqu\u00eate.<br \/>\nAinsi commence la vie tumultueuse de l&rsquo;insaisissable prince samoura\u00ef !<\/p>\n","protected":false},"featured_media":12017,"comment_status":"open","ping_status":"closed","template":"","meta":{"inline_featured_image":false},"product_cat":[203,204,205],"product_tag":[],"class_list":{"0":"post-12016","1":"product","2":"type-product","3":"status-publish","4":"has-post-thumbnail","6":"product_cat-adolescente","7":"product_cat-francais","8":"product_cat-enfant-adolescente-francais","10":"first","11":"instock","12":"shipping-taxable","13":"purchasable","14":"product-type-simple"},"_links":{"self":[{"href":"https:\/\/baralivres.ma\/index.php?rest_route=\/wp\/v2\/product\/12016","targetHints":{"allow":["GET"]}}],"collection":[{"href":"https:\/\/baralivres.ma\/index.php?rest_route=\/wp\/v2\/product"}],"about":[{"href":"https:\/\/baralivres.ma\/index.php?rest_route=\/wp\/v2\/types\/product"}],"replies":[{"embeddable":true,"href":"https:\/\/baralivres.ma\/index.php?rest_route=%2Fwp%2Fv2%2Fcomments&post=12016"}],"version-history":[{"count":1,"href":"https:\/\/baralivres.ma\/index.php?rest_route=\/wp\/v2\/product\/12016\/revisions"}],"predecessor-version":[{"id":12018,"href":"https:\/\/baralivres.ma\/index.php?rest_route=\/wp\/v2\/product\/12016\/revisions\/12018"}],"wp:featuredmedia":[{"embeddable":true,"href":"https:\/\/baralivres.ma\/index.php?rest_route=\/wp\/v2\/media\/12017"}],"wp:attachment":[{"href":"https:\/\/baralivres.ma\/index.php?rest_route=%2Fwp%2Fv2%2Fmedia&parent=12016"}],"wp:term":[{"taxonomy":"product_cat","embeddable":true,"href":"https:\/\/baralivres.ma\/index.php?rest_route=%2Fwp%2Fv2%2Fproduct_cat&post=12016"},{"taxonomy":"product_tag","embeddable":true,"href":"https:\/\/baralivres.ma\/index.php?rest_route=%2Fwp%2Fv2%2Fproduct_tag&post=12016"}],"curies":[{"name":"wp","href":"https:\/\/api.w.org\/{rel}","templated":true}]}}