{"id":12013,"date":"2023-09-02T13:11:25","date_gmt":"2023-09-02T12:11:25","guid":{"rendered":"https:\/\/baralivres.ma\/?post_type=product&#038;p=12013"},"modified":"2023-09-02T13:11:26","modified_gmt":"2023-09-02T12:11:26","slug":"the-elusive-samurai-tome-2","status":"publish","type":"product","link":"https:\/\/baralivres.ma\/?product=the-elusive-samurai-tome-2","title":{"rendered":"The Elusive Samurai Tome 2"},"content":{"rendered":"<p>L&rsquo;esquive est parfois la meilleure attaque ! Ogasawara Sadamune, le gouverneur de la province de Shinano, traque les survivants du clan H\u00f4j\u00f4 et s&rsquo;invite dans la partie de tir au chien du sanctuaire de Suwa ! Tokiyuhi est contraint de le defier au tir \u00e0 l&rsquo;arc, discipline dans laquelle Sadamune excelle&#8230; Tohiyuhi parviendra-t-il \u00e0 tirer son \u00e9pingle du jeu face a un adversaire impitoyable ?<\/p>\n","protected":false},"excerpt":{"rendered":"<p>L&rsquo;esquive est parfois la meilleure attaque ! Ogasawara Sadamune, le gouverneur de la province de Shinano, traque les survivants du clan H\u00f4j\u00f4 et s&rsquo;invite dans la partie de tir au chien du sanctuaire de Suwa ! Tokiyuhi est contraint de le defier au tir \u00e0 l&rsquo;arc, discipline dans laquelle Sadamune excelle&#8230; Tohiyuhi parviendra-t-il \u00e0 tirer son \u00e9pingle du jeu face a un adversaire impitoyable ?<\/p>\n","protected":false},"featured_media":12014,"comment_status":"open","ping_status":"closed","template":"","meta":{"inline_featured_image":false},"product_cat":[203,204,205],"product_tag":[],"class_list":{"0":"post-12013","1":"product","2":"type-product","3":"status-publish","4":"has-post-thumbnail","6":"product_cat-adolescente","7":"product_cat-francais","8":"product_cat-enfant-adolescente-francais","10":"first","11":"instock","12":"shipping-taxable","13":"purchasable","14":"product-type-simple"},"_links":{"self":[{"href":"https:\/\/baralivres.ma\/index.php?rest_route=\/wp\/v2\/product\/12013","targetHints":{"allow":["GET"]}}],"collection":[{"href":"https:\/\/baralivres.ma\/index.php?rest_route=\/wp\/v2\/product"}],"about":[{"href":"https:\/\/baralivres.ma\/index.php?rest_route=\/wp\/v2\/types\/product"}],"replies":[{"embeddable":true,"href":"https:\/\/baralivres.ma\/index.php?rest_route=%2Fwp%2Fv2%2Fcomments&post=12013"}],"version-history":[{"count":1,"href":"https:\/\/baralivres.ma\/index.php?rest_route=\/wp\/v2\/product\/12013\/revisions"}],"predecessor-version":[{"id":12015,"href":"https:\/\/baralivres.ma\/index.php?rest_route=\/wp\/v2\/product\/12013\/revisions\/12015"}],"wp:featuredmedia":[{"embeddable":true,"href":"https:\/\/baralivres.ma\/index.php?rest_route=\/wp\/v2\/media\/12014"}],"wp:attachment":[{"href":"https:\/\/baralivres.ma\/index.php?rest_route=%2Fwp%2Fv2%2Fmedia&parent=12013"}],"wp:term":[{"taxonomy":"product_cat","embeddable":true,"href":"https:\/\/baralivres.ma\/index.php?rest_route=%2Fwp%2Fv2%2Fproduct_cat&post=12013"},{"taxonomy":"product_tag","embeddable":true,"href":"https:\/\/baralivres.ma\/index.php?rest_route=%2Fwp%2Fv2%2Fproduct_tag&post=12013"}],"curies":[{"name":"wp","href":"https:\/\/api.w.org\/{rel}","templated":true}]}}