{"id":12010,"date":"2023-09-02T13:08:13","date_gmt":"2023-09-02T12:08:13","guid":{"rendered":"https:\/\/baralivres.ma\/?post_type=product&#038;p=12010"},"modified":"2023-09-02T13:08:14","modified_gmt":"2023-09-02T12:08:14","slug":"saint-seiya-the-lost-canvas-tome-2","status":"publish","type":"product","link":"https:\/\/baralivres.ma\/?product=saint-seiya-the-lost-canvas-tome-2","title":{"rendered":"Saint Seiya &#8211; The Lost Canvas Tome 2"},"content":{"rendered":"<p>L&rsquo;affrontement avec Had\u00e8s approche ! Sur la foi d&rsquo;informations terrifiantes, les chevaliers de P\u00e9gase, du B\u00e9lier et de la Balance se rendent dans un petit village du Sud de l&rsquo;Italie. L\u00e0, ils vont d\u00e9couvrir qu&rsquo;Had\u00e8s s&rsquo;est effectivement r\u00e9incarn\u00e9 afin de mener sa Grande Guerre sainte contre l&rsquo;humanit\u00e9. Tragique ironie, l&rsquo;humain choisi par le dieu de la mort n&rsquo;est autre que le meilleur ami du chevalier P\u00e9gase, le paisible Alone.<br \/>\nUne bataille au go\u00fbt amer commence&#8230;<\/p>\n","protected":false},"excerpt":{"rendered":"<p>L&rsquo;affrontement avec Had\u00e8s approche ! Sur la foi d&rsquo;informations terrifiantes, les chevaliers de P\u00e9gase, du B\u00e9lier et de la Balance se rendent dans un petit village du Sud de l&rsquo;Italie. L\u00e0, ils vont d\u00e9couvrir qu&rsquo;Had\u00e8s s&rsquo;est effectivement r\u00e9incarn\u00e9 afin de mener sa Grande Guerre sainte contre l&rsquo;humanit\u00e9. Tragique ironie, l&rsquo;humain choisi par le dieu de la mort n&rsquo;est autre que le meilleur ami du chevalier P\u00e9gase, le paisible Alone.<br \/>\nUne bataille au go\u00fbt amer commence&#8230;<\/p>\n","protected":false},"featured_media":12011,"comment_status":"open","ping_status":"closed","template":"","meta":{"inline_featured_image":false},"product_cat":[203,204,205],"product_tag":[],"class_list":{"0":"post-12010","1":"product","2":"type-product","3":"status-publish","4":"has-post-thumbnail","6":"product_cat-adolescente","7":"product_cat-francais","8":"product_cat-enfant-adolescente-francais","10":"first","11":"instock","12":"shipping-taxable","13":"purchasable","14":"product-type-simple"},"_links":{"self":[{"href":"https:\/\/baralivres.ma\/index.php?rest_route=\/wp\/v2\/product\/12010","targetHints":{"allow":["GET"]}}],"collection":[{"href":"https:\/\/baralivres.ma\/index.php?rest_route=\/wp\/v2\/product"}],"about":[{"href":"https:\/\/baralivres.ma\/index.php?rest_route=\/wp\/v2\/types\/product"}],"replies":[{"embeddable":true,"href":"https:\/\/baralivres.ma\/index.php?rest_route=%2Fwp%2Fv2%2Fcomments&post=12010"}],"version-history":[{"count":1,"href":"https:\/\/baralivres.ma\/index.php?rest_route=\/wp\/v2\/product\/12010\/revisions"}],"predecessor-version":[{"id":12012,"href":"https:\/\/baralivres.ma\/index.php?rest_route=\/wp\/v2\/product\/12010\/revisions\/12012"}],"wp:featuredmedia":[{"embeddable":true,"href":"https:\/\/baralivres.ma\/index.php?rest_route=\/wp\/v2\/media\/12011"}],"wp:attachment":[{"href":"https:\/\/baralivres.ma\/index.php?rest_route=%2Fwp%2Fv2%2Fmedia&parent=12010"}],"wp:term":[{"taxonomy":"product_cat","embeddable":true,"href":"https:\/\/baralivres.ma\/index.php?rest_route=%2Fwp%2Fv2%2Fproduct_cat&post=12010"},{"taxonomy":"product_tag","embeddable":true,"href":"https:\/\/baralivres.ma\/index.php?rest_route=%2Fwp%2Fv2%2Fproduct_tag&post=12010"}],"curies":[{"name":"wp","href":"https:\/\/api.w.org\/{rel}","templated":true}]}}