{"id":12007,"date":"2023-09-02T13:06:26","date_gmt":"2023-09-02T12:06:26","guid":{"rendered":"https:\/\/baralivres.ma\/?post_type=product&#038;p=12007"},"modified":"2023-09-02T13:06:27","modified_gmt":"2023-09-02T12:06:27","slug":"saint-seiya-the-lost-canvas-tome-3","status":"publish","type":"product","link":"https:\/\/baralivres.ma\/?product=saint-seiya-the-lost-canvas-tome-3","title":{"rendered":"Saint Seiya &#8211; The Lost Canvas Tome 3"},"content":{"rendered":"<p>Ne manquez pas le spectaculaire combat d&rsquo;un des plus grands chevaliers d&rsquo;Or d&rsquo;Ath\u00e9na, Albafica des poissons ! Minos, un des trois grands g\u00e9n\u00e9raux d&rsquo;Had\u00e8s, se rend au Sanctuaire pour essayer de tuer Ath\u00e9na, mais le chevalier d&rsquo;Or des Poissons, Albafica, se met en travers de sa route pour l&rsquo;en emp\u00eacher !! La Guerre sainte commence maintenant !<\/p>\n","protected":false},"excerpt":{"rendered":"<p>Ne manquez pas le spectaculaire combat d&rsquo;un des plus grands chevaliers d&rsquo;Or d&rsquo;Ath\u00e9na, Albafica des poissons ! Minos, un des trois grands g\u00e9n\u00e9raux d&rsquo;Had\u00e8s, se rend au Sanctuaire pour essayer de tuer Ath\u00e9na, mais le chevalier d&rsquo;Or des Poissons, Albafica, se met en travers de sa route pour l&rsquo;en emp\u00eacher !! La Guerre sainte commence maintenant !<\/p>\n","protected":false},"featured_media":12008,"comment_status":"open","ping_status":"closed","template":"","meta":{"inline_featured_image":false},"product_cat":[203,204,205],"product_tag":[],"class_list":{"0":"post-12007","1":"product","2":"type-product","3":"status-publish","4":"has-post-thumbnail","6":"product_cat-adolescente","7":"product_cat-francais","8":"product_cat-enfant-adolescente-francais","10":"first","11":"instock","12":"shipping-taxable","13":"purchasable","14":"product-type-simple"},"_links":{"self":[{"href":"https:\/\/baralivres.ma\/index.php?rest_route=\/wp\/v2\/product\/12007","targetHints":{"allow":["GET"]}}],"collection":[{"href":"https:\/\/baralivres.ma\/index.php?rest_route=\/wp\/v2\/product"}],"about":[{"href":"https:\/\/baralivres.ma\/index.php?rest_route=\/wp\/v2\/types\/product"}],"replies":[{"embeddable":true,"href":"https:\/\/baralivres.ma\/index.php?rest_route=%2Fwp%2Fv2%2Fcomments&post=12007"}],"version-history":[{"count":1,"href":"https:\/\/baralivres.ma\/index.php?rest_route=\/wp\/v2\/product\/12007\/revisions"}],"predecessor-version":[{"id":12009,"href":"https:\/\/baralivres.ma\/index.php?rest_route=\/wp\/v2\/product\/12007\/revisions\/12009"}],"wp:featuredmedia":[{"embeddable":true,"href":"https:\/\/baralivres.ma\/index.php?rest_route=\/wp\/v2\/media\/12008"}],"wp:attachment":[{"href":"https:\/\/baralivres.ma\/index.php?rest_route=%2Fwp%2Fv2%2Fmedia&parent=12007"}],"wp:term":[{"taxonomy":"product_cat","embeddable":true,"href":"https:\/\/baralivres.ma\/index.php?rest_route=%2Fwp%2Fv2%2Fproduct_cat&post=12007"},{"taxonomy":"product_tag","embeddable":true,"href":"https:\/\/baralivres.ma\/index.php?rest_route=%2Fwp%2Fv2%2Fproduct_tag&post=12007"}],"curies":[{"name":"wp","href":"https:\/\/api.w.org\/{rel}","templated":true}]}}