{"id":12004,"date":"2023-09-02T13:02:51","date_gmt":"2023-09-02T12:02:51","guid":{"rendered":"https:\/\/baralivres.ma\/?post_type=product&#038;p=12004"},"modified":"2023-09-02T13:02:51","modified_gmt":"2023-09-02T12:02:51","slug":"gamaran-tome-1","status":"publish","type":"product","link":"https:\/\/baralivres.ma\/?product=gamaran-tome-1","title":{"rendered":"Gamaran Tome 1"},"content":{"rendered":"<p>A l&rsquo;\u00e8re Edo, le fief Unabara rassemble les ma\u00eetres d&rsquo;arts martiaux ne vivant que pour le combat. On surnomme cette terre le \u00a0\u00bb l&rsquo;antre des d\u00e9mons \u00ab\u00a0. Gama a seulement 14 ans mais il d\u00e9cide de repr\u00e9senter l&rsquo;\u00e9cole \u00d4game lors du grand Tournoi d&rsquo;Unabara. Arrivera-t-il \u00e0 prouver sa valeur dans cette impitoyable comp\u00e9tition ? Que le combat commence !!!<\/p>\n","protected":false},"excerpt":{"rendered":"<p>A l&rsquo;\u00e8re Edo, le fief Unabara rassemble les ma\u00eetres d&rsquo;arts martiaux ne vivant que pour le combat. On surnomme cette terre le \u00a0\u00bb l&rsquo;antre des d\u00e9mons \u00ab\u00a0. Gama a seulement 14 ans mais il d\u00e9cide de repr\u00e9senter l&rsquo;\u00e9cole \u00d4game lors du grand Tournoi d&rsquo;Unabara. Arrivera-t-il \u00e0 prouver sa valeur dans cette impitoyable comp\u00e9tition ? Que le combat commence !!!<\/p>\n","protected":false},"featured_media":12005,"comment_status":"open","ping_status":"closed","template":"","meta":{"inline_featured_image":false},"product_cat":[203,204,205],"product_tag":[],"class_list":{"0":"post-12004","1":"product","2":"type-product","3":"status-publish","4":"has-post-thumbnail","6":"product_cat-adolescente","7":"product_cat-francais","8":"product_cat-enfant-adolescente-francais","10":"first","11":"instock","12":"shipping-taxable","13":"purchasable","14":"product-type-simple"},"_links":{"self":[{"href":"https:\/\/baralivres.ma\/index.php?rest_route=\/wp\/v2\/product\/12004","targetHints":{"allow":["GET"]}}],"collection":[{"href":"https:\/\/baralivres.ma\/index.php?rest_route=\/wp\/v2\/product"}],"about":[{"href":"https:\/\/baralivres.ma\/index.php?rest_route=\/wp\/v2\/types\/product"}],"replies":[{"embeddable":true,"href":"https:\/\/baralivres.ma\/index.php?rest_route=%2Fwp%2Fv2%2Fcomments&post=12004"}],"version-history":[{"count":1,"href":"https:\/\/baralivres.ma\/index.php?rest_route=\/wp\/v2\/product\/12004\/revisions"}],"predecessor-version":[{"id":12006,"href":"https:\/\/baralivres.ma\/index.php?rest_route=\/wp\/v2\/product\/12004\/revisions\/12006"}],"wp:featuredmedia":[{"embeddable":true,"href":"https:\/\/baralivres.ma\/index.php?rest_route=\/wp\/v2\/media\/12005"}],"wp:attachment":[{"href":"https:\/\/baralivres.ma\/index.php?rest_route=%2Fwp%2Fv2%2Fmedia&parent=12004"}],"wp:term":[{"taxonomy":"product_cat","embeddable":true,"href":"https:\/\/baralivres.ma\/index.php?rest_route=%2Fwp%2Fv2%2Fproduct_cat&post=12004"},{"taxonomy":"product_tag","embeddable":true,"href":"https:\/\/baralivres.ma\/index.php?rest_route=%2Fwp%2Fv2%2Fproduct_tag&post=12004"}],"curies":[{"name":"wp","href":"https:\/\/api.w.org\/{rel}","templated":true}]}}