{"id":12001,"date":"2023-09-02T13:01:19","date_gmt":"2023-09-02T12:01:19","guid":{"rendered":"https:\/\/baralivres.ma\/?post_type=product&#038;p=12001"},"modified":"2023-09-02T13:01:20","modified_gmt":"2023-09-02T12:01:20","slug":"gamaran-tome-2","status":"publish","type":"product","link":"https:\/\/baralivres.ma\/?product=gamaran-tome-2","title":{"rendered":"Gamaran Tome 2"},"content":{"rendered":"<p>Le fief Unabara regroupe sur ses terres des ma\u00eetres d&rsquo;arts martiaux venus de tout le Japon. Afin de d\u00e9terminer quelle est la meilleure \u00e9cole d&rsquo;arts martiaux, le grand tournoi Unabara est organis\u00e9. Trente et une \u00e9coles s&rsquo;y affrontent !!! Gama Kurogane, unique participant de l&rsquo;\u00e9cole \u00d4game, a pour prochain adversaire l&rsquo;archer fou de l&rsquo;\u00e9cole Naka\u00efzumi !!! Gri\u00e8vement bless\u00e9 en d\u00e9but de combat, Gama, arm\u00e9 de son \u00e9p\u00e9e, fera-t-il le poids face \u00e0 cet arc ? !<\/p>\n","protected":false},"excerpt":{"rendered":"<p>Le fief Unabara regroupe sur ses terres des ma\u00eetres d&rsquo;arts martiaux venus de tout le Japon. Afin de d\u00e9terminer quelle est la meilleure \u00e9cole d&rsquo;arts martiaux, le grand tournoi Unabara est organis\u00e9. Trente et une \u00e9coles s&rsquo;y affrontent !!! Gama Kurogane, unique participant de l&rsquo;\u00e9cole \u00d4game, a pour prochain adversaire l&rsquo;archer fou de l&rsquo;\u00e9cole Naka\u00efzumi !!! Gri\u00e8vement bless\u00e9 en d\u00e9but de combat, Gama, arm\u00e9 de son \u00e9p\u00e9e, fera-t-il le poids face \u00e0 cet arc ? !<\/p>\n","protected":false},"featured_media":12002,"comment_status":"open","ping_status":"closed","template":"","meta":{"inline_featured_image":false},"product_cat":[203,204,205],"product_tag":[],"class_list":{"0":"post-12001","1":"product","2":"type-product","3":"status-publish","4":"has-post-thumbnail","6":"product_cat-adolescente","7":"product_cat-francais","8":"product_cat-enfant-adolescente-francais","10":"first","11":"instock","12":"shipping-taxable","13":"purchasable","14":"product-type-simple"},"_links":{"self":[{"href":"https:\/\/baralivres.ma\/index.php?rest_route=\/wp\/v2\/product\/12001","targetHints":{"allow":["GET"]}}],"collection":[{"href":"https:\/\/baralivres.ma\/index.php?rest_route=\/wp\/v2\/product"}],"about":[{"href":"https:\/\/baralivres.ma\/index.php?rest_route=\/wp\/v2\/types\/product"}],"replies":[{"embeddable":true,"href":"https:\/\/baralivres.ma\/index.php?rest_route=%2Fwp%2Fv2%2Fcomments&post=12001"}],"version-history":[{"count":1,"href":"https:\/\/baralivres.ma\/index.php?rest_route=\/wp\/v2\/product\/12001\/revisions"}],"predecessor-version":[{"id":12003,"href":"https:\/\/baralivres.ma\/index.php?rest_route=\/wp\/v2\/product\/12001\/revisions\/12003"}],"wp:featuredmedia":[{"embeddable":true,"href":"https:\/\/baralivres.ma\/index.php?rest_route=\/wp\/v2\/media\/12002"}],"wp:attachment":[{"href":"https:\/\/baralivres.ma\/index.php?rest_route=%2Fwp%2Fv2%2Fmedia&parent=12001"}],"wp:term":[{"taxonomy":"product_cat","embeddable":true,"href":"https:\/\/baralivres.ma\/index.php?rest_route=%2Fwp%2Fv2%2Fproduct_cat&post=12001"},{"taxonomy":"product_tag","embeddable":true,"href":"https:\/\/baralivres.ma\/index.php?rest_route=%2Fwp%2Fv2%2Fproduct_tag&post=12001"}],"curies":[{"name":"wp","href":"https:\/\/api.w.org\/{rel}","templated":true}]}}