{"id":11995,"date":"2023-09-02T12:57:37","date_gmt":"2023-09-02T11:57:37","guid":{"rendered":"https:\/\/baralivres.ma\/?post_type=product&#038;p=11995"},"modified":"2023-09-02T12:57:38","modified_gmt":"2023-09-02T11:57:38","slug":"peleliu-guernica-of-paradise-tome-2","status":"publish","type":"product","link":"https:\/\/baralivres.ma\/?product=peleliu-guernica-of-paradise-tome-2","title":{"rendered":"Peleliu, Guernica of Paradise Tome 2"},"content":{"rendered":"<p>Trois jours apr\u00e8s le d\u00e9barquement am\u00e9ricain. Septembre 1944, l&rsquo;\u00eele de Peleliu est sous la canicule. Tamaru a surv\u00e9cu \u00e0 la mortelle bataille de la c\u00f4te ouest et a trouv\u00e9 un abri dans une grotte avec ses camarades. Les \u00ab\u00a0nettoyeurs\u00a0\u00bb, de l&rsquo;arm\u00e9e am\u00e9ricaine parcourent le territoire, jour et nuit. Une soif telle qu&rsquo;ils n&rsquo;en ont jamais connu assaille la troupe de Tamaru. Ils risquent leur vie, rien que pour obtenir de l&rsquo;eau.<br \/>\nTamaru finit par se r\u00e9signer \u00e0 la dure r\u00e9alit\u00e9 des champs de bataille. Et ce fait le trouble. Faut-il vivre pour se battre ? Ou faut-il mourir pour que le Japon vive ? Un document-v\u00e9rit\u00e9, vue par une jeunesse ayant connu le quotidien de la guerre.<\/p>\n","protected":false},"excerpt":{"rendered":"<p>Trois jours apr\u00e8s le d\u00e9barquement am\u00e9ricain. Septembre 1944, l&rsquo;\u00eele de Peleliu est sous la canicule. Tamaru a surv\u00e9cu \u00e0 la mortelle bataille de la c\u00f4te ouest et a trouv\u00e9 un abri dans une grotte avec ses camarades. Les \u00ab\u00a0nettoyeurs\u00a0\u00bb, de l&rsquo;arm\u00e9e am\u00e9ricaine parcourent le territoire, jour et nuit. Une soif telle qu&rsquo;ils n&rsquo;en ont jamais connu assaille la troupe de Tamaru. Ils risquent leur vie, rien que pour obtenir de l&rsquo;eau.<br \/>\nTamaru finit par se r\u00e9signer \u00e0 la dure r\u00e9alit\u00e9 des champs de bataille. Et ce fait le trouble. Faut-il vivre pour se battre ? Ou faut-il mourir pour que le Japon vive ? Un document-v\u00e9rit\u00e9, vue par une jeunesse ayant connu le quotidien de la guerre.<\/p>\n","protected":false},"featured_media":11996,"comment_status":"open","ping_status":"closed","template":"","meta":{"inline_featured_image":false},"product_cat":[203,204,205],"product_tag":[],"class_list":{"0":"post-11995","1":"product","2":"type-product","3":"status-publish","4":"has-post-thumbnail","6":"product_cat-adolescente","7":"product_cat-francais","8":"product_cat-enfant-adolescente-francais","10":"first","11":"instock","12":"shipping-taxable","13":"purchasable","14":"product-type-simple"},"_links":{"self":[{"href":"https:\/\/baralivres.ma\/index.php?rest_route=\/wp\/v2\/product\/11995","targetHints":{"allow":["GET"]}}],"collection":[{"href":"https:\/\/baralivres.ma\/index.php?rest_route=\/wp\/v2\/product"}],"about":[{"href":"https:\/\/baralivres.ma\/index.php?rest_route=\/wp\/v2\/types\/product"}],"replies":[{"embeddable":true,"href":"https:\/\/baralivres.ma\/index.php?rest_route=%2Fwp%2Fv2%2Fcomments&post=11995"}],"version-history":[{"count":1,"href":"https:\/\/baralivres.ma\/index.php?rest_route=\/wp\/v2\/product\/11995\/revisions"}],"predecessor-version":[{"id":11997,"href":"https:\/\/baralivres.ma\/index.php?rest_route=\/wp\/v2\/product\/11995\/revisions\/11997"}],"wp:featuredmedia":[{"embeddable":true,"href":"https:\/\/baralivres.ma\/index.php?rest_route=\/wp\/v2\/media\/11996"}],"wp:attachment":[{"href":"https:\/\/baralivres.ma\/index.php?rest_route=%2Fwp%2Fv2%2Fmedia&parent=11995"}],"wp:term":[{"taxonomy":"product_cat","embeddable":true,"href":"https:\/\/baralivres.ma\/index.php?rest_route=%2Fwp%2Fv2%2Fproduct_cat&post=11995"},{"taxonomy":"product_tag","embeddable":true,"href":"https:\/\/baralivres.ma\/index.php?rest_route=%2Fwp%2Fv2%2Fproduct_tag&post=11995"}],"curies":[{"name":"wp","href":"https:\/\/api.w.org\/{rel}","templated":true}]}}