{"id":11992,"date":"2023-09-02T12:56:08","date_gmt":"2023-09-02T11:56:08","guid":{"rendered":"https:\/\/baralivres.ma\/?post_type=product&#038;p=11992"},"modified":"2023-09-02T12:56:08","modified_gmt":"2023-09-02T11:56:08","slug":"peleliu-guernica-of-paradise-tome-3","status":"publish","type":"product","link":"https:\/\/baralivres.ma\/?product=peleliu-guernica-of-paradise-tome-3","title":{"rendered":"Peleliu, Guernica of Paradise Tome 3"},"content":{"rendered":"<p>Les troupes du g\u00e9n\u00e9ral Macarthur ont pris pied sur l&rsquo;\u00eele de Peleliu, et son infanterie y fait des ravages. Le soldat japonais Tamaru et ses camarades tentent toujours de survivre \u00e0 ce conflit qu&rsquo;ils savent perdu d&rsquo;avance, chacun \u00e0 sa mani\u00e8re. Motiv\u00e9s au rythme des messages de f\u00e9licitations de l&rsquo;Empereur du Japon, chacun tente de trouver encore un sens au combat du lendemain. Mais la recherche de nourriture et d&rsquo;eau devient vite le sujet principal de pr\u00e9occupation&#8230;<br \/>\net un risque \u00e9galement pour des soldats ainsi forc\u00e9s de se mettre \u00e0 d\u00e9couvert. Dans les deux camps, la guerre bascule peu \u00e0 peu dans l&rsquo;horreur, poussant les uns comme les autres dans une folie barbare faite de sacrifices et de culpabilit\u00e9. Un document &#8211; v\u00e9rit\u00e9 sur le terrible quotidien d&rsquo;une jeunesse d\u00e9truite par la guerre.<\/p>\n","protected":false},"excerpt":{"rendered":"<p>Les troupes du g\u00e9n\u00e9ral Macarthur ont pris pied sur l&rsquo;\u00eele de Peleliu, et son infanterie y fait des ravages. Le soldat japonais Tamaru et ses camarades tentent toujours de survivre \u00e0 ce conflit qu&rsquo;ils savent perdu d&rsquo;avance, chacun \u00e0 sa mani\u00e8re. Motiv\u00e9s au rythme des messages de f\u00e9licitations de l&rsquo;Empereur du Japon, chacun tente de trouver encore un sens au combat du lendemain. Mais la recherche de nourriture et d&rsquo;eau devient vite le sujet principal de pr\u00e9occupation&#8230;<br \/>\net un risque \u00e9galement pour des soldats ainsi forc\u00e9s de se mettre \u00e0 d\u00e9couvert. Dans les deux camps, la guerre bascule peu \u00e0 peu dans l&rsquo;horreur, poussant les uns comme les autres dans une folie barbare faite de sacrifices et de culpabilit\u00e9. Un document &#8211; v\u00e9rit\u00e9 sur le terrible quotidien d&rsquo;une jeunesse d\u00e9truite par la guerre.<\/p>\n","protected":false},"featured_media":11993,"comment_status":"open","ping_status":"closed","template":"","meta":{"inline_featured_image":false},"product_cat":[203,204,205],"product_tag":[],"class_list":{"0":"post-11992","1":"product","2":"type-product","3":"status-publish","4":"has-post-thumbnail","6":"product_cat-adolescente","7":"product_cat-francais","8":"product_cat-enfant-adolescente-francais","10":"first","11":"instock","12":"shipping-taxable","13":"purchasable","14":"product-type-simple"},"_links":{"self":[{"href":"https:\/\/baralivres.ma\/index.php?rest_route=\/wp\/v2\/product\/11992","targetHints":{"allow":["GET"]}}],"collection":[{"href":"https:\/\/baralivres.ma\/index.php?rest_route=\/wp\/v2\/product"}],"about":[{"href":"https:\/\/baralivres.ma\/index.php?rest_route=\/wp\/v2\/types\/product"}],"replies":[{"embeddable":true,"href":"https:\/\/baralivres.ma\/index.php?rest_route=%2Fwp%2Fv2%2Fcomments&post=11992"}],"version-history":[{"count":1,"href":"https:\/\/baralivres.ma\/index.php?rest_route=\/wp\/v2\/product\/11992\/revisions"}],"predecessor-version":[{"id":11994,"href":"https:\/\/baralivres.ma\/index.php?rest_route=\/wp\/v2\/product\/11992\/revisions\/11994"}],"wp:featuredmedia":[{"embeddable":true,"href":"https:\/\/baralivres.ma\/index.php?rest_route=\/wp\/v2\/media\/11993"}],"wp:attachment":[{"href":"https:\/\/baralivres.ma\/index.php?rest_route=%2Fwp%2Fv2%2Fmedia&parent=11992"}],"wp:term":[{"taxonomy":"product_cat","embeddable":true,"href":"https:\/\/baralivres.ma\/index.php?rest_route=%2Fwp%2Fv2%2Fproduct_cat&post=11992"},{"taxonomy":"product_tag","embeddable":true,"href":"https:\/\/baralivres.ma\/index.php?rest_route=%2Fwp%2Fv2%2Fproduct_tag&post=11992"}],"curies":[{"name":"wp","href":"https:\/\/api.w.org\/{rel}","templated":true}]}}