{"id":11989,"date":"2023-09-02T12:54:30","date_gmt":"2023-09-02T11:54:30","guid":{"rendered":"https:\/\/baralivres.ma\/?post_type=product&#038;p=11989"},"modified":"2023-09-02T12:54:30","modified_gmt":"2023-09-02T11:54:30","slug":"sky-high-survival-tome-1","status":"publish","type":"product","link":"https:\/\/baralivres.ma\/?product=sky-high-survival-tome-1","title":{"rendered":"Sky-High Survival Tome 1"},"content":{"rendered":"<p>Yuri se retrouve myst\u00e9rieusement sur le toit d&rsquo;un gratte-ciel. Ne sachant pas ce qui lui arrive ni o\u00f9 elle se trouve, elle voit foncer sur elle un personnage masqu\u00e9 et arm\u00e9. Elle l&rsquo;\u00e9vite gr\u00e2ce \u00e0 son instinct de survie, mais elle d\u00e9couvre un monde \u00e9trange, urbain. La seule fa\u00e7on de se d\u00e9placer et d&rsquo;\u00e9viter les assaillants est d&#8217;emprunter les ponts qui relient les toits des immeubles d&rsquo;une ville qui ne ressemble pourtant pas \u00e0 Tokyo.<br \/>\nQui sont ces hommes masqu\u00e9s qui semblent en vouloir \u00e0 sa vie ? O\u00f9 se trouve son fr\u00e8re ? Comment sortir de ce monde hostile&#8230;! ?<\/p>\n","protected":false},"excerpt":{"rendered":"<h5 class=\"product-title\">Yuri se retrouve myst\u00e9rieusement sur le toit d&rsquo;un gratte-ciel. Ne sachant pas ce qui lui arrive ni o\u00f9 elle se trouve, elle voit foncer sur elle un personnage masqu\u00e9 et arm\u00e9. Elle l&rsquo;\u00e9vite gr\u00e2ce \u00e0 son instinct de survie, mais elle d\u00e9couvre un monde \u00e9trange, urbain. La seule fa\u00e7on de se d\u00e9placer et d&rsquo;\u00e9viter les assaillants est d&#8217;emprunter les ponts qui relient les toits des immeubles d&rsquo;une ville qui ne ressemble pourtant pas \u00e0 Tokyo.<br \/>\nQui sont ces hommes masqu\u00e9s qui semblent en vouloir \u00e0 sa vie ? O\u00f9 se trouve son fr\u00e8re ? Comment sortir de ce monde hostile&#8230;! ?<\/h5>\n","protected":false},"featured_media":11990,"comment_status":"open","ping_status":"closed","template":"","meta":{"inline_featured_image":false},"product_cat":[203,205],"product_tag":[],"class_list":{"0":"post-11989","1":"product","2":"type-product","3":"status-publish","4":"has-post-thumbnail","6":"product_cat-adolescente","7":"product_cat-enfant-adolescente-francais","9":"first","10":"instock","11":"shipping-taxable","12":"purchasable","13":"product-type-simple"},"_links":{"self":[{"href":"https:\/\/baralivres.ma\/index.php?rest_route=\/wp\/v2\/product\/11989","targetHints":{"allow":["GET"]}}],"collection":[{"href":"https:\/\/baralivres.ma\/index.php?rest_route=\/wp\/v2\/product"}],"about":[{"href":"https:\/\/baralivres.ma\/index.php?rest_route=\/wp\/v2\/types\/product"}],"replies":[{"embeddable":true,"href":"https:\/\/baralivres.ma\/index.php?rest_route=%2Fwp%2Fv2%2Fcomments&post=11989"}],"version-history":[{"count":1,"href":"https:\/\/baralivres.ma\/index.php?rest_route=\/wp\/v2\/product\/11989\/revisions"}],"predecessor-version":[{"id":11991,"href":"https:\/\/baralivres.ma\/index.php?rest_route=\/wp\/v2\/product\/11989\/revisions\/11991"}],"wp:featuredmedia":[{"embeddable":true,"href":"https:\/\/baralivres.ma\/index.php?rest_route=\/wp\/v2\/media\/11990"}],"wp:attachment":[{"href":"https:\/\/baralivres.ma\/index.php?rest_route=%2Fwp%2Fv2%2Fmedia&parent=11989"}],"wp:term":[{"taxonomy":"product_cat","embeddable":true,"href":"https:\/\/baralivres.ma\/index.php?rest_route=%2Fwp%2Fv2%2Fproduct_cat&post=11989"},{"taxonomy":"product_tag","embeddable":true,"href":"https:\/\/baralivres.ma\/index.php?rest_route=%2Fwp%2Fv2%2Fproduct_tag&post=11989"}],"curies":[{"name":"wp","href":"https:\/\/api.w.org\/{rel}","templated":true}]}}