{"id":11986,"date":"2023-09-02T12:52:42","date_gmt":"2023-09-02T11:52:42","guid":{"rendered":"https:\/\/baralivres.ma\/?post_type=product&#038;p=11986"},"modified":"2023-09-02T12:52:42","modified_gmt":"2023-09-02T11:52:42","slug":"sky-high-survival-tome-2","status":"publish","type":"product","link":"https:\/\/baralivres.ma\/?product=sky-high-survival-tome-2","title":{"rendered":"Sky-High Survival Tome 2"},"content":{"rendered":"<p>Alors que Yuri commence \u00e0 apprendre des choses sur ce monde myst\u00e9rieux, les attaques des hommes masqu\u00e9s lui font perdre ses nouveaux camarades. Le cahier de Nomura se r\u00e9v\u00e8le \u00eatre une source de nombreuses suppositions \u00e9mises par le jeune homme sur ce monde des plus \u00e9tranges. Toujours \u00e0 la recherche de son fr\u00e8re, Yuri continue de traverser les ponts, jusqu&rsquo;\u00e0 une \u00e9trange rencontre avec une soubrette masqu\u00e9e.<br \/>\nLa fin est elle arriv\u00e9e pour elle, que va t&rsquo;elle d\u00e9couvrir&#8230;<\/p>\n","protected":false},"excerpt":{"rendered":"<p>Alors que Yuri commence \u00e0 apprendre des choses sur ce monde myst\u00e9rieux, les attaques des hommes masqu\u00e9s lui font perdre ses nouveaux camarades. Le cahier de Nomura se r\u00e9v\u00e8le \u00eatre une source de nombreuses suppositions \u00e9mises par le jeune homme sur ce monde des plus \u00e9tranges. Toujours \u00e0 la recherche de son fr\u00e8re, Yuri continue de traverser les ponts, jusqu&rsquo;\u00e0 une \u00e9trange rencontre avec une soubrette masqu\u00e9e.<br \/>\nLa fin est elle arriv\u00e9e pour elle, que va t&rsquo;elle d\u00e9couvrir&#8230;<\/p>\n","protected":false},"featured_media":11987,"comment_status":"open","ping_status":"closed","template":"","meta":{"inline_featured_image":false},"product_cat":[203,204,205],"product_tag":[],"class_list":{"0":"post-11986","1":"product","2":"type-product","3":"status-publish","4":"has-post-thumbnail","6":"product_cat-adolescente","7":"product_cat-francais","8":"product_cat-enfant-adolescente-francais","10":"first","11":"instock","12":"shipping-taxable","13":"purchasable","14":"product-type-simple"},"_links":{"self":[{"href":"https:\/\/baralivres.ma\/index.php?rest_route=\/wp\/v2\/product\/11986","targetHints":{"allow":["GET"]}}],"collection":[{"href":"https:\/\/baralivres.ma\/index.php?rest_route=\/wp\/v2\/product"}],"about":[{"href":"https:\/\/baralivres.ma\/index.php?rest_route=\/wp\/v2\/types\/product"}],"replies":[{"embeddable":true,"href":"https:\/\/baralivres.ma\/index.php?rest_route=%2Fwp%2Fv2%2Fcomments&post=11986"}],"version-history":[{"count":1,"href":"https:\/\/baralivres.ma\/index.php?rest_route=\/wp\/v2\/product\/11986\/revisions"}],"predecessor-version":[{"id":11988,"href":"https:\/\/baralivres.ma\/index.php?rest_route=\/wp\/v2\/product\/11986\/revisions\/11988"}],"wp:featuredmedia":[{"embeddable":true,"href":"https:\/\/baralivres.ma\/index.php?rest_route=\/wp\/v2\/media\/11987"}],"wp:attachment":[{"href":"https:\/\/baralivres.ma\/index.php?rest_route=%2Fwp%2Fv2%2Fmedia&parent=11986"}],"wp:term":[{"taxonomy":"product_cat","embeddable":true,"href":"https:\/\/baralivres.ma\/index.php?rest_route=%2Fwp%2Fv2%2Fproduct_cat&post=11986"},{"taxonomy":"product_tag","embeddable":true,"href":"https:\/\/baralivres.ma\/index.php?rest_route=%2Fwp%2Fv2%2Fproduct_tag&post=11986"}],"curies":[{"name":"wp","href":"https:\/\/api.w.org\/{rel}","templated":true}]}}