{"id":11980,"date":"2023-09-02T12:47:41","date_gmt":"2023-09-02T11:47:41","guid":{"rendered":"https:\/\/baralivres.ma\/?post_type=product&#038;p=11980"},"modified":"2023-09-02T12:51:08","modified_gmt":"2023-09-02T11:51:08","slug":"my-hero-academia-smash-tome-2","status":"publish","type":"product","link":"https:\/\/baralivres.ma\/?product=my-hero-academia-smash-tome-2","title":{"rendered":"My Hero Academia Smash Tome 2"},"content":{"rendered":"<p>Et si les robots du championnat de Yuei ressemblaient tous \u00e0 M. Aizawa ? Et si Ochaco avait une passion cach\u00e9e pour le base-ball ? Et si la seconde A croisait le chemin d&rsquo;un vilain dont l&rsquo;alter rajeunissait ses ennemis ? Toutes les situations les plus improbables que vous ayez jamais imagin\u00e9es en lisant My Hero Academia rassembl\u00e9es dans une s\u00e9rie de gags plus fous les uns que les autres !<\/p>\n","protected":false},"excerpt":{"rendered":"<p>Et si les robots du championnat de Yuei ressemblaient tous \u00e0 M. Aizawa ? Et si Ochaco avait une passion cach\u00e9e pour le base-ball ? Et si la seconde A croisait le chemin d&rsquo;un vilain dont l&rsquo;alter rajeunissait ses ennemis ? Toutes les situations les plus improbables que vous ayez jamais imagin\u00e9es en lisant My Hero Academia rassembl\u00e9es dans une s\u00e9rie de gags plus fous les uns que les autres !<\/p>\n","protected":false},"featured_media":11981,"comment_status":"open","ping_status":"closed","template":"","meta":{"inline_featured_image":false},"product_cat":[203,205],"product_tag":[],"class_list":{"0":"post-11980","1":"product","2":"type-product","3":"status-publish","4":"has-post-thumbnail","6":"product_cat-adolescente","7":"product_cat-enfant-adolescente-francais","9":"first","10":"instock","11":"shipping-taxable","12":"purchasable","13":"product-type-simple"},"_links":{"self":[{"href":"https:\/\/baralivres.ma\/index.php?rest_route=\/wp\/v2\/product\/11980","targetHints":{"allow":["GET"]}}],"collection":[{"href":"https:\/\/baralivres.ma\/index.php?rest_route=\/wp\/v2\/product"}],"about":[{"href":"https:\/\/baralivres.ma\/index.php?rest_route=\/wp\/v2\/types\/product"}],"replies":[{"embeddable":true,"href":"https:\/\/baralivres.ma\/index.php?rest_route=%2Fwp%2Fv2%2Fcomments&post=11980"}],"version-history":[{"count":1,"href":"https:\/\/baralivres.ma\/index.php?rest_route=\/wp\/v2\/product\/11980\/revisions"}],"predecessor-version":[{"id":11982,"href":"https:\/\/baralivres.ma\/index.php?rest_route=\/wp\/v2\/product\/11980\/revisions\/11982"}],"wp:featuredmedia":[{"embeddable":true,"href":"https:\/\/baralivres.ma\/index.php?rest_route=\/wp\/v2\/media\/11981"}],"wp:attachment":[{"href":"https:\/\/baralivres.ma\/index.php?rest_route=%2Fwp%2Fv2%2Fmedia&parent=11980"}],"wp:term":[{"taxonomy":"product_cat","embeddable":true,"href":"https:\/\/baralivres.ma\/index.php?rest_route=%2Fwp%2Fv2%2Fproduct_cat&post=11980"},{"taxonomy":"product_tag","embeddable":true,"href":"https:\/\/baralivres.ma\/index.php?rest_route=%2Fwp%2Fv2%2Fproduct_tag&post=11980"}],"curies":[{"name":"wp","href":"https:\/\/api.w.org\/{rel}","templated":true}]}}