{"id":11977,"date":"2023-09-02T12:46:00","date_gmt":"2023-09-02T11:46:00","guid":{"rendered":"https:\/\/baralivres.ma\/?post_type=product&#038;p=11977"},"modified":"2023-09-02T12:46:01","modified_gmt":"2023-09-02T11:46:01","slug":"pokemon-la-grande-aventure-or-et-argent-tome-1","status":"publish","type":"product","link":"https:\/\/baralivres.ma\/?product=pokemon-la-grande-aventure-or-et-argent-tome-1","title":{"rendered":"Pok\u00e9mon la grande aventure, or et argent Tome 1"},"content":{"rendered":"<p>Une nouvelle grande aventure s&rsquo;offre \u00e0 vous sur les routes de la r\u00e9gion de Johto! Suivez Or, un jeune Dresseur arrogant et s\u00fbr de lui \u00e0 la poursuite d&rsquo;Argent, un myst\u00e9rieux voleur de Pok\u00e9mon! Un nouveau manga in\u00e9dit bas\u00e9 sur les c\u00e9l\u00e8bres jeux Pok\u00e9mon version Or et Pok\u00e9mon version Argent!<\/p>\n","protected":false},"excerpt":{"rendered":"<p>Une nouvelle grande aventure s&rsquo;offre \u00e0 vous sur les routes de la r\u00e9gion de Johto! Suivez Or, un jeune Dresseur arrogant et s\u00fbr de lui \u00e0 la poursuite d&rsquo;Argent, un myst\u00e9rieux voleur de Pok\u00e9mon! Un nouveau manga in\u00e9dit bas\u00e9 sur les c\u00e9l\u00e8bres jeux Pok\u00e9mon version Or et Pok\u00e9mon version Argent!<\/p>\n","protected":false},"featured_media":11978,"comment_status":"open","ping_status":"closed","template":"","meta":{"inline_featured_image":false},"product_cat":[203,204,205],"product_tag":[],"class_list":{"0":"post-11977","1":"product","2":"type-product","3":"status-publish","4":"has-post-thumbnail","6":"product_cat-adolescente","7":"product_cat-francais","8":"product_cat-enfant-adolescente-francais","10":"first","11":"instock","12":"shipping-taxable","13":"purchasable","14":"product-type-simple"},"_links":{"self":[{"href":"https:\/\/baralivres.ma\/index.php?rest_route=\/wp\/v2\/product\/11977","targetHints":{"allow":["GET"]}}],"collection":[{"href":"https:\/\/baralivres.ma\/index.php?rest_route=\/wp\/v2\/product"}],"about":[{"href":"https:\/\/baralivres.ma\/index.php?rest_route=\/wp\/v2\/types\/product"}],"replies":[{"embeddable":true,"href":"https:\/\/baralivres.ma\/index.php?rest_route=%2Fwp%2Fv2%2Fcomments&post=11977"}],"version-history":[{"count":1,"href":"https:\/\/baralivres.ma\/index.php?rest_route=\/wp\/v2\/product\/11977\/revisions"}],"predecessor-version":[{"id":11979,"href":"https:\/\/baralivres.ma\/index.php?rest_route=\/wp\/v2\/product\/11977\/revisions\/11979"}],"wp:featuredmedia":[{"embeddable":true,"href":"https:\/\/baralivres.ma\/index.php?rest_route=\/wp\/v2\/media\/11978"}],"wp:attachment":[{"href":"https:\/\/baralivres.ma\/index.php?rest_route=%2Fwp%2Fv2%2Fmedia&parent=11977"}],"wp:term":[{"taxonomy":"product_cat","embeddable":true,"href":"https:\/\/baralivres.ma\/index.php?rest_route=%2Fwp%2Fv2%2Fproduct_cat&post=11977"},{"taxonomy":"product_tag","embeddable":true,"href":"https:\/\/baralivres.ma\/index.php?rest_route=%2Fwp%2Fv2%2Fproduct_tag&post=11977"}],"curies":[{"name":"wp","href":"https:\/\/api.w.org\/{rel}","templated":true}]}}