{"id":11974,"date":"2023-09-02T12:44:29","date_gmt":"2023-09-02T11:44:29","guid":{"rendered":"https:\/\/baralivres.ma\/?post_type=product&#038;p=11974"},"modified":"2023-09-02T12:44:30","modified_gmt":"2023-09-02T11:44:30","slug":"pokemon-la-grande-aventure-rubis-et-saphir-tome-1","status":"publish","type":"product","link":"https:\/\/baralivres.ma\/?product=pokemon-la-grande-aventure-rubis-et-saphir-tome-1","title":{"rendered":"Pokemon la grande aventure Rubis et Saphir Tome 1"},"content":{"rendered":"<p>Rubis vient d&#8217;emm\u00e9nager dans la r\u00e9gion de Hoenn et compte bien assouvir sa passion pour les Concours Pok\u00e9mon ! Mais ce n&rsquo;est pas du go\u00fbt de son p\u00e8re, un s\u00e9v\u00e8re Champion d&rsquo;Ar\u00e8ne qui pr\u00e9f\u00e9rerait le voir s&rsquo;entra\u00eener au combat. Rubis va fuguer et faire la connaissance de Saphir, une jeune fille au caract\u00e8re bien tremp\u00e9 qui ambitionne de remporter tous les Badges de la r\u00e9gion. Les deux jeunes gens vont se lancer un d\u00e9fi : r\u00e9aliser leurs r\u00eaves en quatre-vingts jours !<\/p>\n","protected":false},"excerpt":{"rendered":"<p>Rubis vient d&#8217;emm\u00e9nager dans la r\u00e9gion de Hoenn et compte bien assouvir sa passion pour les Concours Pok\u00e9mon ! Mais ce n&rsquo;est pas du go\u00fbt de son p\u00e8re, un s\u00e9v\u00e8re Champion d&rsquo;Ar\u00e8ne qui pr\u00e9f\u00e9rerait le voir s&rsquo;entra\u00eener au combat. Rubis va fuguer et faire la connaissance de Saphir, une jeune fille au caract\u00e8re bien tremp\u00e9 qui ambitionne de remporter tous les Badges de la r\u00e9gion. Les deux jeunes gens vont se lancer un d\u00e9fi : r\u00e9aliser leurs r\u00eaves en quatre-vingts jours !<\/p>\n","protected":false},"featured_media":11975,"comment_status":"open","ping_status":"closed","template":"","meta":{"inline_featured_image":false},"product_cat":[203,204,205],"product_tag":[],"class_list":{"0":"post-11974","1":"product","2":"type-product","3":"status-publish","4":"has-post-thumbnail","6":"product_cat-adolescente","7":"product_cat-francais","8":"product_cat-enfant-adolescente-francais","10":"first","11":"instock","12":"shipping-taxable","13":"purchasable","14":"product-type-simple"},"_links":{"self":[{"href":"https:\/\/baralivres.ma\/index.php?rest_route=\/wp\/v2\/product\/11974","targetHints":{"allow":["GET"]}}],"collection":[{"href":"https:\/\/baralivres.ma\/index.php?rest_route=\/wp\/v2\/product"}],"about":[{"href":"https:\/\/baralivres.ma\/index.php?rest_route=\/wp\/v2\/types\/product"}],"replies":[{"embeddable":true,"href":"https:\/\/baralivres.ma\/index.php?rest_route=%2Fwp%2Fv2%2Fcomments&post=11974"}],"version-history":[{"count":1,"href":"https:\/\/baralivres.ma\/index.php?rest_route=\/wp\/v2\/product\/11974\/revisions"}],"predecessor-version":[{"id":11976,"href":"https:\/\/baralivres.ma\/index.php?rest_route=\/wp\/v2\/product\/11974\/revisions\/11976"}],"wp:featuredmedia":[{"embeddable":true,"href":"https:\/\/baralivres.ma\/index.php?rest_route=\/wp\/v2\/media\/11975"}],"wp:attachment":[{"href":"https:\/\/baralivres.ma\/index.php?rest_route=%2Fwp%2Fv2%2Fmedia&parent=11974"}],"wp:term":[{"taxonomy":"product_cat","embeddable":true,"href":"https:\/\/baralivres.ma\/index.php?rest_route=%2Fwp%2Fv2%2Fproduct_cat&post=11974"},{"taxonomy":"product_tag","embeddable":true,"href":"https:\/\/baralivres.ma\/index.php?rest_route=%2Fwp%2Fv2%2Fproduct_tag&post=11974"}],"curies":[{"name":"wp","href":"https:\/\/api.w.org\/{rel}","templated":true}]}}