{"id":11971,"date":"2023-09-02T12:42:19","date_gmt":"2023-09-02T11:42:19","guid":{"rendered":"https:\/\/baralivres.ma\/?post_type=product&#038;p=11971"},"modified":"2023-09-02T12:42:19","modified_gmt":"2023-09-02T11:42:19","slug":"pokemon-la-grande-aventure-rubis-et-saphir-tome-3","status":"publish","type":"product","link":"https:\/\/baralivres.ma\/?product=pokemon-la-grande-aventure-rubis-et-saphir-tome-3","title":{"rendered":"Pokemon la grande aventure Rubis et Saphir Tome 3"},"content":{"rendered":"<p>La r\u00e9gion de Hoenn doit faire face \u00e0 un terrible danger avec le r\u00e9veil des deux Pok\u00e9mon l\u00e9gendaires, Gourdon et Kyogre. Rubis et Saphir doivent surmonter leurs diff\u00e9rences s&rsquo;ils veulent avoir une chance de contrecarrer les plans des Team Aqua et Team Magma. Dernier tome de la s\u00e9rie.<\/p>\n","protected":false},"excerpt":{"rendered":"<p>La r\u00e9gion de Hoenn doit faire face \u00e0 un terrible danger avec le r\u00e9veil des deux Pok\u00e9mon l\u00e9gendaires, Gourdon et Kyogre. Rubis et Saphir doivent surmonter leurs diff\u00e9rences s&rsquo;ils veulent avoir une chance de contrecarrer les plans des Team Aqua et Team Magma. Dernier tome de la s\u00e9rie.<\/p>\n","protected":false},"featured_media":11972,"comment_status":"open","ping_status":"closed","template":"","meta":{"inline_featured_image":false},"product_cat":[203,204,205],"product_tag":[],"class_list":{"0":"post-11971","1":"product","2":"type-product","3":"status-publish","4":"has-post-thumbnail","6":"product_cat-adolescente","7":"product_cat-francais","8":"product_cat-enfant-adolescente-francais","10":"first","11":"instock","12":"shipping-taxable","13":"purchasable","14":"product-type-simple"},"_links":{"self":[{"href":"https:\/\/baralivres.ma\/index.php?rest_route=\/wp\/v2\/product\/11971","targetHints":{"allow":["GET"]}}],"collection":[{"href":"https:\/\/baralivres.ma\/index.php?rest_route=\/wp\/v2\/product"}],"about":[{"href":"https:\/\/baralivres.ma\/index.php?rest_route=\/wp\/v2\/types\/product"}],"replies":[{"embeddable":true,"href":"https:\/\/baralivres.ma\/index.php?rest_route=%2Fwp%2Fv2%2Fcomments&post=11971"}],"version-history":[{"count":1,"href":"https:\/\/baralivres.ma\/index.php?rest_route=\/wp\/v2\/product\/11971\/revisions"}],"predecessor-version":[{"id":11973,"href":"https:\/\/baralivres.ma\/index.php?rest_route=\/wp\/v2\/product\/11971\/revisions\/11973"}],"wp:featuredmedia":[{"embeddable":true,"href":"https:\/\/baralivres.ma\/index.php?rest_route=\/wp\/v2\/media\/11972"}],"wp:attachment":[{"href":"https:\/\/baralivres.ma\/index.php?rest_route=%2Fwp%2Fv2%2Fmedia&parent=11971"}],"wp:term":[{"taxonomy":"product_cat","embeddable":true,"href":"https:\/\/baralivres.ma\/index.php?rest_route=%2Fwp%2Fv2%2Fproduct_cat&post=11971"},{"taxonomy":"product_tag","embeddable":true,"href":"https:\/\/baralivres.ma\/index.php?rest_route=%2Fwp%2Fv2%2Fproduct_tag&post=11971"}],"curies":[{"name":"wp","href":"https:\/\/api.w.org\/{rel}","templated":true}]}}