{"id":11968,"date":"2023-09-02T12:40:35","date_gmt":"2023-09-02T11:40:35","guid":{"rendered":"https:\/\/baralivres.ma\/?post_type=product&#038;p=11968"},"modified":"2023-09-02T12:40:35","modified_gmt":"2023-09-02T11:40:35","slug":"pokemon-la-grande-aventure-tome-2","status":"publish","type":"product","link":"https:\/\/baralivres.ma\/?product=pokemon-la-grande-aventure-tome-2","title":{"rendered":"Pok\u00e9mon la grande aventure Tome 2"},"content":{"rendered":"<p>Rouge est persuad\u00e9 d&rsquo;avoir d\u00e9jouer pour de bon les plans de la Team Rocket avec l&rsquo;aide de ses amis. Toujours d\u00e9cid\u00e9 \u00e0 compl\u00e9ter le pok\u00e9dex que lui a confi\u00e9 le professeur Chen, il repart sur les routes accompagn\u00e9 de ses pok\u00e9mons. Mais il est loin de ses douter des dangers qui l&rsquo;attendent&#8230;<\/p>\n","protected":false},"excerpt":{"rendered":"<p>Rouge est persuad\u00e9 d&rsquo;avoir d\u00e9jouer pour de bon les plans de la Team Rocket avec l&rsquo;aide de ses amis. Toujours d\u00e9cid\u00e9 \u00e0 compl\u00e9ter le pok\u00e9dex que lui a confi\u00e9 le professeur Chen, il repart sur les routes accompagn\u00e9 de ses pok\u00e9mons. Mais il est loin de ses douter des dangers qui l&rsquo;attendent&#8230;<\/p>\n","protected":false},"featured_media":11969,"comment_status":"open","ping_status":"closed","template":"","meta":{"inline_featured_image":false},"product_cat":[203,205],"product_tag":[],"class_list":{"0":"post-11968","1":"product","2":"type-product","3":"status-publish","4":"has-post-thumbnail","6":"product_cat-adolescente","7":"product_cat-enfant-adolescente-francais","9":"first","10":"instock","11":"shipping-taxable","12":"purchasable","13":"product-type-simple"},"_links":{"self":[{"href":"https:\/\/baralivres.ma\/index.php?rest_route=\/wp\/v2\/product\/11968","targetHints":{"allow":["GET"]}}],"collection":[{"href":"https:\/\/baralivres.ma\/index.php?rest_route=\/wp\/v2\/product"}],"about":[{"href":"https:\/\/baralivres.ma\/index.php?rest_route=\/wp\/v2\/types\/product"}],"replies":[{"embeddable":true,"href":"https:\/\/baralivres.ma\/index.php?rest_route=%2Fwp%2Fv2%2Fcomments&post=11968"}],"version-history":[{"count":1,"href":"https:\/\/baralivres.ma\/index.php?rest_route=\/wp\/v2\/product\/11968\/revisions"}],"predecessor-version":[{"id":11970,"href":"https:\/\/baralivres.ma\/index.php?rest_route=\/wp\/v2\/product\/11968\/revisions\/11970"}],"wp:featuredmedia":[{"embeddable":true,"href":"https:\/\/baralivres.ma\/index.php?rest_route=\/wp\/v2\/media\/11969"}],"wp:attachment":[{"href":"https:\/\/baralivres.ma\/index.php?rest_route=%2Fwp%2Fv2%2Fmedia&parent=11968"}],"wp:term":[{"taxonomy":"product_cat","embeddable":true,"href":"https:\/\/baralivres.ma\/index.php?rest_route=%2Fwp%2Fv2%2Fproduct_cat&post=11968"},{"taxonomy":"product_tag","embeddable":true,"href":"https:\/\/baralivres.ma\/index.php?rest_route=%2Fwp%2Fv2%2Fproduct_tag&post=11968"}],"curies":[{"name":"wp","href":"https:\/\/api.w.org\/{rel}","templated":true}]}}