{"id":11965,"date":"2023-09-02T12:38:54","date_gmt":"2023-09-02T11:38:54","guid":{"rendered":"https:\/\/baralivres.ma\/?post_type=product&#038;p=11965"},"modified":"2023-09-02T12:38:54","modified_gmt":"2023-09-02T11:38:54","slug":"pokemon-la-grande-aventure-tome-1-2","status":"publish","type":"product","link":"https:\/\/baralivres.ma\/?product=pokemon-la-grande-aventure-tome-1-2","title":{"rendered":"Pok\u00e9mon la grande aventure Tome 1"},"content":{"rendered":"<p>Rouge est un jeune gar\u00e7on plein d&rsquo;ambition et de fougue. Sa plus grande fiert\u00e9 : \u00eatre consid\u00e9r\u00e9 comme le meilleur Dresseur de Pok\u00e9mon des environs de Bourg Palette ! Le Professeur Chen va le convaincre de partir \u00e0 la d\u00e9couverte de nouveaux Pok\u00e9mon pour compl\u00e9ter l&rsquo;encyclop\u00e9die les r\u00e9pertoriant : le fameux Pok\u00e9dex ! Rejoignez Rouge dans sa qu\u00eate et d\u00e9couvrez la grande aventure par laquelle tout a commenc\u00e9 !<\/p>\n","protected":false},"excerpt":{"rendered":"<p>Rouge est un jeune gar\u00e7on plein d&rsquo;ambition et de fougue. Sa plus grande fiert\u00e9 : \u00eatre consid\u00e9r\u00e9 comme le meilleur Dresseur de Pok\u00e9mon des environs de Bourg Palette ! Le Professeur Chen va le convaincre de partir \u00e0 la d\u00e9couverte de nouveaux Pok\u00e9mon pour compl\u00e9ter l&rsquo;encyclop\u00e9die les r\u00e9pertoriant : le fameux Pok\u00e9dex ! Rejoignez Rouge dans sa qu\u00eate et d\u00e9couvrez la grande aventure par laquelle tout a commenc\u00e9 !<\/p>\n","protected":false},"featured_media":11966,"comment_status":"open","ping_status":"closed","template":"","meta":{"inline_featured_image":false},"product_cat":[203,204,205],"product_tag":[],"class_list":{"0":"post-11965","1":"product","2":"type-product","3":"status-publish","4":"has-post-thumbnail","6":"product_cat-adolescente","7":"product_cat-francais","8":"product_cat-enfant-adolescente-francais","10":"first","11":"instock","12":"shipping-taxable","13":"purchasable","14":"product-type-simple"},"_links":{"self":[{"href":"https:\/\/baralivres.ma\/index.php?rest_route=\/wp\/v2\/product\/11965","targetHints":{"allow":["GET"]}}],"collection":[{"href":"https:\/\/baralivres.ma\/index.php?rest_route=\/wp\/v2\/product"}],"about":[{"href":"https:\/\/baralivres.ma\/index.php?rest_route=\/wp\/v2\/types\/product"}],"replies":[{"embeddable":true,"href":"https:\/\/baralivres.ma\/index.php?rest_route=%2Fwp%2Fv2%2Fcomments&post=11965"}],"version-history":[{"count":1,"href":"https:\/\/baralivres.ma\/index.php?rest_route=\/wp\/v2\/product\/11965\/revisions"}],"predecessor-version":[{"id":11967,"href":"https:\/\/baralivres.ma\/index.php?rest_route=\/wp\/v2\/product\/11965\/revisions\/11967"}],"wp:featuredmedia":[{"embeddable":true,"href":"https:\/\/baralivres.ma\/index.php?rest_route=\/wp\/v2\/media\/11966"}],"wp:attachment":[{"href":"https:\/\/baralivres.ma\/index.php?rest_route=%2Fwp%2Fv2%2Fmedia&parent=11965"}],"wp:term":[{"taxonomy":"product_cat","embeddable":true,"href":"https:\/\/baralivres.ma\/index.php?rest_route=%2Fwp%2Fv2%2Fproduct_cat&post=11965"},{"taxonomy":"product_tag","embeddable":true,"href":"https:\/\/baralivres.ma\/index.php?rest_route=%2Fwp%2Fv2%2Fproduct_tag&post=11965"}],"curies":[{"name":"wp","href":"https:\/\/api.w.org\/{rel}","templated":true}]}}