{"id":11962,"date":"2023-09-02T12:37:26","date_gmt":"2023-09-02T11:37:26","guid":{"rendered":"https:\/\/baralivres.ma\/?post_type=product&#038;p=11962"},"modified":"2023-09-02T12:37:27","modified_gmt":"2023-09-02T11:37:27","slug":"pokemon-la-grande-aventure-or-et-argent-tome-2","status":"publish","type":"product","link":"https:\/\/baralivres.ma\/?product=pokemon-la-grande-aventure-or-et-argent-tome-2","title":{"rendered":"Pok\u00e9mon la grande aventure, or et argent Tome 2"},"content":{"rendered":"<p>Alors que Or et Argent sont aux prises avec le myst\u00e9rieux homme masqu\u00e9, voil\u00e0 qu&rsquo;une nouvelle Dresseuse part \u00e0 l&rsquo;aventure ! Il s&rsquo;agit de Cristal, envoy\u00e9e par le Professeur Chen afin de compl\u00e9ter le Pok\u00e9dex ! Un nouveau manga in\u00e9dit bas\u00e9 sur les c\u00e9l\u00e8bres jeux Pok\u00e9mon version Or, Pok\u00e9mon version Argent et d\u00e9sormais Pok\u00e9mon version Cristal !<\/p>\n","protected":false},"excerpt":{"rendered":"<p>Alors que Or et Argent sont aux prises avec le myst\u00e9rieux homme masqu\u00e9, voil\u00e0 qu&rsquo;une nouvelle Dresseuse part \u00e0 l&rsquo;aventure ! Il s&rsquo;agit de Cristal, envoy\u00e9e par le Professeur Chen afin de compl\u00e9ter le Pok\u00e9dex ! Un nouveau manga in\u00e9dit bas\u00e9 sur les c\u00e9l\u00e8bres jeux Pok\u00e9mon version Or, Pok\u00e9mon version Argent et d\u00e9sormais Pok\u00e9mon version Cristal !<\/p>\n","protected":false},"featured_media":11963,"comment_status":"open","ping_status":"closed","template":"","meta":{"inline_featured_image":false},"product_cat":[203,204,205],"product_tag":[],"class_list":{"0":"post-11962","1":"product","2":"type-product","3":"status-publish","4":"has-post-thumbnail","6":"product_cat-adolescente","7":"product_cat-francais","8":"product_cat-enfant-adolescente-francais","10":"first","11":"instock","12":"shipping-taxable","13":"purchasable","14":"product-type-simple"},"_links":{"self":[{"href":"https:\/\/baralivres.ma\/index.php?rest_route=\/wp\/v2\/product\/11962","targetHints":{"allow":["GET"]}}],"collection":[{"href":"https:\/\/baralivres.ma\/index.php?rest_route=\/wp\/v2\/product"}],"about":[{"href":"https:\/\/baralivres.ma\/index.php?rest_route=\/wp\/v2\/types\/product"}],"replies":[{"embeddable":true,"href":"https:\/\/baralivres.ma\/index.php?rest_route=%2Fwp%2Fv2%2Fcomments&post=11962"}],"version-history":[{"count":1,"href":"https:\/\/baralivres.ma\/index.php?rest_route=\/wp\/v2\/product\/11962\/revisions"}],"predecessor-version":[{"id":11964,"href":"https:\/\/baralivres.ma\/index.php?rest_route=\/wp\/v2\/product\/11962\/revisions\/11964"}],"wp:featuredmedia":[{"embeddable":true,"href":"https:\/\/baralivres.ma\/index.php?rest_route=\/wp\/v2\/media\/11963"}],"wp:attachment":[{"href":"https:\/\/baralivres.ma\/index.php?rest_route=%2Fwp%2Fv2%2Fmedia&parent=11962"}],"wp:term":[{"taxonomy":"product_cat","embeddable":true,"href":"https:\/\/baralivres.ma\/index.php?rest_route=%2Fwp%2Fv2%2Fproduct_cat&post=11962"},{"taxonomy":"product_tag","embeddable":true,"href":"https:\/\/baralivres.ma\/index.php?rest_route=%2Fwp%2Fv2%2Fproduct_tag&post=11962"}],"curies":[{"name":"wp","href":"https:\/\/api.w.org\/{rel}","templated":true}]}}