{"id":11959,"date":"2023-09-02T12:36:03","date_gmt":"2023-09-02T11:36:03","guid":{"rendered":"https:\/\/baralivres.ma\/?post_type=product&#038;p=11959"},"modified":"2023-09-02T12:36:03","modified_gmt":"2023-09-02T11:36:03","slug":"pokemon-la-grande-aventure-or-et-argent-tome-3","status":"publish","type":"product","link":"https:\/\/baralivres.ma\/?product=pokemon-la-grande-aventure-or-et-argent-tome-3","title":{"rendered":"Pok\u00e9mon la grande aventure, or et argent Tome 3"},"content":{"rendered":"<div class=\"fp-wide--block--header\">\n<h2 class=\"primary-title\"><\/h2>\n<\/div>\n<div class=\"content\">La ligue Pok\u00e9mon est sur le point de d\u00e9buter ! Mais l&rsquo;homme masqu\u00e9 aid\u00e9 par la Team Rocket compte bien g\u00e2cher la f\u00eate ! Or, Argent et Cristal r\u00e9ussiront-ils \u00e0 contrecarrer ses sombres desseins ?! Voici le dernier tome de cette aventure in\u00e9dite bas\u00e9e sur les c\u00e9l\u00e8bres jeux Pok\u00e9mon version Or et Pok\u00e9mon version Argent !<\/div>\n","protected":false},"excerpt":{"rendered":"<div class=\"fp-wide--block--header\">\n<h2 class=\"primary-title\"><\/h2>\n<\/div>\n<div class=\"content\">La ligue Pok\u00e9mon est sur le point de d\u00e9buter ! Mais l&rsquo;homme masqu\u00e9 aid\u00e9 par la Team Rocket compte bien g\u00e2cher la f\u00eate ! Or, Argent et Cristal r\u00e9ussiront-ils \u00e0 contrecarrer ses sombres desseins ?! Voici le dernier tome de cette aventure in\u00e9dite bas\u00e9e sur les c\u00e9l\u00e8bres jeux Pok\u00e9mon version Or et Pok\u00e9mon version Argent !<\/div>\n","protected":false},"featured_media":11960,"comment_status":"open","ping_status":"closed","template":"","meta":{"inline_featured_image":false},"product_cat":[203,204,205],"product_tag":[],"class_list":{"0":"post-11959","1":"product","2":"type-product","3":"status-publish","4":"has-post-thumbnail","6":"product_cat-adolescente","7":"product_cat-francais","8":"product_cat-enfant-adolescente-francais","10":"first","11":"instock","12":"shipping-taxable","13":"purchasable","14":"product-type-simple"},"_links":{"self":[{"href":"https:\/\/baralivres.ma\/index.php?rest_route=\/wp\/v2\/product\/11959","targetHints":{"allow":["GET"]}}],"collection":[{"href":"https:\/\/baralivres.ma\/index.php?rest_route=\/wp\/v2\/product"}],"about":[{"href":"https:\/\/baralivres.ma\/index.php?rest_route=\/wp\/v2\/types\/product"}],"replies":[{"embeddable":true,"href":"https:\/\/baralivres.ma\/index.php?rest_route=%2Fwp%2Fv2%2Fcomments&post=11959"}],"version-history":[{"count":1,"href":"https:\/\/baralivres.ma\/index.php?rest_route=\/wp\/v2\/product\/11959\/revisions"}],"predecessor-version":[{"id":11961,"href":"https:\/\/baralivres.ma\/index.php?rest_route=\/wp\/v2\/product\/11959\/revisions\/11961"}],"wp:featuredmedia":[{"embeddable":true,"href":"https:\/\/baralivres.ma\/index.php?rest_route=\/wp\/v2\/media\/11960"}],"wp:attachment":[{"href":"https:\/\/baralivres.ma\/index.php?rest_route=%2Fwp%2Fv2%2Fmedia&parent=11959"}],"wp:term":[{"taxonomy":"product_cat","embeddable":true,"href":"https:\/\/baralivres.ma\/index.php?rest_route=%2Fwp%2Fv2%2Fproduct_cat&post=11959"},{"taxonomy":"product_tag","embeddable":true,"href":"https:\/\/baralivres.ma\/index.php?rest_route=%2Fwp%2Fv2%2Fproduct_tag&post=11959"}],"curies":[{"name":"wp","href":"https:\/\/api.w.org\/{rel}","templated":true}]}}