{"id":11953,"date":"2023-09-02T12:32:37","date_gmt":"2023-09-02T11:32:37","guid":{"rendered":"https:\/\/baralivres.ma\/?post_type=product&#038;p=11953"},"modified":"2023-09-02T12:32:37","modified_gmt":"2023-09-02T11:32:37","slug":"fullmetal-alchemist-vii-tomes-14-15","status":"publish","type":"product","link":"https:\/\/baralivres.ma\/?product=fullmetal-alchemist-vii-tomes-14-15","title":{"rendered":"Fullmetal Alchemist VII (tomes 14-15)"},"content":{"rendered":"<p>La lutte contre les homonculi s&rsquo;intensifie ! Apr\u00e8s un combat sans merci, Edward et Lin se sont fait aval\u00e9s par Gluttony. Ils d\u00e9couvrent dans son gigantesque estomac de nombreux \u00e9l\u00e9ments concernant le complot organis\u00e9 par les homonculi et la v\u00e9ritable apparence de Envy. Ils arrivent \u00e0 s&rsquo;extraire de la panse du monstre, mais tombent nez \u00e0 nez avec un myst\u00e9rieux personnage qui ressemble trait pour trait \u00e0 Van Hohenheim. De son c\u00f4t\u00e9, le colonel Roy Mustang se fait prendre \u00e0 son propre pi\u00e8ge en tentant de compromettre le pr\u00e9sident King Bradley.<\/p>\n","protected":false},"excerpt":{"rendered":"<p>La lutte contre les homonculi s&rsquo;intensifie ! Apr\u00e8s un combat sans merci, Edward et Lin se sont fait aval\u00e9s par Gluttony. Ils d\u00e9couvrent dans son gigantesque estomac de nombreux \u00e9l\u00e9ments concernant le complot organis\u00e9 par les homonculi et la v\u00e9ritable apparence de Envy. Ils arrivent \u00e0 s&rsquo;extraire de la panse du monstre, mais tombent nez \u00e0 nez avec un myst\u00e9rieux personnage qui ressemble trait pour trait \u00e0 Van Hohenheim. De son c\u00f4t\u00e9, le colonel Roy Mustang se fait prendre \u00e0 son propre pi\u00e8ge en tentant de compromettre le pr\u00e9sident King Bradley.<\/p>\n","protected":false},"featured_media":11954,"comment_status":"open","ping_status":"closed","template":"","meta":{"inline_featured_image":false},"product_cat":[203,204,205],"product_tag":[],"class_list":{"0":"post-11953","1":"product","2":"type-product","3":"status-publish","4":"has-post-thumbnail","6":"product_cat-adolescente","7":"product_cat-francais","8":"product_cat-enfant-adolescente-francais","10":"first","11":"instock","12":"shipping-taxable","13":"purchasable","14":"product-type-simple"},"_links":{"self":[{"href":"https:\/\/baralivres.ma\/index.php?rest_route=\/wp\/v2\/product\/11953","targetHints":{"allow":["GET"]}}],"collection":[{"href":"https:\/\/baralivres.ma\/index.php?rest_route=\/wp\/v2\/product"}],"about":[{"href":"https:\/\/baralivres.ma\/index.php?rest_route=\/wp\/v2\/types\/product"}],"replies":[{"embeddable":true,"href":"https:\/\/baralivres.ma\/index.php?rest_route=%2Fwp%2Fv2%2Fcomments&post=11953"}],"version-history":[{"count":1,"href":"https:\/\/baralivres.ma\/index.php?rest_route=\/wp\/v2\/product\/11953\/revisions"}],"predecessor-version":[{"id":11955,"href":"https:\/\/baralivres.ma\/index.php?rest_route=\/wp\/v2\/product\/11953\/revisions\/11955"}],"wp:featuredmedia":[{"embeddable":true,"href":"https:\/\/baralivres.ma\/index.php?rest_route=\/wp\/v2\/media\/11954"}],"wp:attachment":[{"href":"https:\/\/baralivres.ma\/index.php?rest_route=%2Fwp%2Fv2%2Fmedia&parent=11953"}],"wp:term":[{"taxonomy":"product_cat","embeddable":true,"href":"https:\/\/baralivres.ma\/index.php?rest_route=%2Fwp%2Fv2%2Fproduct_cat&post=11953"},{"taxonomy":"product_tag","embeddable":true,"href":"https:\/\/baralivres.ma\/index.php?rest_route=%2Fwp%2Fv2%2Fproduct_tag&post=11953"}],"curies":[{"name":"wp","href":"https:\/\/api.w.org\/{rel}","templated":true}]}}