{"id":11950,"date":"2023-09-02T12:30:57","date_gmt":"2023-09-02T11:30:57","guid":{"rendered":"https:\/\/baralivres.ma\/?post_type=product&#038;p=11950"},"modified":"2023-09-02T12:30:57","modified_gmt":"2023-09-02T11:30:57","slug":"fullmetal-alchemist-ix-tomes-18-19","status":"publish","type":"product","link":"https:\/\/baralivres.ma\/?product=fullmetal-alchemist-ix-tomes-18-19","title":{"rendered":"Fullmetal Alchemist IX (tomes 18-19)"},"content":{"rendered":"<p>Edward et Alphonse Elric sont plus que jamais au c\u0153ur d&rsquo;un complot aux implications d\u00e9passant l&rsquo;imagination. Apr\u00e8s s&rsquo;\u00eatre rendu dans le Nord afin d&rsquo;enqu\u00eater sur les myst\u00e8res de l&rsquo;\u00e9lixirologie, ils doivent faire face aux luttes d&rsquo;influence qui gangr\u00e8nent les plus hautes instances de l&rsquo;arm\u00e9e. Nos deux fr\u00e8res vont devoir affronter le machiav\u00e9lique Kimblee, alchimiste fanatique qui est pr\u00eat \u00e0 tout pour arriver \u00e0 ses fins. La jeune May, accompagn\u00e9e du docteur Marcoh, se rend elle aussi aussi dans les montagnes de Briggs afin de r\u00e9cup\u00e9rer les recherches du fr\u00e8re de Scar. Ces notes pourraient bien constituer la seule solution permettant de lutter efficacement contre les homonculi&#8230;<\/p>\n<p>Les r\u00e9v\u00e9lations se succ\u00e8dent \u00e0 un rythme effr\u00e9n\u00e9 dans ce nouveau tome de Fullmetal Alchemist ! Edward et Alphonse Elric continuent leur combat dans le Nord du pays contre le machiav\u00e9lique alchimiste \u00e9carlate Solf J. Kimblee. La lutte est brutale, ce dernier profitant du pouvoir que lui conf\u00e8re la pierre philosophale pour tout d\u00e9truire sur son passage. Pendant ce temps \u00e0 Central City, les homonculi ourdissent leurs sombres complots dans les sous-sols de la ville. Leur \u00a0\u00bb p\u00e8re \u00a0\u00bb est en proie au tourment. C&rsquo;est l&rsquo;occasion d&rsquo;en apprendre un peu plus sur les \u00e9v\u00e8nements qui se sont d\u00e9roul\u00e9s lors de la chute de la l\u00e9gendaire cit\u00e9 de Xerxes.<\/p>\n","protected":false},"excerpt":{"rendered":"<p>Les r\u00e9v\u00e9lations se succ\u00e8dent \u00e0 un rythme effr\u00e9n\u00e9 dans ce nouveau tome de Fullmetal Alchemist ! Edward et Alphonse Elric continuent leur combat dans le Nord du pays contre le machiav\u00e9lique alchimiste \u00e9carlate Solf J. Kimblee. La lutte est brutale, ce dernier profitant du pouvoir que lui conf\u00e8re la pierre philosophale pour tout d\u00e9truire sur son passage. Pendant ce temps \u00e0 Central City, les homonculi ourdissent leurs sombres complots dans les sous-sols de la ville. Leur \u00a0\u00bb p\u00e8re \u00a0\u00bb est en proie au tourment. C&rsquo;est l&rsquo;occasion d&rsquo;en apprendre un peu plus sur les \u00e9v\u00e8nements qui se sont d\u00e9roul\u00e9s lors de la chute de la l\u00e9gendaire cit\u00e9 de Xerxes.<\/p>\n","protected":false},"featured_media":11951,"comment_status":"open","ping_status":"closed","template":"","meta":{"inline_featured_image":false},"product_cat":[203,204,205],"product_tag":[],"class_list":{"0":"post-11950","1":"product","2":"type-product","3":"status-publish","4":"has-post-thumbnail","6":"product_cat-adolescente","7":"product_cat-francais","8":"product_cat-enfant-adolescente-francais","10":"first","11":"instock","12":"shipping-taxable","13":"purchasable","14":"product-type-simple"},"_links":{"self":[{"href":"https:\/\/baralivres.ma\/index.php?rest_route=\/wp\/v2\/product\/11950","targetHints":{"allow":["GET"]}}],"collection":[{"href":"https:\/\/baralivres.ma\/index.php?rest_route=\/wp\/v2\/product"}],"about":[{"href":"https:\/\/baralivres.ma\/index.php?rest_route=\/wp\/v2\/types\/product"}],"replies":[{"embeddable":true,"href":"https:\/\/baralivres.ma\/index.php?rest_route=%2Fwp%2Fv2%2Fcomments&post=11950"}],"version-history":[{"count":1,"href":"https:\/\/baralivres.ma\/index.php?rest_route=\/wp\/v2\/product\/11950\/revisions"}],"predecessor-version":[{"id":11952,"href":"https:\/\/baralivres.ma\/index.php?rest_route=\/wp\/v2\/product\/11950\/revisions\/11952"}],"wp:featuredmedia":[{"embeddable":true,"href":"https:\/\/baralivres.ma\/index.php?rest_route=\/wp\/v2\/media\/11951"}],"wp:attachment":[{"href":"https:\/\/baralivres.ma\/index.php?rest_route=%2Fwp%2Fv2%2Fmedia&parent=11950"}],"wp:term":[{"taxonomy":"product_cat","embeddable":true,"href":"https:\/\/baralivres.ma\/index.php?rest_route=%2Fwp%2Fv2%2Fproduct_cat&post=11950"},{"taxonomy":"product_tag","embeddable":true,"href":"https:\/\/baralivres.ma\/index.php?rest_route=%2Fwp%2Fv2%2Fproduct_tag&post=11950"}],"curies":[{"name":"wp","href":"https:\/\/api.w.org\/{rel}","templated":true}]}}