{"id":11947,"date":"2023-09-02T12:28:38","date_gmt":"2023-09-02T11:28:38","guid":{"rendered":"https:\/\/baralivres.ma\/?post_type=product&#038;p=11947"},"modified":"2023-09-02T12:28:38","modified_gmt":"2023-09-02T11:28:38","slug":"fullmetal-alchemist-tome-22-23","status":"publish","type":"product","link":"https:\/\/baralivres.ma\/?product=fullmetal-alchemist-tome-22-23","title":{"rendered":"Fullmetal Alchemist Tome 22-23"},"content":{"rendered":"<p>Avec son subtil m\u00e9lange d&rsquo;action, d&rsquo;humour, de suspense et de trag\u00e9die, Fullmetal Alchemist est le titre incontournable pour toute mangath\u00e8que. Cette s\u00e9rie culte est d\u00e9sormais disponible en \u00e9dition omnibus. Une occasion unique de partir \u00e0 l&rsquo;aventure aux c\u00f4t\u00e9s des fr\u00e8res Elric pour ceux qui ne connaissent pas encore ce manga de l\u00e9gende ! Tome XI (volumes 22-23) &#8211; parution trimestrielle.<\/p>\n","protected":false},"excerpt":{"rendered":"<p>Avec son subtil m\u00e9lange d&rsquo;action, d&rsquo;humour, de suspense et de trag\u00e9die, Fullmetal Alchemist est le titre incontournable pour toute mangath\u00e8que. Cette s\u00e9rie culte est d\u00e9sormais disponible en \u00e9dition omnibus. Une occasion unique de partir \u00e0 l&rsquo;aventure aux c\u00f4t\u00e9s des fr\u00e8res Elric pour ceux qui ne connaissent pas encore ce manga de l\u00e9gende ! Tome XI (volumes 22-23) &#8211; parution trimestrielle.<\/p>\n","protected":false},"featured_media":11948,"comment_status":"open","ping_status":"closed","template":"","meta":{"inline_featured_image":false},"product_cat":[203,204,205],"product_tag":[],"class_list":{"0":"post-11947","1":"product","2":"type-product","3":"status-publish","4":"has-post-thumbnail","6":"product_cat-adolescente","7":"product_cat-francais","8":"product_cat-enfant-adolescente-francais","10":"first","11":"instock","12":"shipping-taxable","13":"purchasable","14":"product-type-simple"},"_links":{"self":[{"href":"https:\/\/baralivres.ma\/index.php?rest_route=\/wp\/v2\/product\/11947","targetHints":{"allow":["GET"]}}],"collection":[{"href":"https:\/\/baralivres.ma\/index.php?rest_route=\/wp\/v2\/product"}],"about":[{"href":"https:\/\/baralivres.ma\/index.php?rest_route=\/wp\/v2\/types\/product"}],"replies":[{"embeddable":true,"href":"https:\/\/baralivres.ma\/index.php?rest_route=%2Fwp%2Fv2%2Fcomments&post=11947"}],"version-history":[{"count":1,"href":"https:\/\/baralivres.ma\/index.php?rest_route=\/wp\/v2\/product\/11947\/revisions"}],"predecessor-version":[{"id":11949,"href":"https:\/\/baralivres.ma\/index.php?rest_route=\/wp\/v2\/product\/11947\/revisions\/11949"}],"wp:featuredmedia":[{"embeddable":true,"href":"https:\/\/baralivres.ma\/index.php?rest_route=\/wp\/v2\/media\/11948"}],"wp:attachment":[{"href":"https:\/\/baralivres.ma\/index.php?rest_route=%2Fwp%2Fv2%2Fmedia&parent=11947"}],"wp:term":[{"taxonomy":"product_cat","embeddable":true,"href":"https:\/\/baralivres.ma\/index.php?rest_route=%2Fwp%2Fv2%2Fproduct_cat&post=11947"},{"taxonomy":"product_tag","embeddable":true,"href":"https:\/\/baralivres.ma\/index.php?rest_route=%2Fwp%2Fv2%2Fproduct_tag&post=11947"}],"curies":[{"name":"wp","href":"https:\/\/api.w.org\/{rel}","templated":true}]}}