{"id":11944,"date":"2023-09-02T12:27:24","date_gmt":"2023-09-02T11:27:24","guid":{"rendered":"https:\/\/baralivres.ma\/?post_type=product&#038;p=11944"},"modified":"2023-09-02T12:27:25","modified_gmt":"2023-09-02T11:27:25","slug":"fullmetal-alchemist-tomes-8-9","status":"publish","type":"product","link":"https:\/\/baralivres.ma\/?product=fullmetal-alchemist-tomes-8-9","title":{"rendered":"Fullmetal Alchemist Tomes 8-9"},"content":{"rendered":"<p>Avec son subtil m\u00e9lange d&rsquo;action, d&rsquo;humour, de suspense et de trag\u00e9die Fullmetal Alchemist est le titre incontournable pour toute mangath\u00e8que ! Alors qu&rsquo;Edward s&rsquo;absente pendant quelques jours pour passer son examen annuel d&rsquo;alchimiste d&rsquo;Etat, Alphonse se fait prendre en otage par le terrible gang du Devil&rsquo;s Nest. Leur leader, Greed, veut percer le secret du jeune fr\u00e8re Elric afin d&rsquo;obtenir la vie \u00e9ternelle.<\/p>\n<p>Il faudra l&rsquo;intervention d&rsquo;Edward mais surtout celle du pr\u00e9sident King Bradley en personne pour venir en aide \u00e0 Alphonse. Pourquoi l&rsquo;homme le plus important du pays a-t-il pris tant de risques ? Quels myst\u00e8res se cachent derri\u00e8re la marque de l&rsquo;Ouroboros ? Qui sont ces \u00e9tranges visiteurs venus du pays de Xing ? L&rsquo;aventure des fr\u00e8res Elric continue avec la d\u00e9couverte des secrets renferm\u00e9s par le corps de Barry le boucher.<\/p>\n","protected":false},"excerpt":{"rendered":"<p>Il faudra l&rsquo;intervention d&rsquo;Edward mais surtout celle du pr\u00e9sident King Bradley en personne pour venir en aide \u00e0 Alphonse. Pourquoi l&rsquo;homme le plus important du pays a-t-il pris tant de risques ? Quels myst\u00e8res se cachent derri\u00e8re la marque de l&rsquo;Ouroboros ? Qui sont ces \u00e9tranges visiteurs venus du pays de Xing ? L&rsquo;aventure des fr\u00e8res Elric continue avec la d\u00e9couverte des secrets renferm\u00e9s par le corps de Barry le boucher.<\/p>\n","protected":false},"featured_media":11945,"comment_status":"open","ping_status":"closed","template":"","meta":{"inline_featured_image":false},"product_cat":[203,204,205],"product_tag":[],"class_list":{"0":"post-11944","1":"product","2":"type-product","3":"status-publish","4":"has-post-thumbnail","6":"product_cat-adolescente","7":"product_cat-francais","8":"product_cat-enfant-adolescente-francais","10":"first","11":"instock","12":"shipping-taxable","13":"purchasable","14":"product-type-simple"},"_links":{"self":[{"href":"https:\/\/baralivres.ma\/index.php?rest_route=\/wp\/v2\/product\/11944","targetHints":{"allow":["GET"]}}],"collection":[{"href":"https:\/\/baralivres.ma\/index.php?rest_route=\/wp\/v2\/product"}],"about":[{"href":"https:\/\/baralivres.ma\/index.php?rest_route=\/wp\/v2\/types\/product"}],"replies":[{"embeddable":true,"href":"https:\/\/baralivres.ma\/index.php?rest_route=%2Fwp%2Fv2%2Fcomments&post=11944"}],"version-history":[{"count":1,"href":"https:\/\/baralivres.ma\/index.php?rest_route=\/wp\/v2\/product\/11944\/revisions"}],"predecessor-version":[{"id":11946,"href":"https:\/\/baralivres.ma\/index.php?rest_route=\/wp\/v2\/product\/11944\/revisions\/11946"}],"wp:featuredmedia":[{"embeddable":true,"href":"https:\/\/baralivres.ma\/index.php?rest_route=\/wp\/v2\/media\/11945"}],"wp:attachment":[{"href":"https:\/\/baralivres.ma\/index.php?rest_route=%2Fwp%2Fv2%2Fmedia&parent=11944"}],"wp:term":[{"taxonomy":"product_cat","embeddable":true,"href":"https:\/\/baralivres.ma\/index.php?rest_route=%2Fwp%2Fv2%2Fproduct_cat&post=11944"},{"taxonomy":"product_tag","embeddable":true,"href":"https:\/\/baralivres.ma\/index.php?rest_route=%2Fwp%2Fv2%2Fproduct_tag&post=11944"}],"curies":[{"name":"wp","href":"https:\/\/api.w.org\/{rel}","templated":true}]}}