{"id":11941,"date":"2023-09-02T12:25:38","date_gmt":"2023-09-02T11:25:38","guid":{"rendered":"https:\/\/baralivres.ma\/?post_type=product&#038;p=11941"},"modified":"2023-09-02T12:25:39","modified_gmt":"2023-09-02T11:25:39","slug":"fullmetal-alchemist-tomes-24-25","status":"publish","type":"product","link":"https:\/\/baralivres.ma\/?product=fullmetal-alchemist-tomes-24-25","title":{"rendered":"Fullmetal Alchemist Tomes 24-25"},"content":{"rendered":"<p>Avec son subtil m\u00e9lange d&rsquo;action, d&rsquo;humour, de suspense et de trag\u00e9die, Fullmetal Alchemist est le titre incontournable pour toute mangath\u00e8que ! Les hostilit\u00e9s sont engag\u00e9es \u00e0 Central City ! Les troupes de Briggs sont lanc\u00e9es dans une lutte sans merci pour le contr\u00f4le du quartier g\u00e9n\u00e9ral alors qu&rsquo;Edward Elric et le colonel Mustang s&rsquo;enfoncent de plus en plus profond\u00e9ment dans le rep\u00e8re du myst\u00e9rieux P\u00e8re.<br \/>\nLe combat est loin d&rsquo;\u00eatre gagn\u00e9 car les homonculi sont pr\u00eats \u00e0 tout sacrifier pour mener \u00e0 bien leur terrible plan. Apr\u00e8s tant de combats, de joie et de larmes, le \u00a0\u00bb jour promis \u00a0\u00bb est enfin arriv\u00e9. Alors qu&rsquo;ils jettent leurs derni\u00e8res forces dans la bataille, Edward, Alphonse et leur ma\u00eetre Izumi Curtis sont rattrap\u00e9s par leur destin. Ayant transgress\u00e9 le tabou absolu de l&rsquo;alchimie en tentant de faire revivre un \u00eatre disparu, ils vont devoir assumer leurs erreurs pass\u00e9es et faire face au plus terrifiant des adversaires.<br \/>\n&#8211; Prix de la nouveaut\u00e9 du Prix culturel Osamu Tezuka en 2011 &#8211; Elu \u00a0\u00bb Manga Ultime, celui \u00e0 ne pas louper s&rsquo;il ne fallait en lire qu&rsquo;un \u00a0\u00bb et 2e \u00a0\u00bb Manga qui \u00e9veille votre \u00e2me d&rsquo;aventurier \u00a0\u00bb &#8211; Mangaverstival &#8211; 2010 &#8211; Elu meilleur sh\u00f4nen par les internautes &#8211; manga-news. com &#8211; 2009 &#8211; Prix du meilleur manga &#8211; Polymanga &#8211; 2009 &#8211; Elu meilleur sh\u00f4nen &#8211; AnimeLand &#8211; 2007 &#8211; Prix Sh\u00f4gakukan cat\u00e9gorie sh\u00f4nen &#8211; 2003<\/p>\n","protected":false},"excerpt":{"rendered":"<p>Le combat est loin d&rsquo;\u00eatre gagn\u00e9 car les homonculi sont pr\u00eats \u00e0 tout sacrifier pour mener \u00e0 bien leur terrible plan. Apr\u00e8s tant de combats, de joie et de larmes, le \u00a0\u00bb jour promis \u00a0\u00bb est enfin arriv\u00e9. Alors qu&rsquo;ils jettent leurs derni\u00e8res forces dans la bataille, Edward, Alphonse et leur ma\u00eetre Izumi Curtis sont rattrap\u00e9s par leur destin. Ayant transgress\u00e9 le tabou absolu de l&rsquo;alchimie en tentant de faire revivre un \u00eatre disparu, ils vont devoir assumer leurs erreurs pass\u00e9es et faire face au plus terrifiant des adversaires.<br \/>\n&#8211; Prix de la nouveaut\u00e9 du Prix culturel Osamu Tezuka en 2011 &#8211; Elu \u00a0\u00bb Manga Ultime, celui \u00e0 ne pas louper s&rsquo;il ne fallait en lire qu&rsquo;un \u00a0\u00bb et 2e \u00a0\u00bb Manga qui \u00e9veille votre \u00e2me d&rsquo;aventurier \u00a0\u00bb &#8211; Mangaverstival &#8211; 2010 &#8211; Elu meilleur sh\u00f4nen par les internautes &#8211; manga-news. com &#8211; 2009 &#8211; Prix du meilleur manga &#8211; Polymanga &#8211; 2009 &#8211; Elu meilleur sh\u00f4nen &#8211; AnimeLand &#8211; 2007 &#8211; Prix Sh\u00f4gakukan cat\u00e9gorie sh\u00f4nen &#8211; 2003<\/p>\n","protected":false},"featured_media":11942,"comment_status":"open","ping_status":"closed","template":"","meta":{"inline_featured_image":false},"product_cat":[203,204,205],"product_tag":[],"class_list":{"0":"post-11941","1":"product","2":"type-product","3":"status-publish","4":"has-post-thumbnail","6":"product_cat-adolescente","7":"product_cat-francais","8":"product_cat-enfant-adolescente-francais","10":"first","11":"instock","12":"shipping-taxable","13":"purchasable","14":"product-type-simple"},"_links":{"self":[{"href":"https:\/\/baralivres.ma\/index.php?rest_route=\/wp\/v2\/product\/11941","targetHints":{"allow":["GET"]}}],"collection":[{"href":"https:\/\/baralivres.ma\/index.php?rest_route=\/wp\/v2\/product"}],"about":[{"href":"https:\/\/baralivres.ma\/index.php?rest_route=\/wp\/v2\/types\/product"}],"replies":[{"embeddable":true,"href":"https:\/\/baralivres.ma\/index.php?rest_route=%2Fwp%2Fv2%2Fcomments&post=11941"}],"version-history":[{"count":1,"href":"https:\/\/baralivres.ma\/index.php?rest_route=\/wp\/v2\/product\/11941\/revisions"}],"predecessor-version":[{"id":11943,"href":"https:\/\/baralivres.ma\/index.php?rest_route=\/wp\/v2\/product\/11941\/revisions\/11943"}],"wp:featuredmedia":[{"embeddable":true,"href":"https:\/\/baralivres.ma\/index.php?rest_route=\/wp\/v2\/media\/11942"}],"wp:attachment":[{"href":"https:\/\/baralivres.ma\/index.php?rest_route=%2Fwp%2Fv2%2Fmedia&parent=11941"}],"wp:term":[{"taxonomy":"product_cat","embeddable":true,"href":"https:\/\/baralivres.ma\/index.php?rest_route=%2Fwp%2Fv2%2Fproduct_cat&post=11941"},{"taxonomy":"product_tag","embeddable":true,"href":"https:\/\/baralivres.ma\/index.php?rest_route=%2Fwp%2Fv2%2Fproduct_tag&post=11941"}],"curies":[{"name":"wp","href":"https:\/\/api.w.org\/{rel}","templated":true}]}}