{"id":11935,"date":"2023-09-02T12:22:51","date_gmt":"2023-09-02T11:22:51","guid":{"rendered":"https:\/\/baralivres.ma\/?post_type=product&#038;p=11935"},"modified":"2023-09-02T12:22:51","modified_gmt":"2023-09-02T11:22:51","slug":"fullmetal-alchemist-tome-20-21","status":"publish","type":"product","link":"https:\/\/baralivres.ma\/?product=fullmetal-alchemist-tome-20-21","title":{"rendered":"Fullmetal Alchemist Tome 20-21"},"content":{"rendered":"<p>Tome 20 : Suite au combat l&rsquo;opposant au redoutable Kimblee, Edward Elric est port\u00e9 disparu dans les entrailles des mines du nord. Son fr\u00e8re Alphonse a, quant \u00e0 lui, de plus en plus de mal \u00e0 maintenir le lien raccrochant son \u00e2me \u00e0 l&rsquo;armure qui lui sert de corps. Il rejoint le docteur Marcoh et l&rsquo;aide \u00e0 d\u00e9crypter les recherches du fr\u00e8re de Scar. Trahie par celui qu&rsquo;elle pensait \u00eatre son alli\u00e9, la garde rapproch\u00e9e du Docteur Marcoh est attaqu\u00e9e par Envy.<br \/>\nUn combat \u00e0 l&rsquo;issue surprenante s&rsquo;annonce contre le terrible homonculus. Tome 21: Le jour promis, le jour o\u00f9 un plan machiav\u00e9lique foment\u00e9 depuis des d\u00e9cennies entrera en action, le jour o\u00f9 un pays tout entier risque de dispara\u00eetre&#8230; Les fr\u00e8res Elric auront fort \u00e0 faire pour contrecarrer les plans des terribles Homonculus. Ils peuvent heureusement compter sur le soutien d&rsquo;alli\u00e9s de poids dans ce combat qui s&rsquo;annonce p\u00e9rilleux !<\/p>\n","protected":false},"excerpt":{"rendered":"<p>Un combat \u00e0 l&rsquo;issue surprenante s&rsquo;annonce contre le terrible homonculus. Tome 21: Le jour promis, le jour o\u00f9 un plan machiav\u00e9lique foment\u00e9 depuis des d\u00e9cennies entrera en action, le jour o\u00f9 un pays tout entier risque de dispara\u00eetre&#8230; Les fr\u00e8res Elric auront fort \u00e0 faire pour contrecarrer les plans des terribles Homonculus. Ils peuvent heureusement compter sur le soutien d&rsquo;alli\u00e9s de poids dans ce combat qui s&rsquo;annonce p\u00e9rilleux !<\/p>\n","protected":false},"featured_media":11936,"comment_status":"open","ping_status":"closed","template":"","meta":{"inline_featured_image":false},"product_cat":[203,204,205],"product_tag":[],"class_list":{"0":"post-11935","1":"product","2":"type-product","3":"status-publish","4":"has-post-thumbnail","6":"product_cat-adolescente","7":"product_cat-francais","8":"product_cat-enfant-adolescente-francais","10":"first","11":"instock","12":"shipping-taxable","13":"purchasable","14":"product-type-simple"},"_links":{"self":[{"href":"https:\/\/baralivres.ma\/index.php?rest_route=\/wp\/v2\/product\/11935","targetHints":{"allow":["GET"]}}],"collection":[{"href":"https:\/\/baralivres.ma\/index.php?rest_route=\/wp\/v2\/product"}],"about":[{"href":"https:\/\/baralivres.ma\/index.php?rest_route=\/wp\/v2\/types\/product"}],"replies":[{"embeddable":true,"href":"https:\/\/baralivres.ma\/index.php?rest_route=%2Fwp%2Fv2%2Fcomments&post=11935"}],"version-history":[{"count":1,"href":"https:\/\/baralivres.ma\/index.php?rest_route=\/wp\/v2\/product\/11935\/revisions"}],"predecessor-version":[{"id":11937,"href":"https:\/\/baralivres.ma\/index.php?rest_route=\/wp\/v2\/product\/11935\/revisions\/11937"}],"wp:featuredmedia":[{"embeddable":true,"href":"https:\/\/baralivres.ma\/index.php?rest_route=\/wp\/v2\/media\/11936"}],"wp:attachment":[{"href":"https:\/\/baralivres.ma\/index.php?rest_route=%2Fwp%2Fv2%2Fmedia&parent=11935"}],"wp:term":[{"taxonomy":"product_cat","embeddable":true,"href":"https:\/\/baralivres.ma\/index.php?rest_route=%2Fwp%2Fv2%2Fproduct_cat&post=11935"},{"taxonomy":"product_tag","embeddable":true,"href":"https:\/\/baralivres.ma\/index.php?rest_route=%2Fwp%2Fv2%2Fproduct_tag&post=11935"}],"curies":[{"name":"wp","href":"https:\/\/api.w.org\/{rel}","templated":true}]}}