{"id":11932,"date":"2023-09-02T12:21:25","date_gmt":"2023-09-02T11:21:25","guid":{"rendered":"https:\/\/baralivres.ma\/?post_type=product&#038;p=11932"},"modified":"2023-09-02T12:21:26","modified_gmt":"2023-09-02T11:21:26","slug":"fullmetal-alchemist-tomes-10-11","status":"publish","type":"product","link":"https:\/\/baralivres.ma\/?product=fullmetal-alchemist-tomes-10-11","title":{"rendered":"Fullmetal Alchemist Tomes 10-11"},"content":{"rendered":"<p>Dans la premi\u00e8re partie du volume, les fr\u00e8res Elric sont de retour \u00e0 Central City accompagn\u00e9s de Winry, leur amie d&rsquo;enfance, et de Lin, un myst\u00e9rieux visiteur en provenance de la lointaine contr\u00e9e de Xing. Ils d\u00e9couvrent avec douleur que la ville est le th\u00e9\u00e2tre d&rsquo;un complot terrible impliquant les plus hautes instances de l&rsquo;arm\u00e9e. Le colonel Mustang et son \u00e9quipe, au coeur de la tourmente, tentent de d\u00e9m\u00ealer le fil de la v\u00e9rit\u00e9 m\u00eame si, pour cela, ils risquent de tout perdre.<br \/>\nMilitaires ou Homonculus, qui restera en vie ?! Puis, apr\u00e8s avoir d\u00e9couvert les mille et une merveilles de la cit\u00e9 perdue de Xerxes, Edward est de retour dans son village natale de Resembool. Alors qu&rsquo;il se rend au cimeti\u00e8re de la petite bourgade, il y fait une rencontre inattendue qui l&rsquo;incitera \u00e0 en apprendre plus sur la transmutation de sa m\u00e8re\u2026 Pendant ce temps, \u00e0 Central City, Scar continue son jeu de massacre dans le rang des alchimistes d&rsquo;\u00e9tat.<br \/>\nLes homonculus, plus dangereux que jamais, sont bien d\u00e9cid\u00e9s \u00e0 mener \u00e0 terme leurs plans machiav\u00e9liques. Qui pourra enfin percer le secret de cette organisation myst\u00e9rieuse ? Les fr\u00e8res Elric vont-ils pouvoir retrouver leurs corps ? Et qui est cet \u00e9nigmatique individu qui se recueille sur la tombe de leur m\u00e8re ?<\/p>\n","protected":false},"excerpt":{"rendered":"<p>Militaires ou Homonculus, qui restera en vie ?! Puis, apr\u00e8s avoir d\u00e9couvert les mille et une merveilles de la cit\u00e9 perdue de Xerxes, Edward est de retour dans son village natale de Resembool. Alors qu&rsquo;il se rend au cimeti\u00e8re de la petite bourgade, il y fait une rencontre inattendue qui l&rsquo;incitera \u00e0 en apprendre plus sur la transmutation de sa m\u00e8re\u2026 Pendant ce temps, \u00e0 Central City, Scar continue son jeu de massacre dans le rang des alchimistes d&rsquo;\u00e9tat.<br \/>\nLes homonculus, plus dangereux que jamais, sont bien d\u00e9cid\u00e9s \u00e0 mener \u00e0 terme leurs plans machiav\u00e9liques. Qui pourra enfin percer le secret de cette organisation myst\u00e9rieuse ? Les fr\u00e8res Elric vont-ils pouvoir retrouver leurs corps ? Et qui est cet \u00e9nigmatique individu qui se recueille sur la tombe de leur m\u00e8re ?<\/p>\n","protected":false},"featured_media":11933,"comment_status":"open","ping_status":"closed","template":"","meta":{"inline_featured_image":false},"product_cat":[203,204,205],"product_tag":[],"class_list":{"0":"post-11932","1":"product","2":"type-product","3":"status-publish","4":"has-post-thumbnail","6":"product_cat-adolescente","7":"product_cat-francais","8":"product_cat-enfant-adolescente-francais","10":"first","11":"instock","12":"shipping-taxable","13":"purchasable","14":"product-type-simple"},"_links":{"self":[{"href":"https:\/\/baralivres.ma\/index.php?rest_route=\/wp\/v2\/product\/11932","targetHints":{"allow":["GET"]}}],"collection":[{"href":"https:\/\/baralivres.ma\/index.php?rest_route=\/wp\/v2\/product"}],"about":[{"href":"https:\/\/baralivres.ma\/index.php?rest_route=\/wp\/v2\/types\/product"}],"replies":[{"embeddable":true,"href":"https:\/\/baralivres.ma\/index.php?rest_route=%2Fwp%2Fv2%2Fcomments&post=11932"}],"version-history":[{"count":1,"href":"https:\/\/baralivres.ma\/index.php?rest_route=\/wp\/v2\/product\/11932\/revisions"}],"predecessor-version":[{"id":11934,"href":"https:\/\/baralivres.ma\/index.php?rest_route=\/wp\/v2\/product\/11932\/revisions\/11934"}],"wp:featuredmedia":[{"embeddable":true,"href":"https:\/\/baralivres.ma\/index.php?rest_route=\/wp\/v2\/media\/11933"}],"wp:attachment":[{"href":"https:\/\/baralivres.ma\/index.php?rest_route=%2Fwp%2Fv2%2Fmedia&parent=11932"}],"wp:term":[{"taxonomy":"product_cat","embeddable":true,"href":"https:\/\/baralivres.ma\/index.php?rest_route=%2Fwp%2Fv2%2Fproduct_cat&post=11932"},{"taxonomy":"product_tag","embeddable":true,"href":"https:\/\/baralivres.ma\/index.php?rest_route=%2Fwp%2Fv2%2Fproduct_tag&post=11932"}],"curies":[{"name":"wp","href":"https:\/\/api.w.org\/{rel}","templated":true}]}}