{"id":11926,"date":"2023-09-02T12:17:23","date_gmt":"2023-09-02T11:17:23","guid":{"rendered":"https:\/\/baralivres.ma\/?post_type=product&#038;p=11926"},"modified":"2023-09-02T12:17:23","modified_gmt":"2023-09-02T11:17:23","slug":"fullmetal-alchemist-tomes-6-7","status":"publish","type":"product","link":"https:\/\/baralivres.ma\/?product=fullmetal-alchemist-tomes-6-7","title":{"rendered":"Fullmetal Alchemist Tomes 6-7"},"content":{"rendered":"<p>Apr\u00e8s quelques p\u00e9rip\u00e9ties dans la r\u00e9gion de Rush Valley, Edward et Alphonse quittent leur amie Winry, qui veut se perfectionner en m\u00e9canique, pour continuer leur voyage vers le sud du pays. Toujours en qu\u00eate d\u2019informations concernant la transmutation humaine, nos deux alchimistes se rendent chez leur ma\u00eetre, la terrible Izumi Curtis. C\u2019est l\u2019occasion de se rem\u00e9morer les conditions de leur rencontre et le terrible entra\u00eenement qu\u2019elle leur a fait subir.<br \/>\nDe passage \u00e0 Dublith chez leur ma\u00eetre, les fr\u00e8res Elrics vont devoir faire face \u00e0 une myst\u00e9rieuse organisation compos\u00e9e d&rsquo;hommes aux pouvoirs sortants de l&rsquo;ordinaire. C&rsquo;est aussi l&rsquo;occasion de faire la connaissance de leur leader, le charismatique Greed qui s&rsquo;av\u00e8rera \u00eatre un adversaire de taille mais aussi d&rsquo;en apprendre un peu plus sur la face cach\u00e9e des hautes instances militaires d&rsquo;Amestris. La route vers la v\u00e9rit\u00e9 se d\u00e9gage peu \u00e0 peu&#8230;<\/p>\n<p>&nbsp;<\/p>\n","protected":false},"excerpt":{"rendered":"<p>De passage \u00e0 Dublith chez leur ma\u00eetre, les fr\u00e8res Elrics vont devoir faire face \u00e0 une myst\u00e9rieuse organisation compos\u00e9e d&rsquo;hommes aux pouvoirs sortants de l&rsquo;ordinaire. C&rsquo;est aussi l&rsquo;occasion de faire la connaissance de leur leader, le charismatique Greed qui s&rsquo;av\u00e8rera \u00eatre un adversaire de taille mais aussi d&rsquo;en apprendre un peu plus sur la face cach\u00e9e des hautes instances militaires d&rsquo;Amestris. La route vers la v\u00e9rit\u00e9 se d\u00e9gage peu \u00e0 peu&#8230;<\/p>\n","protected":false},"featured_media":11927,"comment_status":"open","ping_status":"closed","template":"","meta":{"inline_featured_image":false},"product_cat":[203,205],"product_tag":[],"class_list":{"0":"post-11926","1":"product","2":"type-product","3":"status-publish","4":"has-post-thumbnail","6":"product_cat-adolescente","7":"product_cat-enfant-adolescente-francais","9":"first","10":"instock","11":"shipping-taxable","12":"purchasable","13":"product-type-simple"},"_links":{"self":[{"href":"https:\/\/baralivres.ma\/index.php?rest_route=\/wp\/v2\/product\/11926","targetHints":{"allow":["GET"]}}],"collection":[{"href":"https:\/\/baralivres.ma\/index.php?rest_route=\/wp\/v2\/product"}],"about":[{"href":"https:\/\/baralivres.ma\/index.php?rest_route=\/wp\/v2\/types\/product"}],"replies":[{"embeddable":true,"href":"https:\/\/baralivres.ma\/index.php?rest_route=%2Fwp%2Fv2%2Fcomments&post=11926"}],"version-history":[{"count":1,"href":"https:\/\/baralivres.ma\/index.php?rest_route=\/wp\/v2\/product\/11926\/revisions"}],"predecessor-version":[{"id":11928,"href":"https:\/\/baralivres.ma\/index.php?rest_route=\/wp\/v2\/product\/11926\/revisions\/11928"}],"wp:featuredmedia":[{"embeddable":true,"href":"https:\/\/baralivres.ma\/index.php?rest_route=\/wp\/v2\/media\/11927"}],"wp:attachment":[{"href":"https:\/\/baralivres.ma\/index.php?rest_route=%2Fwp%2Fv2%2Fmedia&parent=11926"}],"wp:term":[{"taxonomy":"product_cat","embeddable":true,"href":"https:\/\/baralivres.ma\/index.php?rest_route=%2Fwp%2Fv2%2Fproduct_cat&post=11926"},{"taxonomy":"product_tag","embeddable":true,"href":"https:\/\/baralivres.ma\/index.php?rest_route=%2Fwp%2Fv2%2Fproduct_tag&post=11926"}],"curies":[{"name":"wp","href":"https:\/\/api.w.org\/{rel}","templated":true}]}}